{"id":9124,"date":"2020-05-12T10:54:27","date_gmt":"2020-05-12T08:54:27","guid":{"rendered":"https:\/\/ligawl.pl\/?page_id=9124"},"modified":"2020-05-12T11:19:18","modified_gmt":"2020-05-12T09:19:18","slug":"o-nas","status":"publish","type":"page","link":"https:\/\/ligawl.pl\/index.php\/o-nas\/","title":{"rendered":"O nas"},"content":{"rendered":"\n<h4 class=\"has-text-align-left wp-block-heading\">Rozgrywki amatorskiej ligi pi\u0142karskiej organizowanej przez Stowarzyszenie Wiara Lecha wystartowa\u0142y 6 listopada 2010 roku. Tego dnia odby\u0142y si\u0119 pierwsze mecze halowej edycji, kt\u00f3ra rozgrywana by\u0142a pod balonem ze sztuczn\u0105 nawierzchni\u0105 przy ulicy Za Cytadel\u0105. Do inauguracyjnej kampanii zg\u0142osi\u0142o si\u0119 20 zespo\u0142\u00f3w. <\/h4>\n\n\n\n<p>Utworzenie ligi pi\u0142karskiej przez Stowarzyszenie Wiara Lecha by\u0142o wynikiem du\u017cego zainteresowania turniejami, kt\u00f3re by\u0142y organizowane przez kibic\u00f3w Lecha Pozna\u0144. Pomys\u0142 projektu pod nazw\u0105 &#8222;Liga Kiboli&#8221; pojawi\u0142 si\u0119 w czerwcu 2010 roku. Zapisy do pierwszej edycji wystartowa\u0142y cztery miesi\u0105ce p\u00f3\u017aniej, a inauguracyjne pojedynki zosta\u0142y rozegrane 6 listopada 2010 roku. Po pi\u0119ciomiesi\u0119cznej rywalizacji wy\u0142oniony zosta\u0142 mistrz Ligi Kiboli (tak nazywa\u0142a si\u0119 WL Liga w pierwszej edycji). Zosta\u0142 nim FC Stili\u0107, kt\u00f3ry dzi\u0119ki lepszemu bilansowi bezpo\u015brednich pojedynk\u00f3w wyprzedzi\u0142 WM. Trzecie miejsce zaj\u0105\u0142 wielki faworyt rozgrywek &#8211; zesp\u00f3\u0142 gospodarzy, czyli Wiary Lecha. Opr\u00f3cz rozgrywek ligowych odby\u0142 si\u0119 tak\u017ce Puchar Ligi oraz wy\u0142oniony zosta\u0142 zwyci\u0119zca Superpucharu. Pucharowe zmagania wygra\u0142o EW, kt\u00f3re w finale pokona\u0142o Lechit\u0119.net 2:0. Na zako\u0144czenie rozgrywek odby\u0142 si\u0119 mecz Superpucharu. Mistrz &#8211; FC Stili\u0107 zremisowa\u0142 z EW 2:2, ale okaza\u0142 si\u0119 lepszy w serii rzut\u00f3w karnych i si\u0119gn\u0105\u0142 po drug\u0105 koron\u0119. <\/p>\n\n\n\n<p>Tydzie\u0144 po zako\u0144czeniu halowej edycji rozpocz\u0119\u0142y si\u0119 pierwsze w historii zmagania na otwartych boiskach. Zespo\u0142y rywalizowa\u0142y na trzech pozna\u0144skich orlikach &#8211; przy ulicy Droga D\u0119bi\u0144ska, przy ulicy \u017bonkilowej i na os. Boles\u0142awa Chrobrego. Rozgrywki zosta\u0142y podzielone na dwie ligi &#8211; WL Lig\u0119 (dru\u017cyny niezrzeszone w grupach kibicowskich) i Lig\u0119 Kiboli (dru\u017cyny zrzeszone w grupach kibicowskich). Po\u0142\u0105czy\u0142 je Puchar Ligi i Superpuchar. Pierwszymi mistrzami zostali &#8211; Wiara Lecha (na WL Lidze) i EW (w Lidze Kiboli). Reprezentanci stowarzyszenia zdobyli te\u017c puchar i superpuchar. <\/p>\n\n\n\n<p>Liga Kiboli przetrwa\u0142a jeszcze jesienne rozgrywki, kt\u00f3re wygra\u0142a Sekcja SSL po czym na wiosn\u0119 2012 roku zosta\u0142a wch\u0142oni\u0119ta przez WL Lig\u0119. W tym roku kampania halowa ostatni raz odby\u0142a si\u0119 pod balonem ze sztuczn\u0105 nawierzchni\u0105 i przenios\u0142a si\u0119 na parkiety hal &#8211; najpierw na os. Stare \u017begrze, a nast\u0119pnie na ulic\u0119 \u017bonkilow\u0105, gdzie rozgrywki trwaj\u0105 do dnia dzisiejszego. <\/p>\n\n\n\n<p>Przez kilka lat WL Liga sta\u0142a si\u0119 najwi\u0119ksz\u0105 amatorsk\u0105 lig\u0105 pi\u0142karsk\u0105 w Wielkopolsce. Do rozgrywek na otwartych boiskach zg\u0142asza si\u0119 regularnie ponad 50 zespo\u0142\u00f3w. <\/p>\n\n\n\n<p>W 2017 roku utworzona zosta\u0142a liga e-sportowa pod nazw\u0105 e-WL Liga, w kt\u00f3rej rywalizacja odbywa si\u0119 zespo\u0142owo (2 vs 2) i indywidualnie (1 vs 1). Mecze rozgrywane s\u0105 w o\u015brodku Kibice Razem-Lech Pozna\u0144, gdzie mie\u015bci si\u0119 tak\u017ce biuro WL Ligi. <\/p>\n\n\n\n<p>Stowarzyszenie Wiara Lecha opr\u00f3cz organizacji amatorskiej ligi zajmuje si\u0119 tak\u017ce organizacj\u0105 Dru\u017cyny Wiary Lecha (V liga), Duszyczek Wiary Lecha (ligi m\u0142odzie\u017cowe WZPN). Wa\u017cn\u0105 cz\u0119\u015bci sportowego \u017cycia WL jest tak\u017ce organizacja turniej\u00f3w patriotycznych, w tym dw\u00f3ch du\u017cych wydarze\u0144 jakimi niew\u0105tpliwie s\u0105 turnieje upami\u0119tniaj\u0105ce Powstanie Wielkopolskie i Pozna\u0144ski Czerwiec 1956. <\/p>\n","protected":false},"excerpt":{"rendered":"<p>Rozgrywki amatorskiej ligi pi\u0142karskiej organizowanej przez Stowarzyszenie Wiara Lecha wystartowa\u0142y 6 listopada 2010 roku. Tego dnia odby\u0142y si\u0119 pierwsze mecze halowej edycji, kt\u00f3ra rozgrywana by\u0142a pod balonem ze sztuczn\u0105 nawierzchni\u0105 przy ulicy Za Cytadel\u0105. Do inauguracyjnej kampanii zg\u0142osi\u0142o si\u0119 20 zespo\u0142\u00f3w. Utworzenie ligi pi\u0142karskiej przez Stowarzyszenie Wiara Lecha by\u0142o wynikiem du\u017cego zainteresowania turniejami, kt\u00f3re by\u0142y [&hellip;]<\/p>\n","protected":false},"author":2,"featured_media":0,"parent":0,"menu_order":0,"comment_status":"closed","ping_status":"closed","template":"","meta":{"footnotes":""},"class_list":["post-9124","page","type-page","status-publish","hentry"],"jetpack_sharing_enabled":true,"_links":{"self":[{"href":"https:\/\/ligawl.pl\/index.php\/wp-json\/wp\/v2\/pages\/9124","targetHints":{"allow":["GET"]}}],"collection":[{"href":"https:\/\/ligawl.pl\/index.php\/wp-json\/wp\/v2\/pages"}],"about":[{"href":"https:\/\/ligawl.pl\/index.php\/wp-json\/wp\/v2\/types\/page"}],"author":[{"embeddable":true,"href":"https:\/\/ligawl.pl\/index.php\/wp-json\/wp\/v2\/users\/2"}],"replies":[{"embeddable":true,"href":"https:\/\/ligawl.pl\/index.php\/wp-json\/wp\/v2\/comments?post=9124"}],"version-history":[{"count":3,"href":"https:\/\/ligawl.pl\/index.php\/wp-json\/wp\/v2\/pages\/9124\/revisions"}],"predecessor-version":[{"id":9130,"href":"https:\/\/ligawl.pl\/index.php\/wp-json\/wp\/v2\/pages\/9124\/revisions\/9130"}],"wp:attachment":[{"href":"https:\/\/ligawl.pl\/index.php\/wp-json\/wp\/v2\/media?parent=9124"}],"curies":[{"name":"wp","href":"https:\/\/api.w.org\/{rel}","templated":true}]}}