{"id":8831,"date":"2020-05-06T16:58:11","date_gmt":"2020-05-06T14:58:11","guid":{"rendered":"https:\/\/ligawl.pl\/?page_id=8831"},"modified":"2020-05-06T17:02:17","modified_gmt":"2020-05-06T15:02:17","slug":"baraz","status":"publish","type":"page","link":"https:\/\/ligawl.pl\/index.php\/wiosna-2012\/baraz\/","title":{"rendered":"Bara\u017c o 1. WL Lig\u0119"},"content":{"rendered":"\n<h1 class=\"has-text-align-center wp-block-heading\"><strong>FC STILI\u0106 v HUSARIA SZCZEPANKOWO<\/strong><\/h1>\n\n\n<div class=\"sportspress\"><div class=\"sp-section-content sp-section-content-logos\"><div class=\"sp-template sp-template-event-logos sp-template-event-logos-inline\"><div class=\"sp-event-logos sp-event-logos-2\"><span class=\"sp-team-logo\"><a href=\"https:\/\/ligawl.pl\/index.php\/clubs\/csk-ora\/\"><img loading=\"lazy\" decoding=\"async\" width=\"128\" height=\"96\" src=\"https:\/\/ligawl.pl\/wp-content\/uploads\/2020\/04\/stili\u0107-ver2-128x96.png\" class=\"attachment-sportspress-fit-icon size-sportspress-fit-icon wp-post-image\" alt=\"\" \/><\/a> <strong class=\"sp-team-result\">5<\/strong><\/span> \u2014 <span class=\"sp-team-logo\"><strong class=\"sp-team-result\">3<\/strong> <a href=\"https:\/\/ligawl.pl\/index.php\/clubs\/husaria-szczepankowo\/\"><img loading=\"lazy\" decoding=\"async\" width=\"128\" height=\"121\" src=\"https:\/\/ligawl.pl\/wp-content\/uploads\/2020\/04\/Husaria_Szczepankowo-128x121.jpg\" class=\"attachment-sportspress-fit-icon size-sportspress-fit-icon wp-post-image\" alt=\"\" \/><\/a><\/span><\/div><\/div><\/div><div class=\"sp-section-content sp-section-content-video\"><\/div><div class=\"sp-section-content sp-section-content-performance\">\t\t<div class=\"sp-event-performance-tables sp-event-performance-teams\">\n\t\t\t<div class=\"sp-template sp-template-event-performance sp-template-event-performance-icons\t\t\t\t\t\t\t\t\t\t\t\t\t\t\t\t\t\t\t\t\t\t\t   \">\n\t\t\t<h4 class=\"sp-table-caption\">FC \u0160tili\u0107<\/h4>\n\t\t<div class=\"sp-table-wrapper\">\n\t\t<table class=\"sp-event-performance sp-data-table\n\t\t\">\n\t\t\t<thead>\n\t\t\t\t<tr>\n\t\t\t\t\t\t\t\t\t<\/tr>\n\t\t\t<\/thead>\n\t\t\t\t\t\t\t<tbody>\n\t\t\t\t\t<tr class=\"lineup odd\"><td class=\"data-number\" data-label=\"#\"><\/td><td class=\"data-name\" data-label=\"Zawodnik\"><a href=\"https:\/\/ligawl.pl\/index.php\/Zawodnik\/tomasz-budzyski\/\">Tomasz Budzy\u0144ski<\/a><\/td><td class=\"sp-performance-icons\"><i class=\"sp-icon-soccerball\" title=\"Bramka\" style=\"color:#d6d5d5 !important\"><\/i> <\/td><\/tr><tr class=\"lineup even\"><td class=\"data-number\" data-label=\"#\"><\/td><td class=\"data-name\" data-label=\"Zawodnik\"><a href=\"https:\/\/ligawl.pl\/index.php\/Zawodnik\/bartosz-jurga\/\">Bartosz Jurga<\/a><\/td><td class=\"sp-performance-icons\"><\/td><\/tr><tr class=\"lineup odd\"><td class=\"data-number\" data-label=\"#\"><\/td><td class=\"data-name\" data-label=\"Zawodnik\"><a href=\"https:\/\/ligawl.pl\/index.php\/Zawodnik\/krzysztof-kalinowski\/\">Krzysztof Kalinowski<\/a><\/td><td class=\"sp-performance-icons\"><i class=\"sp-icon-soccerball\" title=\"Bramka\" style=\"color:#d6d5d5 !important\"><\/i> <\/td><\/tr><tr class=\"lineup even\"><td class=\"data-number\" data-label=\"#\"><\/td><td class=\"data-name\" data-label=\"Zawodnik\"><a href=\"https:\/\/ligawl.pl\/index.php\/Zawodnik\/pawe-marcinkowski\/\">Pawe\u0142 Marcinkowski<\/a><\/td><td class=\"sp-performance-icons\"><i class=\"sp-icon-soccerball\" title=\"Bramka\" style=\"color:#d6d5d5 !important\"><\/i> <\/td><\/tr><tr class=\"lineup odd\"><td class=\"data-number\" data-label=\"#\"><\/td><td class=\"data-name\" data-label=\"Zawodnik\"><a href=\"https:\/\/ligawl.pl\/index.php\/Zawodnik\/szymon-mrwka\/\">Szymon Mr\u00f3wka<\/a><\/td><td class=\"sp-performance-icons\"><i class=\"sp-icon-soccerball\" title=\"Bramka\" style=\"color:#d6d5d5 !important\"><\/i> <\/td><\/tr><tr class=\"lineup even\"><td class=\"data-number\" data-label=\"#\"><\/td><td class=\"data-name\" data-label=\"Zawodnik\"><a href=\"https:\/\/ligawl.pl\/index.php\/Zawodnik\/micha-sylwestrzak\/\">Micha\u0142 Sylwestrzak<\/a><\/td><td class=\"sp-performance-icons\"><i class=\"sp-icon-soccerball\" title=\"Bramka\" style=\"color:#d6d5d5 !important\"><\/i> <\/td><\/tr><tr class=\"lineup odd\"><td class=\"data-number\" data-label=\"#\"><\/td><td class=\"data-name\" data-label=\"Zawodnik\"><a href=\"https:\/\/ligawl.pl\/index.php\/Zawodnik\/krzysztof-szersze\/\">Krzysztof Szersze\u0144<\/a><\/td><td class=\"sp-performance-icons\"><\/td><\/tr><tr class=\"lineup even\"><td class=\"data-number\" data-label=\"#\"><\/td><td class=\"data-name\" data-label=\"Zawodnik\"><a href=\"https:\/\/ligawl.pl\/index.php\/Zawodnik\/rafa-sas\/\">Rafa\u0142 Sas<\/a><\/td><td class=\"sp-performance-icons\"><\/td><\/tr>\t\t\t\t<\/tbody>\n\t\t\t\t\t\t\t\t<\/table>\n\t\t\t<\/div>\n\t<\/div>\n<div class=\"sp-template sp-template-event-performance sp-template-event-performance-icons\t\t\t\t\t\t\t\t\t\t\t\t\t\t\t\t\t\t\t\t\t\t\t   \">\n\t\t\t<h4 class=\"sp-table-caption\">Husaria Szczepankowo<\/h4>\n\t\t<div class=\"sp-table-wrapper\">\n\t\t<table class=\"sp-event-performance sp-data-table\n\t\t\">\n\t\t\t<thead>\n\t\t\t\t<tr>\n\t\t\t\t\t\t\t\t\t<\/tr>\n\t\t\t<\/thead>\n\t\t\t\t\t\t\t<tbody>\n\t\t\t\t\t<tr class=\"lineup odd\"><td class=\"data-number\" data-label=\"#\"><\/td><td class=\"data-name\" data-label=\"Zawodnik\"><a href=\"https:\/\/ligawl.pl\/index.php\/Zawodnik\/micha-masztalski\/\">Micha\u0142 Masztalski<\/a><\/td><td class=\"sp-performance-icons\"><i class=\"sp-icon-soccerball\" title=\"Bramka\" style=\"color:#d6d5d5 !important\"><\/i> <i class=\"sp-icon-soccerball\" title=\"Bramka\" style=\"color:#d6d5d5 !important\"><\/i> <\/td><\/tr><tr class=\"lineup even\"><td class=\"data-number\" data-label=\"#\"><\/td><td class=\"data-name\" data-label=\"Zawodnik\"><a href=\"https:\/\/ligawl.pl\/index.php\/Zawodnik\/robert-pawlicki\/\">Robert Pawlicki<\/a><\/td><td class=\"sp-performance-icons\"><\/td><\/tr><tr class=\"lineup odd\"><td class=\"data-number\" data-label=\"#\"><\/td><td class=\"data-name\" data-label=\"Zawodnik\"><a href=\"https:\/\/ligawl.pl\/index.php\/Zawodnik\/lukasz-czajka\/\">\u0141ukasz Czajka<\/a><\/td><td class=\"sp-performance-icons\"><i class=\"sp-icon-soccerball\" title=\"Bramka\" style=\"color:#d6d5d5 !important\"><\/i> <\/td><\/tr>\t\t\t\t<\/tbody>\n\t\t\t\t\t\t\t\t<\/table>\n\t\t\t<\/div>\n\t<\/div>\t\t<\/div><!-- .sp-event-performance-tables -->\n\t\t<\/div><div class=\"sp-section-content sp-section-content-content\"><\/div><div class=\"sp-section-content sp-section-content-timeline\"><\/div><div class=\"sp-tab-group\"><ul class=\"sp-tab-menu\"><li class=\"sp-tab-menu-item sp-tab-menu-item-active\"><a href=\"#sp-tab-content-results\" data-sp-tab=\"results\">Wyniki<\/a><\/li><li class=\"sp-tab-menu-item\"><a href=\"#sp-tab-content-details\" data-sp-tab=\"details\">Szczeg\u00f3\u0142y<\/a><\/li><li class=\"sp-tab-menu-item\"><a href=\"#sp-tab-content-venue\" data-sp-tab=\"venue\">Miejsce spotkania<\/a><\/li><\/ul><div class=\"sp-tab-content sp-tab-content-results\" id=\"sp-tab-content-results\"><div class=\"sp-template sp-template-event-results\">\n\t<h4 class=\"sp-table-caption\">Wyniki<\/h4><div class=\"sp-table-wrapper\"><table class=\"sp-event-results sp-data-table sp-scrollable-table\"><thead><th class=\"data-name\">Klub<\/th><th class=\"data-goals\">Wynik meczu<\/th><th class=\"data-outcome\">Wynik<\/th><\/tr><\/thead><tbody><tr class=\"odd\"><td class=\"data-name\"><a href=\"https:\/\/ligawl.pl\/index.php\/clubs\/csk-ora\/\">FC \u0160tili\u0107<\/a><\/td><td class=\"data-goals\">5<\/td><td class=\"data-outcome\">Zwyci\u0119stwo<\/td><\/tr><tr class=\"even\"><td class=\"data-name\"><a href=\"https:\/\/ligawl.pl\/index.php\/clubs\/husaria-szczepankowo\/\">Husaria Szczepankowo<\/a><\/td><td class=\"data-goals\">3<\/td><td class=\"data-outcome\">Pora\u017cka<\/td><\/tr><\/tbody><\/table><\/div><\/div><\/div><div class=\"sp-tab-content sp-tab-content-details\" id=\"sp-tab-content-details\"><div class=\"sp-template sp-template-event-details\">\n\t<h4 class=\"sp-table-caption\">Szczeg\u00f3\u0142y<\/h4>\n\t<div class=\"sp-table-wrapper\">\n\t\t<table class=\"sp-event-details sp-data-table\n\t\t\t\t\t sp-scrollable-table\">\n\t\t\t<thead>\n\t\t\t\t<tr>\n\t\t\t\t\t\t\t\t\t\t\t<th>Data<\/th>\n\t\t\t\t\t\t\t\t\t\t\t\t<th>Czas<\/th>\n\t\t\t\t\t\t\t\t\t\t\t\t<th>Liga<\/th>\n\t\t\t\t\t\t\t\t\t\t\t\t<th>Sezon<\/th>\n\t\t\t\t\t\t\t\t\t\t\t\t<th>Kolejka<\/th>\n\t\t\t\t\t\t\t\t\t\t<\/tr>\n\t\t\t<\/thead>\n\t\t\t<tbody>\n\t\t\t\t<tr class=\"odd\">\n\t\t\t\t\t\t\t\t\t\t\t<td>17 czerwca 2012<\/td>\n\t\t\t\t\t\t\t\t\t\t\t\t<td>19:00<\/td>\n\t\t\t\t\t\t\t\t\t\t\t\t<td>Play-off<\/td>\n\t\t\t\t\t\t\t\t\t\t\t\t<td>Wiosna 2012<\/td>\n\t\t\t\t\t\t\t\t\t\t\t\t<td>Bara\u017c o 1. WL Lig\u0119 <\/td>\n\t\t\t\t\t\t\t\t\t\t<\/tr>\n\t\t\t<\/tbody>\n\t\t<\/table>\n\t<\/div>\n<\/div><\/div><div class=\"sp-tab-content sp-tab-content-venue\" id=\"sp-tab-content-venue\"><div class=\"sp-template sp-template-event-venue\">\n\t\t<h4 class=\"sp-table-caption\">Miejsce spotkania<\/h4>\n\t\t<table class=\"sp-data-table sp-event-venue\">\n\t\t\t<thead>\n\t\t\t\t<tr>\n\t\t\t\t\t<th><a href=\"https:\/\/ligawl.pl\/index.php\/Boisko\/mdk\/\">Boisko przy ulicy Droga D\u0119bi\u0144ska<\/a><\/th>\n\t\t\t\t<\/tr>\n\t\t\t<\/thead>\n\t\t\t\t\t\t\t<tbody>\n\t\t\t\t\t<tr class=\"sp-event-venue-map-row\">\n\t\t\t\t\t\t<td><\/td>\n\t\t\t\t\t<\/tr>\n\t\t\t\t\t\t\t\t\t\t\t<tr class=\"sp-event-venue-address-row\">\n\t\t\t\t\t\t\t<td>Ulica Droga D\u0119bi\u0144ska 21, Pozna\u0144<\/td>\n\t\t\t\t\t\t<\/tr>\n\t\t\t\t\t\t\t\t\t<\/tbody>\n\t\t\t\t\t<\/table>\n\t<\/div><\/div><\/div><\/div>\n","protected":false},"excerpt":{"rendered":"<p>FC STILI\u0106 v HUSARIA SZCZEPANKOWO<\/p>\n","protected":false},"author":2,"featured_media":0,"parent":8791,"menu_order":0,"comment_status":"closed","ping_status":"closed","template":"template-fullwidth.php","meta":{"footnotes":""},"class_list":["post-8831","page","type-page","status-publish","hentry"],"jetpack_sharing_enabled":true,"_links":{"self":[{"href":"https:\/\/ligawl.pl\/index.php\/wp-json\/wp\/v2\/pages\/8831","targetHints":{"allow":["GET"]}}],"collection":[{"href":"https:\/\/ligawl.pl\/index.php\/wp-json\/wp\/v2\/pages"}],"about":[{"href":"https:\/\/ligawl.pl\/index.php\/wp-json\/wp\/v2\/types\/page"}],"author":[{"embeddable":true,"href":"https:\/\/ligawl.pl\/index.php\/wp-json\/wp\/v2\/users\/2"}],"replies":[{"embeddable":true,"href":"https:\/\/ligawl.pl\/index.php\/wp-json\/wp\/v2\/comments?post=8831"}],"version-history":[{"count":6,"href":"https:\/\/ligawl.pl\/index.php\/wp-json\/wp\/v2\/pages\/8831\/revisions"}],"predecessor-version":[{"id":8839,"href":"https:\/\/ligawl.pl\/index.php\/wp-json\/wp\/v2\/pages\/8831\/revisions\/8839"}],"up":[{"embeddable":true,"href":"https:\/\/ligawl.pl\/index.php\/wp-json\/wp\/v2\/pages\/8791"}],"wp:attachment":[{"href":"https:\/\/ligawl.pl\/index.php\/wp-json\/wp\/v2\/media?parent=8831"}],"curies":[{"name":"wp","href":"https:\/\/api.w.org\/{rel}","templated":true}]}}