{"id":8653,"date":"2020-05-04T15:40:50","date_gmt":"2020-05-04T13:40:50","guid":{"rendered":"https:\/\/ligawl.pl\/?page_id=8653"},"modified":"2021-05-18T14:50:06","modified_gmt":"2021-05-18T12:50:06","slug":"system-rozgrywek","status":"publish","type":"page","link":"https:\/\/ligawl.pl\/index.php\/organizator\/system-rozgrywek\/","title":{"rendered":"System rozgrywek &#8211; Sezon Wiosna 2021"},"content":{"rendered":"\n<p class=\"has-text-align-center has-very-light-gray-color has-very-dark-gray-background-color has-text-color has-background has-large-font-size\"><strong>SEZON WIOSNA 2021<\/strong><\/p>\n\n\n\n<h2 class=\"has-very-dark-gray-color has-text-color wp-block-heading\"><strong>forBET 1. WL Liga<\/strong><\/h2>\n\n\n\n<p><strong>10 zespo\u0142\u00f3w<\/strong> zagra dwie rundy &#8211; zasadnicz\u0105 i fina\u0142ow\u0105. Po rozegraniu pierwszej rundy zespo\u0142y zostan\u0105 podzielone na dwie grupy &#8211; <strong>mistrzowsk\u0105<\/strong> i <strong>spadkow\u0105<\/strong>. W mistrzowskiej zagraj\u0105 zespo\u0142y z miejsc<strong> 1-5<\/strong>, w spadkowej&nbsp;<strong>6-10<\/strong>. Punkty i bramki z 1. rundy zostan\u0105 zachowane. W 2. rundzie w grupie mistrzowskiej i spadkowej zespo\u0142y zagraj\u0105 systemem ka\u017cdy z ka\u017cdym po jednym meczu.<\/p>\n\n\n\n<h2 class=\"wp-block-heading\"><strong>forBET 2. WL Liga<\/strong><\/h2>\n\n\n\n<h4 class=\"wp-block-heading\"><strong>1. runda<\/strong><\/h4>\n\n\n\n<p><strong>17 dru\u017cyn<\/strong> zosta\u0142o podzielonych wed\u0142ug zaj\u0119tych miejsc w poprzednim sezonie na <strong>jedn\u0105 9-zespo\u0142ow\u0105 i jedn\u0105 8-zespo\u0142ow\u0105<\/strong> grup\u0119. <\/p>\n\n\n\n<h4 class=\"wp-block-heading\"><strong>2. runda<\/strong><\/h4>\n\n\n\n<p>W fazie fina\u0142owej <strong>17 dru\u017cyn<\/strong>&nbsp;zostanie podzielonych, wed\u0142ug zaj\u0119tych miejsc w 1. rundzie na<strong> 8-zespo\u0142ow\u0105<\/strong> grup\u0119 <strong>mistrzowsk\u0105<\/strong> i <strong>9-zespo\u0142ow\u0105<\/strong> grup\u0119 <strong>spadkow\u0105<\/strong>. W grupach drugiej rundy ka\u017cdy zesp\u00f3\u0142 zagra z zespo\u0142em, z kt\u00f3rym nie gra\u0142 w 1. rundzie.&nbsp;<\/p>\n\n\n\n<p>Grupa <strong>mistrzowska<\/strong> \u2013 1-4. miejsce w grupie A i B (miejsca na zako\u0144czenie sezonu 1-8)<br>Grupa <strong>spadkowa<\/strong> \u2013 5-9. miejsce w grupie A i 5-8. miejsce w grupie B (9-17)<\/p>\n\n\n\n<p>Do punktacji grup w drugiej rundzie b\u0119dzie wliczany mecz z rywalem (punkty i bramki), z kt\u00f3rym awansowa\u0142o si\u0119 do grupy oraz po\u0142owa punkt\u00f3w zdobytych z dru\u017cynami, kt\u00f3re nie zagraj\u0105 w tej samej grupie (do podzia\u0142u punkt\u00f3w nie wlicza si\u0119 meczu z dru\u017cyn\u0105, z kt\u00f3r\u0105 awansowa\u0142o si\u0119 do grupy!; przyk\u0142ad dzielenia punkt\u00f3w &#8211; 18 punkt\u00f3w w 1. rundzie = 9 punkt\u00f3w w 2. rundzie; 19 punkt\u00f3w w 1. rundzie = 10 punkt\u00f3w w 2. rundzie). Zespo\u0142om z grupy A, kt\u00f3re awansuj\u0105 do grupy mistrzowskiej nie b\u0119dzie zaliczany do punktacji drugiej rundy mecz z ostatnim zespo\u0142em.<\/p>\n\n\n\n<h2 class=\"wp-block-heading\"><strong>forBET 3. WL Liga<\/strong><\/h2>\n\n\n\n<h4 class=\"wp-block-heading\">1. runda<\/h4>\n\n\n\n<p><strong>22 dru\u017cyny<\/strong> zosta\u0142y podzielone wed\u0142ug zaj\u0119tych miejsc w poprzednim sezonie na <strong>dwie<\/strong> <strong>11-zespo\u0142owe <\/strong>grupy. <\/p>\n\n\n\n<h4 class=\"wp-block-heading\"><strong>2. runda<\/strong><\/h4>\n\n\n\n<p>W fazie fina\u0142owej zespo\u0142y z miejsc 1-2. grupy A i B utworz\u0105 4-zespo\u0142ow\u0105 grup\u0119 mistrzowsk\u0105. Pozosta\u0142e zespo\u0142y (miejsca 3-10) zagraj\u0105 w grupach pocieszenia i (miejsca 11) w meczu o miejsce 21.\u00a0<strong>Zwyci\u0119zcy<\/strong> <strong>grup pocieszenia<\/strong> i <strong>meczu o 21. miejsce<\/strong> wezm\u0105 udzia\u0142 w <strong>Pucharze Wiary Lecha<\/strong>. <\/p>\n\n\n\n<p>Grupa <strong>mistrzowska<\/strong> \u2013 1-2. miejsce w grupie A i B <br>Grupa <strong>pocieszenia C2<\/strong> &#8211; 3-4. miejsce w grupie A i B<br>Grupa <strong>pocieszenia C3<\/strong> &#8211; 5-6. miejsce w grupie A i B<br>Grupa <strong>pocieszenia C4<\/strong> &#8211; 7-8. miejsce w grupie A i B<br>Grupa <strong>pocieszenia C5<\/strong> &#8211; 9-10. miejsce w grupie A i B<br><strong>Mecz o 21. miejsce<\/strong> &#8211; 11. miejsca w grupie A i B<\/p>\n\n\n\n<p>Do punktacji b\u0119dzie wliczany mecz z rywalem (punkty i bramki), z kt\u00f3rym awansowa\u0142o si\u0119 do grupy oraz po\u0142owa punkt\u00f3w zdobytych z dru\u017cynami, kt\u00f3re nie zagraj\u0105 w grupie mistrzowskiej (do podzia\u0142u punkt\u00f3w nie wlicza si\u0119 meczu z dru\u017cyn\u0105, z kt\u00f3r\u0105 awansowa\u0142o si\u0119 do grupy!; przyk\u0142ad dzielenia punkt\u00f3w &#8211; 18 punkt\u00f3w w 1. rundzie = 9 punkt\u00f3w w 2. rundzie; 19 punkt\u00f3w w 1. rundzie = 10 punkt\u00f3w w 2. rundzie). <\/p>\n\n\n\n<h2 class=\"wp-block-heading\"><strong>Awanse\/bara\u017ce\/spadki<\/strong><\/h2>\n\n\n\n<p><strong>Awans do 1. WL Ligi<\/strong>&nbsp;&#8211; 1-2. miejsce w grupie mistrzowskiej 2. WL Ligi;<br><strong>Awans do 2. WL Ligi<\/strong>&nbsp;&#8211; 1-3. miejsce w grupie mistrzowskiej 3. WL Ligi;<br><strong>Bara\u017c&nbsp;o 1. WL Lig\u0119<\/strong>&nbsp;&#8211; 3. miejsce w grupie mistrzowskiej 2. WL Ligi &#8211; 8. miejsce w 1. WL Lidze;<br><strong>Spadek do 2. WL Ligi<\/strong>&nbsp;&#8211; 9-10. miejsce w 1. WL Lidze;<br><strong>Spadek do 3. WL Ligi<\/strong>&nbsp;&#8211; 16-17. miejsce w grupie spadkowej 2. WL Ligi.<\/p>\n\n\n\n<h2 class=\"wp-block-heading\"><strong>Puchar forBET WL Ligi<\/strong><\/h2>\n\n\n\n<p>System gry w Pucharze WL Ligi zostanie ustalony po otrzymaniu informacji na temat liczby zespo\u0142\u00f3w, kt\u00f3re zadeklaruj\u0105 si\u0119 walczy\u0107 o to trofeum.<\/p>\n\n\n\n<h2 class=\"wp-block-heading\"><strong><strong>Superpuchar forBET WL Ligi<\/strong><\/strong><\/h2>\n\n\n\n<p>System gry w Superpucharze WL Ligi zostanie ustalony po zako\u0144czeniu sezonu Wiosna 2021. <\/p>\n\n\n\n<h2 class=\"wp-block-heading\"><strong>Puchar Wiary Lecha<\/strong><\/h2>\n\n\n\n<p>W TIFO Pucharze Wiary Lecha \u0142\u0105cznie zagra <strong>7 zespo\u0142\u00f3w<\/strong>: zwyci\u0119zca i wicemistrz grupy spadkowej 2. WL Ligi, 4 zwyci\u0119zc\u00f3w grup pocieszenia 3. WL Ligi oraz zwyci\u0119zca meczu o 21. miejsce w 3. WL Lidze, z kt\u00f3rych najlepszy wywalczy awans do Superpucharu WL Ligi.<\/p>\n\n\n\n<p><strong>Grupa A: <\/strong>1. miejsce grupy pocieszenia C4, 1. miejsce grupy pocieszenia C5, zwyci\u0119zca meczu o 21. miejsce w 3. WL Lidze<\/p>\n\n\n\n<p><strong>Grupa B: <\/strong>2. miejsce grupy spadkowej 2. WL Ligi, 1. miejsce grupy pocieszenia C2, 1A<br><strong>Grupa C<\/strong>: 1. miejsce grupy spadkowej 2. WL Ligi, 1. miejsce grupy pocieszenia C3, 2A<\/p>\n\n\n\n<p><strong>1\/2 fina\u0142u:<\/strong> 1A &#8211; 2B, 1B &#8211; 2A<\/p>\n","protected":false},"excerpt":{"rendered":"<p>SEZON WIOSNA 2021 forBET 1. WL Liga 10 zespo\u0142\u00f3w zagra dwie rundy &#8211; zasadnicz\u0105 i fina\u0142ow\u0105. Po rozegraniu pierwszej rundy zespo\u0142y zostan\u0105 podzielone na dwie grupy &#8211; mistrzowsk\u0105 i spadkow\u0105. W mistrzowskiej zagraj\u0105 zespo\u0142y z miejsc 1-5, w spadkowej&nbsp;6-10. Punkty i bramki z 1. rundy zostan\u0105 zachowane. W 2. rundzie w grupie mistrzowskiej i spadkowej [&hellip;]<\/p>\n","protected":false},"author":2,"featured_media":0,"parent":8666,"menu_order":0,"comment_status":"closed","ping_status":"closed","template":"","meta":{"footnotes":""},"class_list":["post-8653","page","type-page","status-publish","hentry"],"jetpack_sharing_enabled":true,"_links":{"self":[{"href":"https:\/\/ligawl.pl\/index.php\/wp-json\/wp\/v2\/pages\/8653","targetHints":{"allow":["GET"]}}],"collection":[{"href":"https:\/\/ligawl.pl\/index.php\/wp-json\/wp\/v2\/pages"}],"about":[{"href":"https:\/\/ligawl.pl\/index.php\/wp-json\/wp\/v2\/types\/page"}],"author":[{"embeddable":true,"href":"https:\/\/ligawl.pl\/index.php\/wp-json\/wp\/v2\/users\/2"}],"replies":[{"embeddable":true,"href":"https:\/\/ligawl.pl\/index.php\/wp-json\/wp\/v2\/comments?post=8653"}],"version-history":[{"count":32,"href":"https:\/\/ligawl.pl\/index.php\/wp-json\/wp\/v2\/pages\/8653\/revisions"}],"predecessor-version":[{"id":16933,"href":"https:\/\/ligawl.pl\/index.php\/wp-json\/wp\/v2\/pages\/8653\/revisions\/16933"}],"up":[{"embeddable":true,"href":"https:\/\/ligawl.pl\/index.php\/wp-json\/wp\/v2\/pages\/8666"}],"wp:attachment":[{"href":"https:\/\/ligawl.pl\/index.php\/wp-json\/wp\/v2\/media?parent=8653"}],"curies":[{"name":"wp","href":"https:\/\/api.w.org\/{rel}","templated":true}]}}