{"id":36583,"date":"2026-01-16T17:29:18","date_gmt":"2026-01-16T16:29:18","guid":{"rendered":"https:\/\/ligawl.pl\/?page_id=36583"},"modified":"2026-01-30T17:53:10","modified_gmt":"2026-01-30T16:53:10","slug":"superbet-play-off-w26","status":"publish","type":"page","link":"https:\/\/ligawl.pl\/index.php\/wiosna-2026\/superbet-play-off-w26\/","title":{"rendered":"Superbet Play-off [W26]"},"content":{"rendered":"\n<h3 class=\"wp-block-heading\">Superbet Play-off o 1. WL Lig\u0119 <\/h3>\n\n\n<div class=\"sportspress\"><h4 class=\"sp-table-caption\">Drabinka<\/h4>\t\t<div class=\"sp-template sp-template-tournament-bracket sp-tournament-bracket-single\">\n\t\t\t<table class=\"sp-data-table sp-tournament-bracket sp-scrollable-table\">\n\t<thead>\n\t\t<tr>\n\t\t\t\t\t\t\t<th>\n\t\t\t\t\t1\/2 fina\u0142u\t\t\t\t<\/th>\n\t\t\t\t\t\t\t<th>\n\t\t\t\t\tFina\u0142\t\t\t\t<\/th>\n\t\t\t\t\t<\/tr>\n\t<\/thead>\n\t<tbody>\n\t\t\t\t\t<tr>\n\t\t\t\t<td rowspan=\"1\" class=\"sp-team sp-home-team sp-first-round\"><a href=\"https:\/\/ligawl.pl\/index.php\/clubs\/fc-albatros\/\" class=\"sp-team-name sp-highlight\" data-team=\"18995\">FC Albatros<\/a><\/td><td rowspan=\"2\">&nbsp;<\/td>\t\t\t<\/tr>\n\t\t\t\t\t<tr>\n\t\t\t\t<td rowspan=\"3\" class=\"sp-event sp-first-round \"><span class=\"sp-event-title\" title=\"Mecz\">&nbsp;<\/span><\/td>\t\t\t<\/tr>\n\t\t\t\t\t<tr>\n\t\t\t\t<td rowspan=\"1\" class=\"sp-team sp-home-team sp-last-round\"><a href=\"https:\/\/ligawl.pl\/index.php\/clubs\/fc-albatros\/\" class=\"sp-team-name sp-highlight\" data-team=\"18995\">FC Albatros<\/a><\/td>\t\t\t<\/tr>\n\t\t\t\t\t<tr>\n\t\t\t\t<td rowspan=\"5\" class=\"sp-event sp-last-round sp-event-final\"><a href=\"https:\/\/ligawl.pl\/index.php\/matches\/fc-albatros-techmarkety-pl\/\" class=\"sp-event-title\" title=\"FC Albatros \u2014 techmarkety.pl\"><div class=\"sp-event-date\">17 lutego 2026<\/div><div class=\"sp-event-main\"><img loading=\"lazy\" decoding=\"async\" width=\"128\" height=\"128\" src=\"https:\/\/ligawl.pl\/wp-content\/uploads\/2025\/04\/Albatros-128x128.png\" class=\"attachment-sportspress-fit-icon size-sportspress-fit-icon wp-post-image\" alt=\"\" srcset=\"https:\/\/ligawl.pl\/wp-content\/uploads\/2025\/04\/Albatros-128x128.png 128w, https:\/\/ligawl.pl\/wp-content\/uploads\/2025\/04\/Albatros-300x300.png 300w, https:\/\/ligawl.pl\/wp-content\/uploads\/2025\/04\/Albatros-150x150.png 150w, https:\/\/ligawl.pl\/wp-content\/uploads\/2025\/04\/Albatros-768x768.png 768w, https:\/\/ligawl.pl\/wp-content\/uploads\/2025\/04\/Albatros-32x32.png 32w, https:\/\/ligawl.pl\/wp-content\/uploads\/2025\/04\/Albatros.png 1000w\" sizes=\"auto, (max-width: 128px) 100vw, 128px\" \/> <span class=\"sp-result\">3<\/span>-<span class=\"sp-result\">3<\/span> <img loading=\"lazy\" decoding=\"async\" width=\"128\" height=\"128\" src=\"https:\/\/ligawl.pl\/wp-content\/uploads\/2021\/08\/Techmarkety-128x128.png\" class=\"attachment-sportspress-fit-icon size-sportspress-fit-icon wp-post-image\" alt=\"\" srcset=\"https:\/\/ligawl.pl\/wp-content\/uploads\/2021\/08\/Techmarkety-128x128.png 128w, https:\/\/ligawl.pl\/wp-content\/uploads\/2021\/08\/Techmarkety-300x300.png 300w, https:\/\/ligawl.pl\/wp-content\/uploads\/2021\/08\/Techmarkety-150x150.png 150w, https:\/\/ligawl.pl\/wp-content\/uploads\/2021\/08\/Techmarkety-768x768.png 768w, https:\/\/ligawl.pl\/wp-content\/uploads\/2021\/08\/Techmarkety-32x32.png 32w, https:\/\/ligawl.pl\/wp-content\/uploads\/2021\/08\/Techmarkety.png 800w\" sizes=\"auto, (max-width: 128px) 100vw, 128px\" \/><\/div><\/a><\/td>\t\t\t<\/tr>\n\t\t\t\t\t<tr>\n\t\t\t\t<td rowspan=\"1\" class=\"sp-team sp-away-team sp-first-round\"><a href=\"https:\/\/ligawl.pl\/index.php\/clubs\/almatur-biuro-podrozy\/\" class=\"sp-team-name sp-highlight\" data-team=\"77\">Biuro Podr\u00f3\u017cy Almatur<\/a><\/td>\t\t\t<\/tr>\n\t\t\t\t\t<tr>\n\t\t\t\t<td rowspan=\"1\">&nbsp;<\/td>\t\t\t<\/tr>\n\t\t\t\t\t<tr>\n\t\t\t\t<td rowspan=\"1\" class=\"sp-team sp-home-team sp-first-round\"><span class=\"sp-team-name sp-highlight\">&nbsp;<\/span><\/td>\t\t\t<\/tr>\n\t\t\t\t\t<tr>\n\t\t\t\t<td rowspan=\"3\" class=\"sp-event sp-first-round \"><span class=\"sp-event-title\" title=\"Mecz\">&nbsp;<\/span><\/td>\t\t\t<\/tr>\n\t\t\t\t\t<tr>\n\t\t\t\t<td rowspan=\"1\" class=\"sp-team sp-away-team sp-last-round\"><a href=\"https:\/\/ligawl.pl\/index.php\/clubs\/techmarkety-pl\/\" class=\"sp-team-name sp-highlight\" data-team=\"16489\">techmarkety.pl<\/a><\/td>\t\t\t<\/tr>\n\t\t\t\t\t<tr>\n\t\t\t\t<td rowspan=\"2\">&nbsp;<\/td>\t\t\t<\/tr>\n\t\t\t\t\t<tr>\n\t\t\t\t<td rowspan=\"1\" class=\"sp-team sp-away-team sp-first-round\"><span class=\"sp-team-name sp-highlight\">&nbsp;<\/span><\/td>\t\t\t<\/tr>\n\t\t\t<\/tbody>\n<\/table>\t\t<\/div>\n\t\t<\/div>\n\n\n\n<h3 class=\"wp-block-heading\">Superbet Play-off o 2. WL Lig\u0119 <\/h3>\n\n\n<div class=\"sportspress\"><div class=\"sp-section-content sp-section-content-logos\"><div class=\"sp-template sp-template-event-logos sp-template-event-logos-inline\"><div class=\"sp-event-logos sp-event-logos-2\"><span class=\"sp-team-logo\"><a href=\"https:\/\/ligawl.pl\/index.php\/clubs\/ejbry-lubon\/\"><img loading=\"lazy\" decoding=\"async\" width=\"128\" height=\"128\" src=\"https:\/\/ligawl.pl\/wp-content\/uploads\/2022\/10\/Ejbry-128x128.png\" class=\"attachment-sportspress-fit-icon size-sportspress-fit-icon wp-post-image\" alt=\"\" \/><\/a> <strong class=\"sp-team-result\">5<\/strong><\/span> \u2014 <span class=\"sp-team-logo\"><strong class=\"sp-team-result\">0<\/strong> <a href=\"https:\/\/ligawl.pl\/index.php\/clubs\/goalbusters\/\"><img loading=\"lazy\" decoding=\"async\" width=\"128\" height=\"128\" src=\"https:\/\/ligawl.pl\/wp-content\/uploads\/2023\/07\/Goalbusters-128x128.png\" class=\"attachment-sportspress-fit-icon size-sportspress-fit-icon wp-post-image\" alt=\"\" \/><\/a><\/span><\/div><\/div><\/div><div class=\"sp-section-content sp-section-content-video\"><\/div><div class=\"sp-section-content sp-section-content-performance\">\t\t<div class=\"sp-event-performance-tables sp-event-performance-teams\">\n\t\t\t<div class=\"sp-template sp-template-event-performance sp-template-event-performance-icons\t\t\t\t\t\t\t\t\t\t\t\t\t\t\t\t\t\t\t\t\t\t\t   \">\n\t\t\t<h4 class=\"sp-table-caption\">Ejbry Lubo\u0144<\/h4>\n\t\t<div class=\"sp-table-wrapper\">\n\t\t<table class=\"sp-event-performance sp-data-table\n\t\t\">\n\t\t\t<thead>\n\t\t\t\t<tr>\n\t\t\t\t\t\t\t\t\t<\/tr>\n\t\t\t<\/thead>\n\t\t\t\t\t\t\t<tbody>\n\t\t\t\t\t<tr class=\"lineup odd\"><td class=\"data-number\" data-label=\"#\"><\/td><td class=\"data-name\" data-label=\"Zawodnik\"><a href=\"https:\/\/ligawl.pl\/index.php\/Zawodnik\/maciej-mazurek\/\">Maciej Mazurek<\/a><\/td><td class=\"sp-performance-icons\"><i class=\"sp-icon-soccerball\" title=\"Bramka\" style=\"color:#d6d5d5 !important\"><\/i> 23'<br><\/td><\/tr><tr class=\"lineup even\"><td class=\"data-number\" data-label=\"#\"><\/td><td class=\"data-name\" data-label=\"Zawodnik\"><a href=\"https:\/\/ligawl.pl\/index.php\/Zawodnik\/artur-rozek\/\">Artur Ro\u017cek<\/a><\/td><td class=\"sp-performance-icons\"><\/td><\/tr><tr class=\"lineup odd\"><td class=\"data-number\" data-label=\"#\"><\/td><td class=\"data-name\" data-label=\"Zawodnik\"><a href=\"https:\/\/ligawl.pl\/index.php\/Zawodnik\/damian-raski\/\">Damian R\u00f3\u017ca\u0144ski<\/a><\/td><td class=\"sp-performance-icons\"><i class=\"sp-icon-soccerball\" title=\"Bramka\" style=\"color:#d6d5d5 !important\"><\/i> 21'<br><\/td><\/tr><tr class=\"lineup even\"><td class=\"data-number\" data-label=\"#\"><\/td><td class=\"data-name\" data-label=\"Zawodnik\"><a href=\"https:\/\/ligawl.pl\/index.php\/Zawodnik\/jakub-wieczorek\/\">Jakub Wieczorek<\/a><\/td><td class=\"sp-performance-icons\"><\/td><\/tr><tr class=\"lineup odd\"><td class=\"data-number\" data-label=\"#\"><\/td><td class=\"data-name\" data-label=\"Zawodnik\"><a href=\"https:\/\/ligawl.pl\/index.php\/Zawodnik\/mateusz-dopieraa\/\">Mateusz Dopiera\u0142a<\/a><\/td><td class=\"sp-performance-icons\"><\/td><\/tr><tr class=\"lineup even\"><td class=\"data-number\" data-label=\"#\"><\/td><td class=\"data-name\" data-label=\"Zawodnik\"><a href=\"https:\/\/ligawl.pl\/index.php\/Zawodnik\/micha-gawron\/\">Micha\u0142 Gawron<\/a><\/td><td class=\"sp-performance-icons\"><\/td><\/tr><tr class=\"lineup odd\"><td class=\"data-number\" data-label=\"#\"><\/td><td class=\"data-name\" data-label=\"Zawodnik\"><a href=\"https:\/\/ligawl.pl\/index.php\/Zawodnik\/szymon-nowacki\/\">Szymon Nowacki<\/a> <span class=\"sp-event-stars\"><i class=\"sp-event-star dashicons dashicons-star-filled\" title=\"Zawodnik meczu\"><\/i><\/span><\/td><td class=\"sp-performance-icons\"><i class=\"sp-icon-soccerball\" title=\"Bramka\" style=\"color:#d6d5d5 !important\"><\/i> 28', 37', 38'<br><\/td><\/tr><tr class=\"lineup even\"><td class=\"data-number\" data-label=\"#\"><\/td><td class=\"data-name\" data-label=\"Zawodnik\"><a href=\"https:\/\/ligawl.pl\/index.php\/Zawodnik\/filip-harciarek\/\">Filip Harciarek<\/a><\/td><td class=\"sp-performance-icons\"><\/td><\/tr>\t\t\t\t<\/tbody>\n\t\t\t\t\t\t\t\t<\/table>\n\t\t\t<\/div>\n\t<\/div>\n<div class=\"sp-template sp-template-event-performance sp-template-event-performance-icons\t\t\t\t\t\t\t\t\t\t\t\t\t\t\t\t\t\t\t\t\t\t\t   \">\n\t\t\t<h4 class=\"sp-table-caption\">Goalbusters<\/h4>\n\t\t<div class=\"sp-table-wrapper\">\n\t\t<table class=\"sp-event-performance sp-data-table\n\t\t\">\n\t\t\t<thead>\n\t\t\t\t<tr>\n\t\t\t\t\t\t\t\t\t<\/tr>\n\t\t\t<\/thead>\n\t\t\t\t\t\t\t<tbody>\n\t\t\t\t\t<tr class=\"lineup odd\"><td class=\"data-number\" data-label=\"#\"><\/td><td class=\"data-name\" data-label=\"Zawodnik\"><a href=\"https:\/\/ligawl.pl\/index.php\/Zawodnik\/wojciech-bullert\/\">Wojciech Bullert<\/a><\/td><td class=\"sp-performance-icons\"><\/td><\/tr><tr class=\"lineup even\"><td class=\"data-number\" data-label=\"#\"><\/td><td class=\"data-name\" data-label=\"Zawodnik\"><a href=\"https:\/\/ligawl.pl\/index.php\/Zawodnik\/piotr-budzicki\/\">Piotr Budzicki<\/a><\/td><td class=\"sp-performance-icons\"><\/td><\/tr><tr class=\"lineup odd\"><td class=\"data-number\" data-label=\"#\"><\/td><td class=\"data-name\" data-label=\"Zawodnik\"><a href=\"https:\/\/ligawl.pl\/index.php\/Zawodnik\/grzegorz-kuczmaja\/\">Grzegorz Kuczmaja<\/a><\/td><td class=\"sp-performance-icons\"><\/td><\/tr><tr class=\"lineup even\"><td class=\"data-number\" data-label=\"#\"><\/td><td class=\"data-name\" data-label=\"Zawodnik\"><a href=\"https:\/\/ligawl.pl\/index.php\/Zawodnik\/wojciech-walasiak\/\">Wojciech Walasiak<\/a><\/td><td class=\"sp-performance-icons\"><\/td><\/tr><tr class=\"lineup odd\"><td class=\"data-number\" data-label=\"#\"><\/td><td class=\"data-name\" data-label=\"Zawodnik\"><a href=\"https:\/\/ligawl.pl\/index.php\/Zawodnik\/lukasz-dzierla\/\">\u0141ukasz Dzierla<\/a><\/td><td class=\"sp-performance-icons\"><\/td><\/tr><tr class=\"lineup even\"><td class=\"data-number\" data-label=\"#\"><\/td><td class=\"data-name\" data-label=\"Zawodnik\"><a href=\"https:\/\/ligawl.pl\/index.php\/Zawodnik\/tymoteusz-tomczak\/\">Tymoteusz Tomczak<\/a><\/td><td class=\"sp-performance-icons\"><\/td><\/tr><tr class=\"lineup odd\"><td class=\"data-number\" data-label=\"#\"><\/td><td class=\"data-name\" data-label=\"Zawodnik\"><a href=\"https:\/\/ligawl.pl\/index.php\/Zawodnik\/igor-jeznach\/\">Igor Jeznach<\/a><\/td><td class=\"sp-performance-icons\"><\/td><\/tr><tr class=\"lineup even\"><td class=\"data-number\" data-label=\"#\"><\/td><td class=\"data-name\" data-label=\"Zawodnik\"><a href=\"https:\/\/ligawl.pl\/index.php\/Zawodnik\/dawid-nawracala\/\">Dawid Nawraca\u0142a<\/a><\/td><td class=\"sp-performance-icons\"><\/td><\/tr><tr class=\"lineup odd\"><td class=\"data-number\" data-label=\"#\"><\/td><td class=\"data-name\" data-label=\"Zawodnik\"><a href=\"https:\/\/ligawl.pl\/index.php\/Zawodnik\/bartosz-gasiorek\/\">Bartosz G\u0105siorek<\/a><\/td><td class=\"sp-performance-icons\"><\/td><\/tr><tr class=\"lineup even\"><td class=\"data-number\" data-label=\"#\">11<\/td><td class=\"data-name\" data-label=\"Zawodnik\"><a href=\"https:\/\/ligawl.pl\/index.php\/Zawodnik\/lukasz-slusarczyk\/\">\u0141ukasz \u015alusarczyk<\/a><\/td><td class=\"sp-performance-icons\"><\/td><\/tr><tr class=\"lineup odd\"><td class=\"data-number\" data-label=\"#\">17<\/td><td class=\"data-name\" data-label=\"Zawodnik\"><a href=\"https:\/\/ligawl.pl\/index.php\/Zawodnik\/mateusz-lewandowski\/\">Mateusz Lewandowski<\/a><\/td><td class=\"sp-performance-icons\"><\/td><\/tr>\t\t\t\t<\/tbody>\n\t\t\t\t\t\t\t\t<\/table>\n\t\t\t<\/div>\n\t<\/div>\t\t<\/div><!-- .sp-event-performance-tables -->\n\t\t<\/div><div class=\"sp-section-content sp-section-content-content\"><\/div><div class=\"sp-section-content sp-section-content-timeline\"><\/div><div class=\"sp-tab-group\"><ul class=\"sp-tab-menu\"><li class=\"sp-tab-menu-item sp-tab-menu-item-active\"><a href=\"#sp-tab-content-results\" data-sp-tab=\"results\">Wyniki<\/a><\/li><li class=\"sp-tab-menu-item\"><a href=\"#sp-tab-content-details\" data-sp-tab=\"details\">Szczeg\u00f3\u0142y<\/a><\/li><li class=\"sp-tab-menu-item\"><a href=\"#sp-tab-content-venue\" data-sp-tab=\"venue\">Miejsce spotkania<\/a><\/li><\/ul><div class=\"sp-tab-content sp-tab-content-results\" id=\"sp-tab-content-results\"><div class=\"sp-template sp-template-event-results\">\n\t<h4 class=\"sp-table-caption\">Wyniki<\/h4><div class=\"sp-table-wrapper\"><table class=\"sp-event-results sp-data-table sp-scrollable-table\"><thead><th class=\"data-name\">Klub<\/th><th class=\"data-firsthalf\">1. po\u0142owa<\/th><th class=\"data-goals\">Wynik meczu<\/th><th class=\"data-outcome\">Wynik<\/th><\/tr><\/thead><tbody><tr class=\"odd\"><td class=\"data-name\"><a href=\"https:\/\/ligawl.pl\/index.php\/clubs\/ejbry-lubon\/\">Ejbry Lubo\u0144<\/a><\/td><td class=\"data-firsthalf\">0<\/td><td class=\"data-goals\">5<\/td><td class=\"data-outcome\">Zwyci\u0119stwo<\/td><\/tr><tr class=\"even\"><td class=\"data-name\"><a href=\"https:\/\/ligawl.pl\/index.php\/clubs\/goalbusters\/\">Goalbusters<\/a><\/td><td class=\"data-firsthalf\">0<\/td><td class=\"data-goals\">0<\/td><td class=\"data-outcome\">Pora\u017cka<\/td><\/tr><\/tbody><\/table><\/div><\/div><\/div><div class=\"sp-tab-content sp-tab-content-details\" id=\"sp-tab-content-details\"><div class=\"sp-template sp-template-event-details\">\n\t<h4 class=\"sp-table-caption\">Szczeg\u00f3\u0142y<\/h4>\n\t<div class=\"sp-table-wrapper\">\n\t\t<table class=\"sp-event-details sp-data-table\n\t\t\t\t\t sp-scrollable-table\">\n\t\t\t<thead>\n\t\t\t\t<tr>\n\t\t\t\t\t\t\t\t\t\t\t<th>Data<\/th>\n\t\t\t\t\t\t\t\t\t\t\t\t<th>Czas<\/th>\n\t\t\t\t\t\t\t\t\t\t\t\t<th>Liga<\/th>\n\t\t\t\t\t\t\t\t\t\t\t\t<th>Sezon<\/th>\n\t\t\t\t\t\t\t\t\t\t\t\t<th>Kolejka<\/th>\n\t\t\t\t\t\t\t\t\t\t<\/tr>\n\t\t\t<\/thead>\n\t\t\t<tbody>\n\t\t\t\t<tr class=\"odd\">\n\t\t\t\t\t\t\t\t\t\t\t<td>17 lutego 2026<\/td>\n\t\t\t\t\t\t\t\t\t\t\t\t<td>19:30<\/td>\n\t\t\t\t\t\t\t\t\t\t\t\t<td>Play-off<\/td>\n\t\t\t\t\t\t\t\t\t\t\t\t<td>Wiosna 2026<\/td>\n\t\t\t\t\t\t\t\t\t\t\t\t<td>Superbet Play-off o 2. WL Lig\u0119<\/td>\n\t\t\t\t\t\t\t\t\t\t<\/tr>\n\t\t\t<\/tbody>\n\t\t<\/table>\n\t<\/div>\n<\/div><\/div><div class=\"sp-tab-content sp-tab-content-venue\" id=\"sp-tab-content-venue\"><div class=\"sp-template sp-template-event-venue\">\n\t\t<h4 class=\"sp-table-caption\">Miejsce spotkania<\/h4>\n\t\t<table class=\"sp-data-table sp-event-venue\">\n\t\t\t<thead>\n\t\t\t\t<tr>\n\t\t\t\t\t<th><a href=\"https:\/\/ligawl.pl\/index.php\/Boisko\/mdk\/\">Boisko przy ulicy Droga D\u0119bi\u0144ska<\/a><\/th>\n\t\t\t\t<\/tr>\n\t\t\t<\/thead>\n\t\t\t\t\t\t\t<tbody>\n\t\t\t\t\t<tr class=\"sp-event-venue-map-row\">\n\t\t\t\t\t\t<td><\/td>\n\t\t\t\t\t<\/tr>\n\t\t\t\t\t\t\t\t\t\t\t<tr class=\"sp-event-venue-address-row\">\n\t\t\t\t\t\t\t<td>Ulica Droga D\u0119bi\u0144ska 21, Pozna\u0144<\/td>\n\t\t\t\t\t\t<\/tr>\n\t\t\t\t\t\t\t\t\t<\/tbody>\n\t\t\t\t\t<\/table>\n\t<\/div><\/div><\/div><\/div>\n\n\n\n<h3 class=\"wp-block-heading\">Superbet Play-off o 3. WL Lig\u0119 <\/h3>\n\n\n<div class=\"sportspress\"><div class=\"sp-template sp-template-league-table\">\n\t<h4 class=\"sp-table-caption\">Tabela<\/h4><div class=\"sp-table-wrapper\"><table class=\"sp-league-table sp-data-table sp-sortable-table sp-responsive-table table_69e47f927325c sp-scrollable-table sp-paginated-table\" data-sp-rows=\"30\"><thead><tr><th class=\"data-rank\">Pozycja<\/th><th class=\"data-name\">Klub<\/th><th class=\"data-p\">M<\/th><th class=\"data-w\">Z<\/th><th class=\"data-d\">R<\/th><th class=\"data-l\">P<\/th><th class=\"data-f\">Br+<\/th><th class=\"data-a\">Br-<\/th><th class=\"data-gd\">+\/-<\/th><th class=\"data-pts\">Pkt<\/th><\/tr><\/thead><tbody><tr class=\"odd sp-row-no-0\"><td class=\"data-rank\" data-label=\"Pozycja\">0<\/td><td class=\"data-name has-logo\" data-label=\"Klub\"><a href=\"https:\/\/ligawl.pl\/index.php\/clubs\/bndz-skoki\/\"><span class=\"team-logo\"><img loading=\"lazy\" decoding=\"async\" width=\"128\" height=\"128\" src=\"https:\/\/ligawl.pl\/wp-content\/uploads\/2026\/02\/BNDZ_Skoki-128x128.png\" class=\"attachment-sportspress-fit-icon size-sportspress-fit-icon wp-post-image\" alt=\"\" \/><\/span>BNDZ Skoki<\/a><\/td><td class=\"data-p\" data-label=\"M\">0<\/td><td class=\"data-w\" data-label=\"Z\">0<\/td><td class=\"data-d\" data-label=\"R\">0<\/td><td class=\"data-l\" data-label=\"P\">0<\/td><td class=\"data-f\" data-label=\"Br+\">0<\/td><td class=\"data-a\" data-label=\"Br-\">0<\/td><td class=\"data-gd\" data-label=\"+\/-\">0<\/td><td class=\"data-pts\" data-label=\"Pkt\">0<\/td><\/tr><tr class=\"even sp-row-no-1\"><td class=\"data-rank\" data-label=\"Pozycja\">0<\/td><td class=\"data-name has-logo\" data-label=\"Klub\"><a href=\"https:\/\/ligawl.pl\/index.php\/clubs\/diadal\/\"><span class=\"team-logo\"><img loading=\"lazy\" decoding=\"async\" width=\"128\" height=\"128\" src=\"https:\/\/ligawl.pl\/wp-content\/uploads\/2022\/12\/Diadal-128x128.png\" class=\"attachment-sportspress-fit-icon size-sportspress-fit-icon wp-post-image\" alt=\"\" \/><\/span>Diadal<\/a><\/td><td class=\"data-p\" data-label=\"M\">0<\/td><td class=\"data-w\" data-label=\"Z\">0<\/td><td class=\"data-d\" data-label=\"R\">0<\/td><td class=\"data-l\" data-label=\"P\">0<\/td><td class=\"data-f\" data-label=\"Br+\">0<\/td><td class=\"data-a\" data-label=\"Br-\">0<\/td><td class=\"data-gd\" data-label=\"+\/-\">0<\/td><td class=\"data-pts\" data-label=\"Pkt\">0<\/td><\/tr><tr class=\"odd sp-row-no-2\"><td class=\"data-rank\" data-label=\"Pozycja\">0<\/td><td class=\"data-name has-logo\" data-label=\"Klub\"><a href=\"https:\/\/ligawl.pl\/index.php\/clubs\/ks-gibon\/\"><span class=\"team-logo\"><img loading=\"lazy\" decoding=\"async\" width=\"128\" height=\"128\" src=\"https:\/\/ligawl.pl\/wp-content\/uploads\/2025\/10\/Gibon-128x128.png\" class=\"attachment-sportspress-fit-icon size-sportspress-fit-icon wp-post-image\" alt=\"\" \/><\/span>KS Gibon<\/a><\/td><td class=\"data-p\" data-label=\"M\">0<\/td><td class=\"data-w\" data-label=\"Z\">0<\/td><td class=\"data-d\" data-label=\"R\">0<\/td><td class=\"data-l\" data-label=\"P\">0<\/td><td class=\"data-f\" data-label=\"Br+\">0<\/td><td class=\"data-a\" data-label=\"Br-\">0<\/td><td class=\"data-gd\" data-label=\"+\/-\">0<\/td><td class=\"data-pts\" data-label=\"Pkt\">0<\/td><\/tr><\/tbody><\/table><\/div><\/div>\n<\/div>\n","protected":false},"excerpt":{"rendered":"<p>Superbet Play-off o 1. WL Lig\u0119 Superbet Play-off o 2. WL Lig\u0119 Superbet Play-off o 3. WL Lig\u0119<\/p>\n","protected":false},"author":2,"featured_media":0,"parent":36579,"menu_order":0,"comment_status":"closed","ping_status":"closed","template":"template-fullwidth.php","meta":{"footnotes":""},"class_list":["post-36583","page","type-page","status-publish","hentry"],"jetpack_sharing_enabled":true,"_links":{"self":[{"href":"https:\/\/ligawl.pl\/index.php\/wp-json\/wp\/v2\/pages\/36583","targetHints":{"allow":["GET"]}}],"collection":[{"href":"https:\/\/ligawl.pl\/index.php\/wp-json\/wp\/v2\/pages"}],"about":[{"href":"https:\/\/ligawl.pl\/index.php\/wp-json\/wp\/v2\/types\/page"}],"author":[{"embeddable":true,"href":"https:\/\/ligawl.pl\/index.php\/wp-json\/wp\/v2\/users\/2"}],"replies":[{"embeddable":true,"href":"https:\/\/ligawl.pl\/index.php\/wp-json\/wp\/v2\/comments?post=36583"}],"version-history":[{"count":5,"href":"https:\/\/ligawl.pl\/index.php\/wp-json\/wp\/v2\/pages\/36583\/revisions"}],"predecessor-version":[{"id":36896,"href":"https:\/\/ligawl.pl\/index.php\/wp-json\/wp\/v2\/pages\/36583\/revisions\/36896"}],"up":[{"embeddable":true,"href":"https:\/\/ligawl.pl\/index.php\/wp-json\/wp\/v2\/pages\/36579"}],"wp:attachment":[{"href":"https:\/\/ligawl.pl\/index.php\/wp-json\/wp\/v2\/media?parent=36583"}],"curies":[{"name":"wp","href":"https:\/\/api.w.org\/{rel}","templated":true}]}}