{"id":30036,"date":"2024-06-05T13:37:28","date_gmt":"2024-06-05T11:37:28","guid":{"rendered":"https:\/\/ligawl.pl\/?page_id=30036"},"modified":"2024-08-07T20:13:46","modified_gmt":"2024-08-07T18:13:46","slug":"superbet-play-off-j24","status":"publish","type":"page","link":"https:\/\/ligawl.pl\/index.php\/jesien-2024\/superbet-play-off-j24\/","title":{"rendered":"Superbet Play-off [J24]"},"content":{"rendered":"\n<h2 class=\"wp-block-heading\">Play-off o Superbet 1. WL Lig\u0119<\/h2>\n\n\n<div class=\"sportspress\"><h4 class=\"sp-table-caption\">Drabinka<\/h4>\t\t<div class=\"sp-template sp-template-tournament-bracket sp-tournament-bracket-single\">\n\t\t\t<table class=\"sp-data-table sp-tournament-bracket sp-scrollable-table\">\n\t<thead>\n\t\t<tr>\n\t\t\t\t\t\t\t<th>\n\t\t\t\t\t1\/2 fina\u0142u\t\t\t\t<\/th>\n\t\t\t\t\t\t\t<th>\n\t\t\t\t\tFina\u0142\t\t\t\t<\/th>\n\t\t\t\t\t<\/tr>\n\t<\/thead>\n\t<tbody>\n\t\t\t\t\t<tr>\n\t\t\t\t<td rowspan=\"1\" class=\"sp-team sp-home-team sp-first-round\"><a href=\"https:\/\/ligawl.pl\/index.php\/clubs\/trans-stal-lubon\/\" class=\"sp-team-name sp-highlight\" data-team=\"14170\">Trans-Stal Lubo\u0144<\/a><\/td><td rowspan=\"2\">&nbsp;<\/td>\t\t\t<\/tr>\n\t\t\t\t\t<tr>\n\t\t\t\t<td rowspan=\"3\" class=\"sp-event sp-first-round \"><a href=\"https:\/\/ligawl.pl\/index.php\/matches\/trans-stal-lubon-ejbry-lubon-2\/\" class=\"sp-event-title\" title=\"Trans-Stal Lubo\u0144 \u2014 Ejbry Lubo\u0144\"><div class=\"sp-event-date\">22 sierpnia 2024<\/div><div class=\"sp-event-main\"><img loading=\"lazy\" decoding=\"async\" width=\"128\" height=\"128\" src=\"https:\/\/ligawl.pl\/wp-content\/uploads\/2021\/03\/Trans_Stal-kopia-128x128.png\" class=\"attachment-sportspress-fit-icon size-sportspress-fit-icon wp-post-image\" alt=\"\" srcset=\"https:\/\/ligawl.pl\/wp-content\/uploads\/2021\/03\/Trans_Stal-kopia-128x128.png 128w, https:\/\/ligawl.pl\/wp-content\/uploads\/2021\/03\/Trans_Stal-kopia-300x300.png 300w, https:\/\/ligawl.pl\/wp-content\/uploads\/2021\/03\/Trans_Stal-kopia-150x150.png 150w, https:\/\/ligawl.pl\/wp-content\/uploads\/2021\/03\/Trans_Stal-kopia-768x768.png 768w, https:\/\/ligawl.pl\/wp-content\/uploads\/2021\/03\/Trans_Stal-kopia-32x32.png 32w, https:\/\/ligawl.pl\/wp-content\/uploads\/2021\/03\/Trans_Stal-kopia.png 800w\" sizes=\"auto, (max-width: 128px) 100vw, 128px\" \/> <span class=\"sp-result\">2<\/span>-<span class=\"sp-result\">0<\/span> <img loading=\"lazy\" decoding=\"async\" width=\"128\" height=\"128\" src=\"https:\/\/ligawl.pl\/wp-content\/uploads\/2022\/10\/Ejbry-128x128.png\" class=\"attachment-sportspress-fit-icon size-sportspress-fit-icon wp-post-image\" alt=\"\" srcset=\"https:\/\/ligawl.pl\/wp-content\/uploads\/2022\/10\/Ejbry-128x128.png 128w, https:\/\/ligawl.pl\/wp-content\/uploads\/2022\/10\/Ejbry-300x300.png 300w, https:\/\/ligawl.pl\/wp-content\/uploads\/2022\/10\/Ejbry-150x150.png 150w, https:\/\/ligawl.pl\/wp-content\/uploads\/2022\/10\/Ejbry-768x768.png 768w, https:\/\/ligawl.pl\/wp-content\/uploads\/2022\/10\/Ejbry-32x32.png 32w, https:\/\/ligawl.pl\/wp-content\/uploads\/2022\/10\/Ejbry.png 800w\" sizes=\"auto, (max-width: 128px) 100vw, 128px\" \/><\/div><\/a><\/td>\t\t\t<\/tr>\n\t\t\t\t\t<tr>\n\t\t\t\t<td rowspan=\"1\" class=\"sp-team sp-home-team sp-last-round\"><a href=\"https:\/\/ligawl.pl\/index.php\/clubs\/trans-stal-lubon\/\" class=\"sp-team-name sp-highlight\" data-team=\"14170\">Trans-Stal Lubo\u0144<\/a><\/td>\t\t\t<\/tr>\n\t\t\t\t\t<tr>\n\t\t\t\t<td rowspan=\"5\" class=\"sp-event sp-last-round sp-event-final\"><a href=\"https:\/\/ligawl.pl\/index.php\/matches\/trans-stal-lubon-fsc-braga\/\" class=\"sp-event-title\" title=\"Trans-Stal Lubo\u0144 \u2014 FSC Braga\"><div class=\"sp-event-date\">22 sierpnia 2024<\/div><div class=\"sp-event-main\"><img loading=\"lazy\" decoding=\"async\" width=\"128\" height=\"128\" src=\"https:\/\/ligawl.pl\/wp-content\/uploads\/2021\/03\/Trans_Stal-kopia-128x128.png\" class=\"attachment-sportspress-fit-icon size-sportspress-fit-icon wp-post-image\" alt=\"\" srcset=\"https:\/\/ligawl.pl\/wp-content\/uploads\/2021\/03\/Trans_Stal-kopia-128x128.png 128w, https:\/\/ligawl.pl\/wp-content\/uploads\/2021\/03\/Trans_Stal-kopia-300x300.png 300w, https:\/\/ligawl.pl\/wp-content\/uploads\/2021\/03\/Trans_Stal-kopia-150x150.png 150w, https:\/\/ligawl.pl\/wp-content\/uploads\/2021\/03\/Trans_Stal-kopia-768x768.png 768w, https:\/\/ligawl.pl\/wp-content\/uploads\/2021\/03\/Trans_Stal-kopia-32x32.png 32w, https:\/\/ligawl.pl\/wp-content\/uploads\/2021\/03\/Trans_Stal-kopia.png 800w\" sizes=\"auto, (max-width: 128px) 100vw, 128px\" \/> <span class=\"sp-result\">3<\/span>-<span class=\"sp-result\">7<\/span> <img loading=\"lazy\" decoding=\"async\" width=\"128\" height=\"128\" src=\"https:\/\/ligawl.pl\/wp-content\/uploads\/2020\/07\/Braga-128x128.png\" class=\"attachment-sportspress-fit-icon size-sportspress-fit-icon wp-post-image\" alt=\"\" srcset=\"https:\/\/ligawl.pl\/wp-content\/uploads\/2020\/07\/Braga-128x128.png 128w, https:\/\/ligawl.pl\/wp-content\/uploads\/2020\/07\/Braga-300x300.png 300w, https:\/\/ligawl.pl\/wp-content\/uploads\/2020\/07\/Braga-150x150.png 150w, https:\/\/ligawl.pl\/wp-content\/uploads\/2020\/07\/Braga-768x768.png 768w, https:\/\/ligawl.pl\/wp-content\/uploads\/2020\/07\/Braga-32x32.png 32w, https:\/\/ligawl.pl\/wp-content\/uploads\/2020\/07\/Braga.png 800w\" sizes=\"auto, (max-width: 128px) 100vw, 128px\" \/><\/div><\/a><\/td>\t\t\t<\/tr>\n\t\t\t\t\t<tr>\n\t\t\t\t<td rowspan=\"1\" class=\"sp-team sp-away-team sp-first-round\"><a href=\"https:\/\/ligawl.pl\/index.php\/clubs\/ejbry-lubon\/\" class=\"sp-team-name sp-highlight\" data-team=\"376\">Ejbry Lubo\u0144<\/a><\/td>\t\t\t<\/tr>\n\t\t\t\t\t<tr>\n\t\t\t\t<td rowspan=\"1\">&nbsp;<\/td>\t\t\t<\/tr>\n\t\t\t\t\t<tr>\n\t\t\t\t<td rowspan=\"1\" class=\"sp-team sp-home-team sp-first-round\"><a href=\"https:\/\/ligawl.pl\/index.php\/clubs\/fsc-braga\/\" class=\"sp-team-name sp-highlight\" data-team=\"31\">FSC Braga<\/a><\/td>\t\t\t<\/tr>\n\t\t\t\t\t<tr>\n\t\t\t\t<td rowspan=\"3\" class=\"sp-event sp-first-round \"><a href=\"https:\/\/ligawl.pl\/index.php\/matches\/fsc-braga-techmarkety-pl-2\/\" class=\"sp-event-title\" title=\"FSC Braga \u2014 techmarkety.pl\"><div class=\"sp-event-date\">22 sierpnia 2024<\/div><div class=\"sp-event-main\"><img loading=\"lazy\" decoding=\"async\" width=\"128\" height=\"128\" src=\"https:\/\/ligawl.pl\/wp-content\/uploads\/2020\/07\/Braga-128x128.png\" class=\"attachment-sportspress-fit-icon size-sportspress-fit-icon wp-post-image\" alt=\"\" srcset=\"https:\/\/ligawl.pl\/wp-content\/uploads\/2020\/07\/Braga-128x128.png 128w, https:\/\/ligawl.pl\/wp-content\/uploads\/2020\/07\/Braga-300x300.png 300w, https:\/\/ligawl.pl\/wp-content\/uploads\/2020\/07\/Braga-150x150.png 150w, https:\/\/ligawl.pl\/wp-content\/uploads\/2020\/07\/Braga-768x768.png 768w, https:\/\/ligawl.pl\/wp-content\/uploads\/2020\/07\/Braga-32x32.png 32w, https:\/\/ligawl.pl\/wp-content\/uploads\/2020\/07\/Braga.png 800w\" sizes=\"auto, (max-width: 128px) 100vw, 128px\" \/> <span class=\"sp-result\">4<\/span>-<span class=\"sp-result\">1<\/span> <img loading=\"lazy\" decoding=\"async\" width=\"128\" height=\"128\" src=\"https:\/\/ligawl.pl\/wp-content\/uploads\/2021\/08\/Techmarkety-128x128.png\" class=\"attachment-sportspress-fit-icon size-sportspress-fit-icon wp-post-image\" alt=\"\" srcset=\"https:\/\/ligawl.pl\/wp-content\/uploads\/2021\/08\/Techmarkety-128x128.png 128w, https:\/\/ligawl.pl\/wp-content\/uploads\/2021\/08\/Techmarkety-300x300.png 300w, https:\/\/ligawl.pl\/wp-content\/uploads\/2021\/08\/Techmarkety-150x150.png 150w, https:\/\/ligawl.pl\/wp-content\/uploads\/2021\/08\/Techmarkety-768x768.png 768w, https:\/\/ligawl.pl\/wp-content\/uploads\/2021\/08\/Techmarkety-32x32.png 32w, https:\/\/ligawl.pl\/wp-content\/uploads\/2021\/08\/Techmarkety.png 800w\" sizes=\"auto, (max-width: 128px) 100vw, 128px\" \/><\/div><\/a><\/td>\t\t\t<\/tr>\n\t\t\t\t\t<tr>\n\t\t\t\t<td rowspan=\"1\" class=\"sp-team sp-away-team sp-last-round\"><a href=\"https:\/\/ligawl.pl\/index.php\/clubs\/fsc-braga\/\" class=\"sp-team-name sp-highlight\" data-team=\"31\">FSC Braga<\/a><\/td>\t\t\t<\/tr>\n\t\t\t\t\t<tr>\n\t\t\t\t<td rowspan=\"2\">&nbsp;<\/td>\t\t\t<\/tr>\n\t\t\t\t\t<tr>\n\t\t\t\t<td rowspan=\"1\" class=\"sp-team sp-away-team sp-first-round\"><a href=\"https:\/\/ligawl.pl\/index.php\/clubs\/techmarkety-pl\/\" class=\"sp-team-name sp-highlight\" data-team=\"16489\">techmarkety.pl<\/a><\/td>\t\t\t<\/tr>\n\t\t\t<\/tbody>\n<\/table>\t\t<\/div>\n\t\t<\/div>\n\n\n\n<h2 class=\"wp-block-heading\">Play-off o Superbet 2. WL Lig\u0119<\/h2>\n\n\n<div class=\"sportspress\"><h4 class=\"sp-table-caption\">Drabinka<\/h4>\t\t<div class=\"sp-template sp-template-tournament-bracket sp-tournament-bracket-single\">\n\t\t\t<table class=\"sp-data-table sp-tournament-bracket sp-scrollable-table\">\n\t<thead>\n\t\t<tr>\n\t\t\t\t\t\t\t<th>\n\t\t\t\t\t1\/2 fina\u0142u\t\t\t\t<\/th>\n\t\t\t\t\t\t\t<th>\n\t\t\t\t\tFina\u0142\t\t\t\t<\/th>\n\t\t\t\t\t<\/tr>\n\t<\/thead>\n\t<tbody>\n\t\t\t\t\t<tr>\n\t\t\t\t<td rowspan=\"1\" class=\"sp-team sp-home-team sp-first-round\"><a href=\"https:\/\/ligawl.pl\/index.php\/clubs\/whiskonzy\/\" class=\"sp-team-name sp-highlight\" data-team=\"24332\">Whiskonzy<\/a><\/td><td rowspan=\"2\">&nbsp;<\/td>\t\t\t<\/tr>\n\t\t\t\t\t<tr>\n\t\t\t\t<td rowspan=\"3\" class=\"sp-event sp-first-round \"><a href=\"https:\/\/ligawl.pl\/index.php\/matches\/whiskonzy-unifi-squad-2\/\" class=\"sp-event-title\" title=\"Whiskonzy \u2014 Unifi Squad\"><div class=\"sp-event-date\">21 sierpnia 2024<\/div><div class=\"sp-event-main\"><img loading=\"lazy\" decoding=\"async\" width=\"128\" height=\"128\" src=\"https:\/\/ligawl.pl\/wp-content\/uploads\/2023\/02\/whiskonzy-1-128x128.png\" class=\"attachment-sportspress-fit-icon size-sportspress-fit-icon wp-post-image\" alt=\"\" srcset=\"https:\/\/ligawl.pl\/wp-content\/uploads\/2023\/02\/whiskonzy-1-128x128.png 128w, https:\/\/ligawl.pl\/wp-content\/uploads\/2023\/02\/whiskonzy-1-300x300.png 300w, https:\/\/ligawl.pl\/wp-content\/uploads\/2023\/02\/whiskonzy-1-150x150.png 150w, https:\/\/ligawl.pl\/wp-content\/uploads\/2023\/02\/whiskonzy-1-768x768.png 768w, https:\/\/ligawl.pl\/wp-content\/uploads\/2023\/02\/whiskonzy-1-32x32.png 32w, https:\/\/ligawl.pl\/wp-content\/uploads\/2023\/02\/whiskonzy-1.png 1000w\" sizes=\"auto, (max-width: 128px) 100vw, 128px\" \/> <span class=\"sp-result\">0<\/span>-<span class=\"sp-result\">1<\/span> <img loading=\"lazy\" decoding=\"async\" width=\"128\" height=\"128\" src=\"https:\/\/ligawl.pl\/wp-content\/uploads\/2023\/07\/Unifi_2-128x128.png\" class=\"attachment-sportspress-fit-icon size-sportspress-fit-icon wp-post-image\" alt=\"\" srcset=\"https:\/\/ligawl.pl\/wp-content\/uploads\/2023\/07\/Unifi_2-128x128.png 128w, https:\/\/ligawl.pl\/wp-content\/uploads\/2023\/07\/Unifi_2-300x300.png 300w, https:\/\/ligawl.pl\/wp-content\/uploads\/2023\/07\/Unifi_2-150x150.png 150w, https:\/\/ligawl.pl\/wp-content\/uploads\/2023\/07\/Unifi_2-768x768.png 768w, https:\/\/ligawl.pl\/wp-content\/uploads\/2023\/07\/Unifi_2-32x32.png 32w, https:\/\/ligawl.pl\/wp-content\/uploads\/2023\/07\/Unifi_2.png 1000w\" sizes=\"auto, (max-width: 128px) 100vw, 128px\" \/><\/div><\/a><\/td>\t\t\t<\/tr>\n\t\t\t\t\t<tr>\n\t\t\t\t<td rowspan=\"1\" class=\"sp-team sp-home-team sp-last-round\"><a href=\"https:\/\/ligawl.pl\/index.php\/clubs\/unifi-squad\/\" class=\"sp-team-name sp-highlight\" data-team=\"26162\">Unifi Squad<\/a><\/td>\t\t\t<\/tr>\n\t\t\t\t\t<tr>\n\t\t\t\t<td rowspan=\"5\" class=\"sp-event sp-last-round sp-event-final\"><a href=\"https:\/\/ligawl.pl\/index.php\/matches\/unifi-squad-pww-2\/\" class=\"sp-event-title\" title=\"Unifi Squad \u2014 PWW\"><div class=\"sp-event-date\">21 sierpnia 2024<\/div><div class=\"sp-event-main\"><img loading=\"lazy\" decoding=\"async\" width=\"128\" height=\"128\" src=\"https:\/\/ligawl.pl\/wp-content\/uploads\/2023\/07\/Unifi_2-128x128.png\" class=\"attachment-sportspress-fit-icon size-sportspress-fit-icon wp-post-image\" alt=\"\" srcset=\"https:\/\/ligawl.pl\/wp-content\/uploads\/2023\/07\/Unifi_2-128x128.png 128w, https:\/\/ligawl.pl\/wp-content\/uploads\/2023\/07\/Unifi_2-300x300.png 300w, https:\/\/ligawl.pl\/wp-content\/uploads\/2023\/07\/Unifi_2-150x150.png 150w, https:\/\/ligawl.pl\/wp-content\/uploads\/2023\/07\/Unifi_2-768x768.png 768w, https:\/\/ligawl.pl\/wp-content\/uploads\/2023\/07\/Unifi_2-32x32.png 32w, https:\/\/ligawl.pl\/wp-content\/uploads\/2023\/07\/Unifi_2.png 1000w\" sizes=\"auto, (max-width: 128px) 100vw, 128px\" \/> <span class=\"sp-result\">1<\/span>-<span class=\"sp-result\">1<\/span> <img loading=\"lazy\" decoding=\"async\" width=\"128\" height=\"128\" src=\"https:\/\/ligawl.pl\/wp-content\/uploads\/2020\/03\/PWW-128x128.png\" class=\"attachment-sportspress-fit-icon size-sportspress-fit-icon wp-post-image\" alt=\"\" srcset=\"https:\/\/ligawl.pl\/wp-content\/uploads\/2020\/03\/PWW-128x128.png 128w, https:\/\/ligawl.pl\/wp-content\/uploads\/2020\/03\/PWW-300x300.png 300w, https:\/\/ligawl.pl\/wp-content\/uploads\/2020\/03\/PWW-150x150.png 150w, https:\/\/ligawl.pl\/wp-content\/uploads\/2020\/03\/PWW-768x768.png 768w, https:\/\/ligawl.pl\/wp-content\/uploads\/2020\/03\/PWW-32x32.png 32w, https:\/\/ligawl.pl\/wp-content\/uploads\/2020\/03\/PWW.png 800w\" sizes=\"auto, (max-width: 128px) 100vw, 128px\" \/><\/div><\/a><\/td>\t\t\t<\/tr>\n\t\t\t\t\t<tr>\n\t\t\t\t<td rowspan=\"1\" class=\"sp-team sp-away-team sp-first-round\"><a href=\"https:\/\/ligawl.pl\/index.php\/clubs\/unifi-squad\/\" class=\"sp-team-name sp-highlight\" data-team=\"26162\">Unifi Squad<\/a><\/td>\t\t\t<\/tr>\n\t\t\t\t\t<tr>\n\t\t\t\t<td rowspan=\"1\">&nbsp;<\/td>\t\t\t<\/tr>\n\t\t\t\t\t<tr>\n\t\t\t\t<td rowspan=\"1\" class=\"sp-team sp-home-team sp-first-round\"><a href=\"https:\/\/ligawl.pl\/index.php\/clubs\/pww-banda\/\" class=\"sp-team-name sp-highlight\" data-team=\"231\">PWW<\/a><\/td>\t\t\t<\/tr>\n\t\t\t\t\t<tr>\n\t\t\t\t<td rowspan=\"3\" class=\"sp-event sp-first-round \"><a href=\"https:\/\/ligawl.pl\/index.php\/matches\/pww-byczki-2\/\" class=\"sp-event-title\" title=\"PWW \u2014 Byczki\"><div class=\"sp-event-date\">21 sierpnia 2024<\/div><div class=\"sp-event-main\"><img loading=\"lazy\" decoding=\"async\" width=\"128\" height=\"128\" src=\"https:\/\/ligawl.pl\/wp-content\/uploads\/2020\/03\/PWW-128x128.png\" class=\"attachment-sportspress-fit-icon size-sportspress-fit-icon wp-post-image\" alt=\"\" srcset=\"https:\/\/ligawl.pl\/wp-content\/uploads\/2020\/03\/PWW-128x128.png 128w, https:\/\/ligawl.pl\/wp-content\/uploads\/2020\/03\/PWW-300x300.png 300w, https:\/\/ligawl.pl\/wp-content\/uploads\/2020\/03\/PWW-150x150.png 150w, https:\/\/ligawl.pl\/wp-content\/uploads\/2020\/03\/PWW-768x768.png 768w, https:\/\/ligawl.pl\/wp-content\/uploads\/2020\/03\/PWW-32x32.png 32w, https:\/\/ligawl.pl\/wp-content\/uploads\/2020\/03\/PWW.png 800w\" sizes=\"auto, (max-width: 128px) 100vw, 128px\" \/> <span class=\"sp-result\">1<\/span>-<span class=\"sp-result\">1<\/span> <img loading=\"lazy\" decoding=\"async\" width=\"128\" height=\"128\" src=\"https:\/\/ligawl.pl\/wp-content\/uploads\/2021\/02\/Byczki-128x128.png\" class=\"attachment-sportspress-fit-icon size-sportspress-fit-icon wp-post-image\" alt=\"\" srcset=\"https:\/\/ligawl.pl\/wp-content\/uploads\/2021\/02\/Byczki-128x128.png 128w, https:\/\/ligawl.pl\/wp-content\/uploads\/2021\/02\/Byczki-300x300.png 300w, https:\/\/ligawl.pl\/wp-content\/uploads\/2021\/02\/Byczki-150x150.png 150w, https:\/\/ligawl.pl\/wp-content\/uploads\/2021\/02\/Byczki-768x768.png 768w, https:\/\/ligawl.pl\/wp-content\/uploads\/2021\/02\/Byczki-32x32.png 32w, https:\/\/ligawl.pl\/wp-content\/uploads\/2021\/02\/Byczki.png 800w\" sizes=\"auto, (max-width: 128px) 100vw, 128px\" \/><\/div><\/a><\/td>\t\t\t<\/tr>\n\t\t\t\t\t<tr>\n\t\t\t\t<td rowspan=\"1\" class=\"sp-team sp-away-team sp-last-round\"><a href=\"https:\/\/ligawl.pl\/index.php\/clubs\/pww-banda\/\" class=\"sp-team-name sp-highlight\" data-team=\"231\">PWW<\/a><\/td>\t\t\t<\/tr>\n\t\t\t\t\t<tr>\n\t\t\t\t<td rowspan=\"2\">&nbsp;<\/td>\t\t\t<\/tr>\n\t\t\t\t\t<tr>\n\t\t\t\t<td rowspan=\"1\" class=\"sp-team sp-away-team sp-first-round\"><a href=\"https:\/\/ligawl.pl\/index.php\/clubs\/byczki\/\" class=\"sp-team-name sp-highlight\" data-team=\"14165\">Byczki<\/a><\/td>\t\t\t<\/tr>\n\t\t\t<\/tbody>\n<\/table>\t\t<\/div>\n\t\t<\/div>\n\n\n\n<h2 class=\"wp-block-heading\">Play-off o Superbet 3. WL Lig\u0119<\/h2>\n\n\n<div class=\"sportspress\"><div class=\"sp-template sp-template-league-table\">\n\t<h4 class=\"sp-table-caption\">Tabela<\/h4><div class=\"sp-table-wrapper\"><table class=\"sp-league-table sp-data-table sp-sortable-table sp-responsive-table table_6a09509d67a66 sp-scrollable-table sp-paginated-table\" data-sp-rows=\"30\"><thead><tr><th class=\"data-rank\">Pozycja<\/th><th class=\"data-name\">Klub<\/th><th class=\"data-p\">M<\/th><th class=\"data-w\">Z<\/th><th class=\"data-d\">R<\/th><th class=\"data-l\">P<\/th><th class=\"data-f\">Br+<\/th><th class=\"data-a\">Br-<\/th><th class=\"data-gd\">+\/-<\/th><th class=\"data-pts\">Pkt<\/th><\/tr><\/thead><tbody><tr class=\"odd sp-row-no-0\"><td class=\"data-rank\" data-label=\"Pozycja\">0<\/td><td class=\"data-name has-logo\" data-label=\"Klub\"><a href=\"https:\/\/ligawl.pl\/index.php\/clubs\/fc-albatros\/\"><span class=\"team-logo\"><img loading=\"lazy\" decoding=\"async\" width=\"128\" height=\"128\" src=\"https:\/\/ligawl.pl\/wp-content\/uploads\/2025\/04\/Albatros-128x128.png\" class=\"attachment-sportspress-fit-icon size-sportspress-fit-icon wp-post-image\" alt=\"\" \/><\/span>FC Albatros<\/a><\/td><td class=\"data-p\" data-label=\"M\">0<\/td><td class=\"data-w\" data-label=\"Z\">0<\/td><td class=\"data-d\" data-label=\"R\">0<\/td><td class=\"data-l\" data-label=\"P\">0<\/td><td class=\"data-f\" data-label=\"Br+\">0<\/td><td class=\"data-a\" data-label=\"Br-\">0<\/td><td class=\"data-gd\" data-label=\"+\/-\">0<\/td><td class=\"data-pts\" data-label=\"Pkt\">0<\/td><\/tr><tr class=\"even sp-row-no-1\"><td class=\"data-rank\" data-label=\"Pozycja\">0<\/td><td class=\"data-name has-logo\" data-label=\"Klub\"><a href=\"https:\/\/ligawl.pl\/index.php\/clubs\/rks-300-junikowo\/\"><span class=\"team-logo\"><img loading=\"lazy\" decoding=\"async\" width=\"128\" height=\"128\" src=\"https:\/\/ligawl.pl\/wp-content\/uploads\/2024\/08\/RKS300-1-128x128.png\" class=\"attachment-sportspress-fit-icon size-sportspress-fit-icon wp-post-image\" alt=\"\" \/><\/span>RKS 300 Junikowo<\/a><\/td><td class=\"data-p\" data-label=\"M\">0<\/td><td class=\"data-w\" data-label=\"Z\">0<\/td><td class=\"data-d\" data-label=\"R\">0<\/td><td class=\"data-l\" data-label=\"P\">0<\/td><td class=\"data-f\" data-label=\"Br+\">0<\/td><td class=\"data-a\" data-label=\"Br-\">0<\/td><td class=\"data-gd\" data-label=\"+\/-\">0<\/td><td class=\"data-pts\" data-label=\"Pkt\">0<\/td><\/tr><tr class=\"odd sp-row-no-2\"><td class=\"data-rank\" data-label=\"Pozycja\">0<\/td><td class=\"data-name has-logo\" data-label=\"Klub\"><a href=\"https:\/\/ligawl.pl\/index.php\/clubs\/tawny-owl\/\"><span class=\"team-logo\"><img loading=\"lazy\" decoding=\"async\" width=\"128\" height=\"128\" src=\"https:\/\/ligawl.pl\/wp-content\/uploads\/2024\/08\/Tawny_Owl-128x128.png\" class=\"attachment-sportspress-fit-icon size-sportspress-fit-icon wp-post-image\" alt=\"\" \/><\/span>Tawny Owl<\/a><\/td><td class=\"data-p\" data-label=\"M\">0<\/td><td class=\"data-w\" data-label=\"Z\">0<\/td><td class=\"data-d\" data-label=\"R\">0<\/td><td class=\"data-l\" data-label=\"P\">0<\/td><td class=\"data-f\" data-label=\"Br+\">0<\/td><td class=\"data-a\" data-label=\"Br-\">0<\/td><td class=\"data-gd\" data-label=\"+\/-\">0<\/td><td class=\"data-pts\" data-label=\"Pkt\">0<\/td><\/tr><\/tbody><\/table><\/div><\/div>\n<\/div>\n","protected":false},"excerpt":{"rendered":"<p>Play-off o Superbet 1. WL Lig\u0119 Play-off o Superbet 2. WL Lig\u0119 Play-off o Superbet 3. WL Lig\u0119<\/p>\n","protected":false},"author":2,"featured_media":0,"parent":30032,"menu_order":0,"comment_status":"closed","ping_status":"closed","template":"template-fullwidth.php","meta":{"footnotes":""},"class_list":["post-30036","page","type-page","status-publish","hentry"],"jetpack_sharing_enabled":true,"_links":{"self":[{"href":"https:\/\/ligawl.pl\/index.php\/wp-json\/wp\/v2\/pages\/30036","targetHints":{"allow":["GET"]}}],"collection":[{"href":"https:\/\/ligawl.pl\/index.php\/wp-json\/wp\/v2\/pages"}],"about":[{"href":"https:\/\/ligawl.pl\/index.php\/wp-json\/wp\/v2\/types\/page"}],"author":[{"embeddable":true,"href":"https:\/\/ligawl.pl\/index.php\/wp-json\/wp\/v2\/users\/2"}],"replies":[{"embeddable":true,"href":"https:\/\/ligawl.pl\/index.php\/wp-json\/wp\/v2\/comments?post=30036"}],"version-history":[{"count":2,"href":"https:\/\/ligawl.pl\/index.php\/wp-json\/wp\/v2\/pages\/30036\/revisions"}],"predecessor-version":[{"id":30469,"href":"https:\/\/ligawl.pl\/index.php\/wp-json\/wp\/v2\/pages\/30036\/revisions\/30469"}],"up":[{"embeddable":true,"href":"https:\/\/ligawl.pl\/index.php\/wp-json\/wp\/v2\/pages\/30032"}],"wp:attachment":[{"href":"https:\/\/ligawl.pl\/index.php\/wp-json\/wp\/v2\/media?parent=30036"}],"curies":[{"name":"wp","href":"https:\/\/api.w.org\/{rel}","templated":true}]}}