{"id":29224,"date":"2024-04-02T10:36:52","date_gmt":"2024-04-02T08:36:52","guid":{"rendered":"https:\/\/ligawl.pl\/?page_id=29224"},"modified":"2024-04-02T10:36:52","modified_gmt":"2024-04-02T08:36:52","slug":"kartki-superbet-2-wl-liga-w24","status":"publish","type":"page","link":"https:\/\/ligawl.pl\/index.php\/wiosna-2024\/kartki-superbet-2-wl-liga-w24\/","title":{"rendered":"Kartki &#8211; Superbet 2. WL Liga [W24]"},"content":{"rendered":"<div class=\"sportspress\"><h4 class=\"sp-table-caption\">\u017b\u00f3\u0142te kartki<\/h4><div class=\"sp-template sp-template-player-list\"><div class=\"sp-table-wrapper\"><table class=\"sp-player-list sp-data-table sp-sortable-table sp-responsive-table playerlist_69f7e79c6f55b sp-scrollable-table sp-paginated-table\" data-sp-rows=\"30\"><thead><tr><th class=\"data-rank\">Ranga<\/th><th class=\"data-name\">Zawodnik<\/th><th class=\"data-team\">Klub<\/th><th class=\"data-yellowcards\"><i class=\"sp-icon-card\" title=\"\u017b\u00f3\u0142te kartki\" style=\"color:#f4d014 !important\"><\/i> <\/th><\/tr><\/thead><tbody><tr class=\"odd\"><td class=\"data-rank\" data-label=\"#\">1<\/td><td class=\"data-name\" data-label=\"Zawodnik\"><a href=\"https:\/\/ligawl.pl\/index.php\/Zawodnik\/dariusz-walasek\/\">Dariusz Walasek<\/a><\/td><td class=\"data-team\" data-label=\"Klub\"><a href=\"https:\/\/ligawl.pl\/index.php\/clubs\/stoczniowiec\/\">Lacus Stoczniowiec<\/a><\/td><td class=\"data-yellowcards\" data-label=\"\u017b\u00f3\u0142te kartki\">3<\/td><\/tr><tr class=\"even\"><td class=\"data-rank\" data-label=\"#\">2<\/td><td class=\"data-name\" data-label=\"Zawodnik\"><a href=\"https:\/\/ligawl.pl\/index.php\/Zawodnik\/krzysztof-adamczak\/\">Krzysztof Adamczak<\/a><\/td><td class=\"data-team\" data-label=\"Klub\"><a href=\"https:\/\/ligawl.pl\/index.php\/clubs\/dom-wydawniczy-rebis\/\">Dom Wydawniczy Rebis<\/a><\/td><td class=\"data-yellowcards\" data-label=\"\u017b\u00f3\u0142te kartki\">2<\/td><\/tr><tr class=\"odd\"><td class=\"data-rank\" data-label=\"#\">3<\/td><td class=\"data-name\" data-label=\"Zawodnik\"><a href=\"https:\/\/ligawl.pl\/index.php\/Zawodnik\/tymon-woniak\/\">Tymon Wo\u017aniak<\/a><\/td><td class=\"data-team\" data-label=\"Klub\"><a href=\"https:\/\/ligawl.pl\/index.php\/clubs\/tornado-ognik\/\">Tornado Ognik<\/a><\/td><td class=\"data-yellowcards\" data-label=\"\u017b\u00f3\u0142te kartki\">2<\/td><\/tr><tr class=\"even\"><td class=\"data-rank\" data-label=\"#\">4<\/td><td class=\"data-name\" data-label=\"Zawodnik\"><a href=\"https:\/\/ligawl.pl\/index.php\/Zawodnik\/walid-daouadi\/\">Walid Daouadi<\/a><\/td><td class=\"data-team\" data-label=\"Klub\"><a href=\"https:\/\/ligawl.pl\/index.php\/clubs\/fc-atmosferic\/\">FC Atmosferi\u0107<\/a><\/td><td class=\"data-yellowcards\" data-label=\"\u017b\u00f3\u0142te kartki\">2<\/td><\/tr><tr class=\"odd\"><td class=\"data-rank\" data-label=\"#\">5<\/td><td class=\"data-name\" data-label=\"Zawodnik\"><a href=\"https:\/\/ligawl.pl\/index.php\/Zawodnik\/mateusz-konera\/\">Mateusz Konera<\/a><\/td><td class=\"data-team\" data-label=\"Klub\"><a href=\"https:\/\/ligawl.pl\/index.php\/clubs\/ftf\/\">FTF<\/a><\/td><td class=\"data-yellowcards\" data-label=\"\u017b\u00f3\u0142te kartki\">2<\/td><\/tr><tr class=\"even\"><td class=\"data-rank\" data-label=\"#\">6<\/td><td class=\"data-name\" data-label=\"Zawodnik\"><a href=\"https:\/\/ligawl.pl\/index.php\/Zawodnik\/jakub-hajman\/\">Jakub Hajman<\/a><\/td><td class=\"data-team\" data-label=\"Klub\"><a href=\"https:\/\/ligawl.pl\/index.php\/clubs\/fsc-braga\/\">FSC Braga<\/a><\/td><td class=\"data-yellowcards\" data-label=\"\u017b\u00f3\u0142te kartki\">1<\/td><\/tr><tr class=\"odd\"><td class=\"data-rank\" data-label=\"#\">7<\/td><td class=\"data-name\" data-label=\"Zawodnik\"><a href=\"https:\/\/ligawl.pl\/index.php\/Zawodnik\/maciej-wisniewski\/\">Maciej Wi\u015bniewski<\/a><\/td><td class=\"data-team\" data-label=\"Klub\"><a href=\"https:\/\/ligawl.pl\/index.php\/clubs\/fsc-braga\/\">FSC Braga<\/a><\/td><td class=\"data-yellowcards\" data-label=\"\u017b\u00f3\u0142te kartki\">1<\/td><\/tr><tr class=\"even\"><td class=\"data-rank\" data-label=\"#\">8<\/td><td class=\"data-name\" data-label=\"Zawodnik\"><a href=\"https:\/\/ligawl.pl\/index.php\/Zawodnik\/krzysztof-schoen\/\">Krzysztof Schoen<\/a><\/td><td class=\"data-team\" data-label=\"Klub\"><a href=\"https:\/\/ligawl.pl\/index.php\/clubs\/techmarkety-pl\/\">techmarkety.pl<\/a><\/td><td class=\"data-yellowcards\" data-label=\"\u017b\u00f3\u0142te kartki\">1<\/td><\/tr><tr class=\"odd\"><td class=\"data-rank\" data-label=\"#\">9<\/td><td class=\"data-name\" data-label=\"Zawodnik\"><a href=\"https:\/\/ligawl.pl\/index.php\/Zawodnik\/wojciech-schoen\/\">Wojciech Schoen<\/a><\/td><td class=\"data-team\" data-label=\"Klub\"><a href=\"https:\/\/ligawl.pl\/index.php\/clubs\/techmarkety-pl\/\">techmarkety.pl<\/a><\/td><td class=\"data-yellowcards\" data-label=\"\u017b\u00f3\u0142te kartki\">1<\/td><\/tr><tr class=\"even\"><td class=\"data-rank\" data-label=\"#\">10<\/td><td class=\"data-name\" data-label=\"Zawodnik\"><a href=\"https:\/\/ligawl.pl\/index.php\/Zawodnik\/marcin-kordus\/\">Marcin Kordus<\/a><\/td><td class=\"data-team\" data-label=\"Klub\"><a href=\"https:\/\/ligawl.pl\/index.php\/clubs\/evertec\/\">Evertec<\/a><\/td><td class=\"data-yellowcards\" data-label=\"\u017b\u00f3\u0142te kartki\">1<\/td><\/tr><tr class=\"odd\"><td class=\"data-rank\" data-label=\"#\">11<\/td><td class=\"data-name\" data-label=\"Zawodnik\"><a href=\"https:\/\/ligawl.pl\/index.php\/Zawodnik\/krystian-schreiber\/\">Krystian Schreiber<\/a><\/td><td class=\"data-team\" data-label=\"Klub\"><a href=\"https:\/\/ligawl.pl\/index.php\/clubs\/evertec\/\">Evertec<\/a><\/td><td class=\"data-yellowcards\" data-label=\"\u017b\u00f3\u0142te kartki\">1<\/td><\/tr><tr class=\"even\"><td class=\"data-rank\" data-label=\"#\">12<\/td><td class=\"data-name\" data-label=\"Zawodnik\"><a href=\"https:\/\/ligawl.pl\/index.php\/Zawodnik\/jakub-frankiewicz\/\">Jakub Frankiewicz<\/a><\/td><td class=\"data-team\" data-label=\"Klub\"><a href=\"https:\/\/ligawl.pl\/index.php\/clubs\/dom-wydawniczy-rebis\/\">Dom Wydawniczy Rebis<\/a><\/td><td class=\"data-yellowcards\" data-label=\"\u017b\u00f3\u0142te kartki\">1<\/td><\/tr><tr class=\"odd\"><td class=\"data-rank\" data-label=\"#\">13<\/td><td class=\"data-name\" data-label=\"Zawodnik\"><a href=\"https:\/\/ligawl.pl\/index.php\/Zawodnik\/micha-romejko\/\">Micha\u0142 Romejko<\/a><\/td><td class=\"data-team\" data-label=\"Klub\"><a href=\"https:\/\/ligawl.pl\/index.php\/clubs\/almatur-biuro-podrozy\/\">Biuro Podr\u00f3\u017cy Almatur<\/a><\/td><td class=\"data-yellowcards\" data-label=\"\u017b\u00f3\u0142te kartki\">1<\/td><\/tr><tr class=\"even\"><td class=\"data-rank\" data-label=\"#\">14<\/td><td class=\"data-name\" data-label=\"Zawodnik\"><a href=\"https:\/\/ligawl.pl\/index.php\/Zawodnik\/przemysaw-halasz\/\">Przemys\u0142aw Halasz<\/a><\/td><td class=\"data-team\" data-label=\"Klub\"><a href=\"https:\/\/ligawl.pl\/index.php\/clubs\/tornado-ognik\/\">Tornado Ognik<\/a><\/td><td class=\"data-yellowcards\" data-label=\"\u017b\u00f3\u0142te kartki\">1<\/td><\/tr><tr class=\"odd\"><td class=\"data-rank\" data-label=\"#\">15<\/td><td class=\"data-name\" data-label=\"Zawodnik\"><a href=\"https:\/\/ligawl.pl\/index.php\/Zawodnik\/jakub-tokarek\/\">Jakub Tokarek<\/a><\/td><td class=\"data-team\" data-label=\"Klub\"><a href=\"https:\/\/ligawl.pl\/index.php\/clubs\/almatur-biuro-podrozy\/\">Biuro Podr\u00f3\u017cy Almatur<\/a><\/td><td class=\"data-yellowcards\" data-label=\"\u017b\u00f3\u0142te kartki\">1<\/td><\/tr><tr class=\"even\"><td class=\"data-rank\" data-label=\"#\">16<\/td><td class=\"data-name\" data-label=\"Zawodnik\"><a href=\"https:\/\/ligawl.pl\/index.php\/Zawodnik\/maciej-brauza\/\">Maciej Brauza<\/a><\/td><td class=\"data-team\" data-label=\"Klub\"><a href=\"https:\/\/ligawl.pl\/index.php\/clubs\/trans-stal-lubon\/\">Trans-Stal Lubo\u0144<\/a><\/td><td class=\"data-yellowcards\" data-label=\"\u017b\u00f3\u0142te kartki\">1<\/td><\/tr><tr class=\"odd\"><td class=\"data-rank\" data-label=\"#\">17<\/td><td class=\"data-name\" data-label=\"Zawodnik\"><a href=\"https:\/\/ligawl.pl\/index.php\/Zawodnik\/filip-niedziela\/\">Filip Niedziela<\/a><\/td><td class=\"data-team\" data-label=\"Klub\"><a href=\"https:\/\/ligawl.pl\/index.php\/clubs\/trans-stal-lubon\/\">Trans-Stal Lubo\u0144<\/a><\/td><td class=\"data-yellowcards\" data-label=\"\u017b\u00f3\u0142te kartki\">1<\/td><\/tr><tr class=\"even\"><td class=\"data-rank\" data-label=\"#\">18<\/td><td class=\"data-name\" data-label=\"Zawodnik\"><a href=\"https:\/\/ligawl.pl\/index.php\/Zawodnik\/szymon-slosarz\/\">Szymon \u015alosarz<\/a><\/td><td class=\"data-team\" data-label=\"Klub\"><a href=\"https:\/\/ligawl.pl\/index.php\/clubs\/revengers-2\/\">Revengers<\/a><\/td><td class=\"data-yellowcards\" data-label=\"\u017b\u00f3\u0142te kartki\">1<\/td><\/tr><tr class=\"odd\"><td class=\"data-rank\" data-label=\"#\">19<\/td><td class=\"data-name\" data-label=\"Zawodnik\"><a href=\"https:\/\/ligawl.pl\/index.php\/Zawodnik\/oskar-nowak\/\">Oskar Nowak<\/a><\/td><td class=\"data-team\" data-label=\"Klub\"><a href=\"https:\/\/ligawl.pl\/index.php\/clubs\/revengers-2\/\">Revengers<\/a><\/td><td class=\"data-yellowcards\" data-label=\"\u017b\u00f3\u0142te kartki\">1<\/td><\/tr><tr class=\"even\"><td class=\"data-rank\" data-label=\"#\">20<\/td><td class=\"data-name\" data-label=\"Zawodnik\"><a href=\"https:\/\/ligawl.pl\/index.php\/Zawodnik\/jakub-gozdziaszek\/\">Jakub Go\u017adziaszek<\/a><\/td><td class=\"data-team\" data-label=\"Klub\"><a href=\"https:\/\/ligawl.pl\/index.php\/clubs\/stoczniowiec\/\">Lacus Stoczniowiec<\/a><\/td><td class=\"data-yellowcards\" data-label=\"\u017b\u00f3\u0142te kartki\">1<\/td><\/tr><tr class=\"odd\"><td class=\"data-rank\" data-label=\"#\">21<\/td><td class=\"data-name\" data-label=\"Zawodnik\"><a href=\"https:\/\/ligawl.pl\/index.php\/Zawodnik\/kacper-jedynak\/\">Kacper Jedynak<\/a><\/td><td class=\"data-team\" data-label=\"Klub\"><a href=\"https:\/\/ligawl.pl\/index.php\/clubs\/fc-atmosferic\/\">FC Atmosferi\u0107<\/a><\/td><td class=\"data-yellowcards\" data-label=\"\u017b\u00f3\u0142te kartki\">1<\/td><\/tr><tr class=\"even\"><td class=\"data-rank\" data-label=\"#\">22<\/td><td class=\"data-name\" data-label=\"Zawodnik\"><a href=\"https:\/\/ligawl.pl\/index.php\/Zawodnik\/milonas-kostas\/\">Milonas Kostas<\/a><\/td><td class=\"data-team\" data-label=\"Klub\"><a href=\"https:\/\/ligawl.pl\/index.php\/clubs\/dom-wydawniczy-rebis\/\">Dom Wydawniczy Rebis<\/a><\/td><td class=\"data-yellowcards\" data-label=\"\u017b\u00f3\u0142te kartki\">1<\/td><\/tr><tr class=\"odd\"><td class=\"data-rank\" data-label=\"#\">23<\/td><td class=\"data-name\" data-label=\"Zawodnik\"><a href=\"https:\/\/ligawl.pl\/index.php\/Zawodnik\/leszek-koecki\/\">Leszek Ko\u0142ecki<\/a><\/td><td class=\"data-team\" data-label=\"Klub\"><a href=\"https:\/\/ligawl.pl\/index.php\/clubs\/imperium-lazarskie\/\">Imperium \u0141azarskie<\/a><\/td><td class=\"data-yellowcards\" data-label=\"\u017b\u00f3\u0142te kartki\">1<\/td><\/tr><tr class=\"even\"><td class=\"data-rank\" data-label=\"#\">24<\/td><td class=\"data-name\" data-label=\"Zawodnik\"><a href=\"https:\/\/ligawl.pl\/index.php\/Zawodnik\/patryk-trzybinski\/\">Patryk Trzybi\u0144ski<\/a><\/td><td class=\"data-team\" data-label=\"Klub\"><a href=\"https:\/\/ligawl.pl\/index.php\/clubs\/ftf\/\">FTF<\/a><\/td><td class=\"data-yellowcards\" data-label=\"\u017b\u00f3\u0142te kartki\">1<\/td><\/tr><tr class=\"odd\"><td class=\"data-rank\" data-label=\"#\">25<\/td><td class=\"data-name\" data-label=\"Zawodnik\"><a href=\"https:\/\/ligawl.pl\/index.php\/Zawodnik\/pawel-ksiazek\/\">Pawe\u0142 Ksi\u0105\u017cek<\/a><\/td><td class=\"data-team\" data-label=\"Klub\"><a href=\"https:\/\/ligawl.pl\/index.php\/clubs\/ftf\/\">FTF<\/a><\/td><td class=\"data-yellowcards\" data-label=\"\u017b\u00f3\u0142te kartki\">1<\/td><\/tr><tr class=\"even\"><td class=\"data-rank\" data-label=\"#\">26<\/td><td class=\"data-name\" data-label=\"Zawodnik\"><a href=\"https:\/\/ligawl.pl\/index.php\/Zawodnik\/kamil-kapaczyski\/\">Kamil Kapa\u0142czy\u0144ski<\/a><\/td><td class=\"data-team\" data-label=\"Klub\"><a href=\"https:\/\/ligawl.pl\/index.php\/clubs\/ftf\/\">FTF<\/a><\/td><td class=\"data-yellowcards\" data-label=\"\u017b\u00f3\u0142te kartki\">1<\/td><\/tr><tr class=\"odd\"><td class=\"data-rank\" data-label=\"#\">27<\/td><td class=\"data-name\" data-label=\"Zawodnik\"><a href=\"https:\/\/ligawl.pl\/index.php\/Zawodnik\/andriy-kravchuk\/\">Andrzej Krawczuk<\/a><\/td><td class=\"data-team\" data-label=\"Klub\"><a href=\"https:\/\/ligawl.pl\/index.php\/clubs\/led-lighting-team\/\">LED Lighting Team<\/a><\/td><td class=\"data-yellowcards\" data-label=\"\u017b\u00f3\u0142te kartki\">1<\/td><\/tr><tr class=\"even\"><td class=\"data-rank\" data-label=\"#\">28<\/td><td class=\"data-name\" data-label=\"Zawodnik\"><a href=\"https:\/\/ligawl.pl\/index.php\/Zawodnik\/mateusz-walczyk\/\">Mateusz Walczyk<\/a><\/td><td class=\"data-team\" data-label=\"Klub\"><a href=\"https:\/\/ligawl.pl\/index.php\/clubs\/prostal\/\">Prostal<\/a><\/td><td class=\"data-yellowcards\" data-label=\"\u017b\u00f3\u0142te kartki\">1<\/td><\/tr><tr class=\"odd\"><td class=\"data-rank\" data-label=\"#\">29<\/td><td class=\"data-name\" data-label=\"Zawodnik\"><a href=\"https:\/\/ligawl.pl\/index.php\/Zawodnik\/bartosz-ziemniewski\/\">Bartosz Ziemniewski<\/a><\/td><td class=\"data-team\" data-label=\"Klub\"><a href=\"https:\/\/ligawl.pl\/index.php\/clubs\/joga-bonito\/\">Joga Bonito<\/a><\/td><td class=\"data-yellowcards\" data-label=\"\u017b\u00f3\u0142te kartki\">1<\/td><\/tr><tr class=\"even\"><td class=\"data-rank\" data-label=\"#\">30<\/td><td class=\"data-name\" data-label=\"Zawodnik\"><a href=\"https:\/\/ligawl.pl\/index.php\/Zawodnik\/daniel-pacholak\/\">Daniel Pacholak<\/a><\/td><td class=\"data-team\" data-label=\"Klub\"><a href=\"https:\/\/ligawl.pl\/index.php\/clubs\/joga-bonito\/\">Joga Bonito<\/a><\/td><td class=\"data-yellowcards\" data-label=\"\u017b\u00f3\u0142te kartki\">1<\/td><\/tr><tr class=\"odd\"><td class=\"data-rank\" data-label=\"#\">31<\/td><td class=\"data-name\" data-label=\"Zawodnik\"><a href=\"https:\/\/ligawl.pl\/index.php\/Zawodnik\/bartosz-kdzierski\/\">Bartosz K\u0119dzierski<\/a><\/td><td class=\"data-team\" data-label=\"Klub\"><a href=\"https:\/\/ligawl.pl\/index.php\/clubs\/imperium-lazarskie\/\">Imperium \u0141azarskie<\/a><\/td><td class=\"data-yellowcards\" data-label=\"\u017b\u00f3\u0142te kartki\">1<\/td><\/tr><\/tbody><\/table><\/div><\/div><\/div>\n\n\n<div class=\"sportspress\"><h4 class=\"sp-table-caption\">Czerwone kartki<\/h4><div class=\"sp-template sp-template-player-list\"><div class=\"sp-table-wrapper\"><table class=\"sp-player-list sp-data-table sp-sortable-table sp-responsive-table playerlist_69f7e79cbf827 sp-scrollable-table sp-paginated-table\" data-sp-rows=\"30\"><thead><tr><th class=\"data-rank\">Ranga<\/th><th class=\"data-name\">Zawodnik<\/th><th class=\"data-team\">Klub<\/th><th class=\"data-redcards\"><i class=\"sp-icon-card\" title=\"Czerwone kartki\" style=\"color:#d4000f !important\"><\/i> <\/th><\/tr><\/thead><tbody><tr class=\"odd\"><td class=\"data-rank\" data-label=\"#\">1<\/td><td class=\"data-name\" data-label=\"Zawodnik\"><a href=\"https:\/\/ligawl.pl\/index.php\/Zawodnik\/krzysztof-stepniak\/\">Krzysztof St\u0119pniak<\/a><\/td><td class=\"data-team\" data-label=\"Klub\"><a href=\"https:\/\/ligawl.pl\/index.php\/clubs\/fsc-braga\/\">FSC Braga<\/a><\/td><td class=\"data-redcards\" data-label=\"Czerwone kartki\">1<\/td><\/tr><tr class=\"even\"><td class=\"data-rank\" data-label=\"#\">2<\/td><td class=\"data-name\" data-label=\"Zawodnik\"><a href=\"https:\/\/ligawl.pl\/index.php\/Zawodnik\/micha-romejko\/\">Micha\u0142 Romejko<\/a><\/td><td class=\"data-team\" data-label=\"Klub\"><a href=\"https:\/\/ligawl.pl\/index.php\/clubs\/almatur-biuro-podrozy\/\">Biuro Podr\u00f3\u017cy Almatur<\/a><\/td><td class=\"data-redcards\" data-label=\"Czerwone kartki\">1<\/td><\/tr><tr class=\"odd\"><td class=\"data-rank\" data-label=\"#\">3<\/td><td class=\"data-name\" data-label=\"Zawodnik\"><a href=\"https:\/\/ligawl.pl\/index.php\/Zawodnik\/sebastian-adamski\/\">Sebastian Adamski<\/a><\/td><td class=\"data-team\" data-label=\"Klub\"><a href=\"https:\/\/ligawl.pl\/index.php\/clubs\/revengers-2\/\">Revengers<\/a><\/td><td class=\"data-redcards\" data-label=\"Czerwone kartki\">1<\/td><\/tr><tr class=\"even\"><td class=\"data-rank\" data-label=\"#\">4<\/td><td class=\"data-name\" data-label=\"Zawodnik\"><a href=\"https:\/\/ligawl.pl\/index.php\/Zawodnik\/mateusz-dopieraa\/\">Mateusz Dopiera\u0142a<\/a><\/td><td class=\"data-team\" data-label=\"Klub\"><a href=\"https:\/\/ligawl.pl\/index.php\/clubs\/ejbry-lubon\/\">Ejbry Lubo\u0144<\/a><\/td><td class=\"data-redcards\" data-label=\"Czerwone kartki\">1<\/td><\/tr><\/tbody><\/table><\/div><\/div><\/div>\n","protected":false},"excerpt":{"rendered":"","protected":false},"author":2,"featured_media":0,"parent":27832,"menu_order":0,"comment_status":"closed","ping_status":"closed","template":"template-fullwidth.php","meta":{"footnotes":""},"class_list":["post-29224","page","type-page","status-publish","hentry"],"jetpack_sharing_enabled":true,"_links":{"self":[{"href":"https:\/\/ligawl.pl\/index.php\/wp-json\/wp\/v2\/pages\/29224","targetHints":{"allow":["GET"]}}],"collection":[{"href":"https:\/\/ligawl.pl\/index.php\/wp-json\/wp\/v2\/pages"}],"about":[{"href":"https:\/\/ligawl.pl\/index.php\/wp-json\/wp\/v2\/types\/page"}],"author":[{"embeddable":true,"href":"https:\/\/ligawl.pl\/index.php\/wp-json\/wp\/v2\/users\/2"}],"replies":[{"embeddable":true,"href":"https:\/\/ligawl.pl\/index.php\/wp-json\/wp\/v2\/comments?post=29224"}],"version-history":[{"count":1,"href":"https:\/\/ligawl.pl\/index.php\/wp-json\/wp\/v2\/pages\/29224\/revisions"}],"predecessor-version":[{"id":29228,"href":"https:\/\/ligawl.pl\/index.php\/wp-json\/wp\/v2\/pages\/29224\/revisions\/29228"}],"up":[{"embeddable":true,"href":"https:\/\/ligawl.pl\/index.php\/wp-json\/wp\/v2\/pages\/27832"}],"wp:attachment":[{"href":"https:\/\/ligawl.pl\/index.php\/wp-json\/wp\/v2\/media?parent=29224"}],"curies":[{"name":"wp","href":"https:\/\/api.w.org\/{rel}","templated":true}]}}