{"id":27731,"date":"2023-11-29T11:54:24","date_gmt":"2023-11-29T10:54:24","guid":{"rendered":"https:\/\/ligawl.pl\/?page_id=27731"},"modified":"2023-12-03T20:22:48","modified_gmt":"2023-12-03T19:22:48","slug":"superbet-superpuchar-wl-ligi-zima-2023-24","status":"publish","type":"page","link":"https:\/\/ligawl.pl\/index.php\/zima-2023-2024\/superbet-superpuchar-wl-ligi-zima-2023-24\/","title":{"rendered":"Superbet Superpuchar WL Ligi [Zima 2023\/24]"},"content":{"rendered":"<div class=\"sportspress\"><div class=\"sp-section-content sp-section-content-logos\"><div class=\"sp-template sp-template-event-logos sp-template-event-logos-inline\"><div class=\"sp-event-logos sp-event-logos-2\"><span class=\"sp-team-logo\"><a href=\"https:\/\/ligawl.pl\/index.php\/clubs\/luisspolka-2\/\"><img loading=\"lazy\" decoding=\"async\" width=\"128\" height=\"128\" src=\"https:\/\/ligawl.pl\/wp-content\/uploads\/2020\/04\/LS-128x128.png\" class=\"attachment-sportspress-fit-icon size-sportspress-fit-icon wp-post-image\" alt=\"\" \/><\/a> <strong class=\"sp-team-result\">4<\/strong><\/span> \u2014 <span class=\"sp-team-logo\"><strong class=\"sp-team-result\">8<\/strong> <a href=\"https:\/\/ligawl.pl\/index.php\/clubs\/revengers-2\/\"><img loading=\"lazy\" decoding=\"async\" width=\"128\" height=\"128\" src=\"https:\/\/ligawl.pl\/wp-content\/uploads\/2020\/12\/Revengers-128x128.png\" class=\"attachment-sportspress-fit-icon size-sportspress-fit-icon wp-post-image\" alt=\"\" \/><\/a><\/span><\/div><\/div><\/div><div class=\"sp-section-content sp-section-content-video\"><\/div><div class=\"sp-section-content sp-section-content-performance\">\t\t<div class=\"sp-event-performance-tables sp-event-performance-teams\">\n\t\t\t<div class=\"sp-template sp-template-event-performance sp-template-event-performance-icons\t\t\t\t\t\t\t\t\t\t\t\t\t\t\t\t\t\t\t\t\t\t\t   \">\n\t\t\t<h4 class=\"sp-table-caption\">Luis&amp;Sp\u00f3\u0142ka<\/h4>\n\t\t<div class=\"sp-table-wrapper\">\n\t\t<table class=\"sp-event-performance sp-data-table\n\t\t\">\n\t\t\t<thead>\n\t\t\t\t<tr>\n\t\t\t\t\t\t\t\t\t<\/tr>\n\t\t\t<\/thead>\n\t\t\t\t\t\t\t<tbody>\n\t\t\t\t\t<tr class=\"lineup odd\"><td class=\"data-number\" data-label=\"#\"><\/td><td class=\"data-name\" data-label=\"Zawodnik\"><a href=\"https:\/\/ligawl.pl\/index.php\/Zawodnik\/marcin-gogulski\/\">Marcin Gogulski<\/a><\/td><td class=\"sp-performance-icons\"><\/td><\/tr><tr class=\"lineup even\"><td class=\"data-number\" data-label=\"#\"><\/td><td class=\"data-name\" data-label=\"Zawodnik\"><a href=\"https:\/\/ligawl.pl\/index.php\/Zawodnik\/mateusz-czajka\/\">Mateusz Czajka<\/a><\/td><td class=\"sp-performance-icons\"><\/td><\/tr><tr class=\"lineup odd\"><td class=\"data-number\" data-label=\"#\"><\/td><td class=\"data-name\" data-label=\"Zawodnik\"><a href=\"https:\/\/ligawl.pl\/index.php\/Zawodnik\/marcin-winny\/\">Marcin Winny<\/a><\/td><td class=\"sp-performance-icons\"><\/td><\/tr><tr class=\"lineup even\"><td class=\"data-number\" data-label=\"#\"><\/td><td class=\"data-name\" data-label=\"Zawodnik\"><a href=\"https:\/\/ligawl.pl\/index.php\/Zawodnik\/marcel-szymkowiak\/\">Marcel Szymkowiak<\/a><\/td><td class=\"sp-performance-icons\"><i class=\"sp-icon-soccerball\" title=\"Bramka\" style=\"color:#d6d5d5 !important\"><\/i> 27', 37'<br><\/td><\/tr><tr class=\"lineup odd\"><td class=\"data-number\" data-label=\"#\">6<\/td><td class=\"data-name\" data-label=\"Zawodnik\"><a href=\"https:\/\/ligawl.pl\/index.php\/Zawodnik\/dawid-zapal\/\">Dawid Zapa\u0142<\/a><\/td><td class=\"sp-performance-icons\"><i class=\"sp-icon-card\" title=\"\u017b\u00f3\u0142te kartki\" style=\"color:#f4d014 !important\"><\/i> 37'<br><\/td><\/tr><tr class=\"lineup even\"><td class=\"data-number\" data-label=\"#\">11<\/td><td class=\"data-name\" data-label=\"Zawodnik\"><a href=\"https:\/\/ligawl.pl\/index.php\/Zawodnik\/jakub-strzelecki\/\">Jakub Strzelecki<\/a><\/td><td class=\"sp-performance-icons\"><\/td><\/tr><tr class=\"lineup odd\"><td class=\"data-number\" data-label=\"#\">16<\/td><td class=\"data-name\" data-label=\"Zawodnik\"><a href=\"https:\/\/ligawl.pl\/index.php\/Zawodnik\/marcin-michalak\/\">Marcin Michalak<\/a><\/td><td class=\"sp-performance-icons\"><i class=\"sp-icon-soccerball\" title=\"Bramka\" style=\"color:#d6d5d5 !important\"><\/i> 17'<br><\/td><\/tr><tr class=\"lineup even\"><td class=\"data-number\" data-label=\"#\"><\/td><td class=\"data-name\" data-label=\"Zawodnik\"><a href=\"https:\/\/ligawl.pl\/index.php\/Zawodnik\/piotr-zdrojewski\/\">Piotr Zdrojewski<\/a><\/td><td class=\"sp-performance-icons\"><i class=\"sp-icon-soccerball\" title=\"Bramka\" style=\"color:#d6d5d5 !important\"><\/i> 9'<br><\/td><\/tr>\t\t\t\t<\/tbody>\n\t\t\t\t\t\t\t\t<\/table>\n\t\t\t<\/div>\n\t<\/div>\n<div class=\"sp-template sp-template-event-performance sp-template-event-performance-icons\t\t\t\t\t\t\t\t\t\t\t\t\t\t\t\t\t\t\t\t\t\t\t   \">\n\t\t\t<h4 class=\"sp-table-caption\">Revengers<\/h4>\n\t\t<div class=\"sp-table-wrapper\">\n\t\t<table class=\"sp-event-performance sp-data-table\n\t\t\">\n\t\t\t<thead>\n\t\t\t\t<tr>\n\t\t\t\t\t\t\t\t\t<\/tr>\n\t\t\t<\/thead>\n\t\t\t\t\t\t\t<tbody>\n\t\t\t\t\t<tr class=\"lineup odd\"><td class=\"data-number\" data-label=\"#\"><\/td><td class=\"data-name\" data-label=\"Zawodnik\"><a href=\"https:\/\/ligawl.pl\/index.php\/Zawodnik\/szymon-slosarz\/\">Szymon \u015alosarz<\/a><\/td><td class=\"sp-performance-icons\"><i class=\"sp-icon-soccerball\" title=\"Bramka\" style=\"color:#d6d5d5 !important\"><\/i> 10', 34'<br><\/td><\/tr><tr class=\"lineup even\"><td class=\"data-number\" data-label=\"#\"><\/td><td class=\"data-name\" data-label=\"Zawodnik\"><a href=\"https:\/\/ligawl.pl\/index.php\/Zawodnik\/michal-gadomski\/\">Micha\u0142 Gadomski<\/a><\/td><td class=\"sp-performance-icons\"><\/td><\/tr><tr class=\"lineup odd\"><td class=\"data-number\" data-label=\"#\"><\/td><td class=\"data-name\" data-label=\"Zawodnik\"><a href=\"https:\/\/ligawl.pl\/index.php\/Zawodnik\/sebastian-adamski\/\">Sebastian Adamski<\/a><\/td><td class=\"sp-performance-icons\"><\/td><\/tr><tr class=\"lineup even\"><td class=\"data-number\" data-label=\"#\"><\/td><td class=\"data-name\" data-label=\"Zawodnik\"><a href=\"https:\/\/ligawl.pl\/index.php\/Zawodnik\/dominik-andrzejewski\/\">Dominik Andrzejewski<\/a> <span class=\"sp-event-stars\"><i class=\"sp-event-star dashicons dashicons-star-filled\" title=\"Zawodnik meczu\"><\/i><\/span><\/td><td class=\"sp-performance-icons\"><i class=\"sp-icon-soccerball\" title=\"Bramka\" style=\"color:#d6d5d5 !important\"><\/i> 12', 20', 37', 22'<br><\/td><\/tr><tr class=\"lineup odd\"><td class=\"data-number\" data-label=\"#\">8<\/td><td class=\"data-name\" data-label=\"Zawodnik\"><a href=\"https:\/\/ligawl.pl\/index.php\/Zawodnik\/mateusz-gajewski\/\">Mateusz Gajewski<\/a><\/td><td class=\"sp-performance-icons\"><i class=\"sp-icon-soccerball\" title=\"Bramka\" style=\"color:#d6d5d5 !important\"><\/i> 5'<br><\/td><\/tr><tr class=\"lineup even\"><td class=\"data-number\" data-label=\"#\">14<\/td><td class=\"data-name\" data-label=\"Zawodnik\"><a href=\"https:\/\/ligawl.pl\/index.php\/Zawodnik\/rafa-kuza\/\">Rafa\u0142 Kuza<\/a><\/td><td class=\"sp-performance-icons\"><\/td><\/tr><tr class=\"lineup odd\"><td class=\"data-number\" data-label=\"#\">22<\/td><td class=\"data-name\" data-label=\"Zawodnik\"><a href=\"https:\/\/ligawl.pl\/index.php\/Zawodnik\/jakub-ratajski\/\">Jakub Ratajski<\/a><\/td><td class=\"sp-performance-icons\"><\/td><\/tr><tr class=\"lineup even\"><td class=\"data-number\" data-label=\"#\">23<\/td><td class=\"data-name\" data-label=\"Zawodnik\"><a href=\"https:\/\/ligawl.pl\/index.php\/Zawodnik\/mikoaj-ratajczak\/\">Miko\u0142aj Ratajczak<\/a><\/td><td class=\"sp-performance-icons\"><i class=\"sp-icon-soccerball\" title=\"Bramka\" style=\"color:#d6d5d5 !important\"><\/i> 24'<br><\/td><\/tr>\t\t\t\t<\/tbody>\n\t\t\t\t\t\t\t\t<\/table>\n\t\t\t<\/div>\n\t<\/div>\t\t<\/div><!-- .sp-event-performance-tables -->\n\t\t<\/div><div class=\"sp-section-content sp-section-content-content\"><\/div><div class=\"sp-section-content sp-section-content-timeline\"><\/div><div class=\"sp-tab-group\"><ul class=\"sp-tab-menu\"><li class=\"sp-tab-menu-item sp-tab-menu-item-active\"><a href=\"#sp-tab-content-results\" data-sp-tab=\"results\">Wyniki<\/a><\/li><li class=\"sp-tab-menu-item\"><a href=\"#sp-tab-content-details\" data-sp-tab=\"details\">Szczeg\u00f3\u0142y<\/a><\/li><li class=\"sp-tab-menu-item\"><a href=\"#sp-tab-content-venue\" data-sp-tab=\"venue\">Miejsce spotkania<\/a><\/li><\/ul><div class=\"sp-tab-content sp-tab-content-results\" id=\"sp-tab-content-results\"><div class=\"sp-template sp-template-event-results\">\n\t<h4 class=\"sp-table-caption\">Wyniki<\/h4><div class=\"sp-table-wrapper\"><table class=\"sp-event-results sp-data-table sp-scrollable-table\"><thead><th class=\"data-name\">Klub<\/th><th class=\"data-firsthalf\">1. po\u0142owa<\/th><th class=\"data-goals\">Wynik meczu<\/th><th class=\"data-outcome\">Wynik<\/th><\/tr><\/thead><tbody><tr class=\"odd\"><td class=\"data-name\"><a href=\"https:\/\/ligawl.pl\/index.php\/clubs\/luisspolka-2\/\">Luis&amp;Sp\u00f3\u0142ka<\/a><\/td><td class=\"data-firsthalf\">2<\/td><td class=\"data-goals\">4<\/td><td class=\"data-outcome\">Pora\u017cka<\/td><\/tr><tr class=\"even\"><td class=\"data-name\"><a href=\"https:\/\/ligawl.pl\/index.php\/clubs\/revengers-2\/\">Revengers<\/a><\/td><td class=\"data-firsthalf\">4<\/td><td class=\"data-goals\">8<\/td><td class=\"data-outcome\">Zwyci\u0119stwo<\/td><\/tr><\/tbody><\/table><\/div><\/div><\/div><div class=\"sp-tab-content sp-tab-content-details\" id=\"sp-tab-content-details\"><div class=\"sp-template sp-template-event-details\">\n\t<h4 class=\"sp-table-caption\">Szczeg\u00f3\u0142y<\/h4>\n\t<div class=\"sp-table-wrapper\">\n\t\t<table class=\"sp-event-details sp-data-table\n\t\t\t\t\t sp-scrollable-table\">\n\t\t\t<thead>\n\t\t\t\t<tr>\n\t\t\t\t\t\t\t\t\t\t\t<th>Data<\/th>\n\t\t\t\t\t\t\t\t\t\t\t\t<th>Czas<\/th>\n\t\t\t\t\t\t\t\t\t\t\t\t<th>Liga<\/th>\n\t\t\t\t\t\t\t\t\t\t\t\t<th>Sezon<\/th>\n\t\t\t\t\t\t\t\t\t\t\t\t<th>Kolejka<\/th>\n\t\t\t\t\t\t\t\t\t\t<\/tr>\n\t\t\t<\/thead>\n\t\t\t<tbody>\n\t\t\t\t<tr class=\"odd\">\n\t\t\t\t\t\t\t\t\t\t\t<td>3 grudnia 2023<\/td>\n\t\t\t\t\t\t\t\t\t\t\t\t<td>19:45<\/td>\n\t\t\t\t\t\t\t\t\t\t\t\t<td>Superpuchar WL Ligi<\/td>\n\t\t\t\t\t\t\t\t\t\t\t\t<td>Zima 2023\/2024<\/td>\n\t\t\t\t\t\t\t\t\t\t\t\t<td>1<\/td>\n\t\t\t\t\t\t\t\t\t\t<\/tr>\n\t\t\t<\/tbody>\n\t\t<\/table>\n\t<\/div>\n<\/div><\/div><div class=\"sp-tab-content sp-tab-content-venue\" id=\"sp-tab-content-venue\"><div class=\"sp-template sp-template-event-venue\">\n\t\t<h4 class=\"sp-table-caption\">Miejsce spotkania<\/h4>\n\t\t<table class=\"sp-data-table sp-event-venue\">\n\t\t\t<thead>\n\t\t\t\t<tr>\n\t\t\t\t\t<th><a href=\"https:\/\/ligawl.pl\/index.php\/Boisko\/plek\/\">Centrum PLEK<\/a><\/th>\n\t\t\t\t<\/tr>\n\t\t\t<\/thead>\n\t\t\t\t\t\t\t<tbody>\n\t\t\t\t\t<tr class=\"sp-event-venue-map-row\">\n\t\t\t\t\t\t<td>\t\t<div class=\"sp-google-map-container\">\n\t\t  <iframe loading=\"lazy\" width=\"600\" height=\"320\" frameborder=\"0\" src=\"\/\/tboy.co\/maps_embed?q=Margoni%C5%84ska+25%2C+Pozna%C5%84&amp;center=52.37920841972546,16.958354614758303&amp;zoom=21&amp;maptype=roadmap\" allowfullscreen>\n\t\t  <\/iframe>\n\t\t  <a href=\"https:\/\/www.google.com\/maps\/place\/Margoni%C5%84ska+25%2C+Pozna%C5%84\/@52.37920841972546,16.958354614758303,21z\" target=\"_blank\" class=\"sp-google-map-link\"><\/a>\n\t\t<\/div>\n\t<\/td>\n\t\t\t\t\t<\/tr>\n\t\t\t\t\t\t\t\t\t\t\t<tr class=\"sp-event-venue-address-row\">\n\t\t\t\t\t\t\t<td>Margoni\u0144ska 25, Pozna\u0144<\/td>\n\t\t\t\t\t\t<\/tr>\n\t\t\t\t\t\t\t\t\t<\/tbody>\n\t\t\t\t\t<\/table>\n\t<\/div><\/div><\/div><\/div>\n","protected":false},"excerpt":{"rendered":"","protected":false},"author":2,"featured_media":0,"parent":27727,"menu_order":0,"comment_status":"closed","ping_status":"closed","template":"template-fullwidth.php","meta":{"footnotes":""},"class_list":["post-27731","page","type-page","status-publish","hentry"],"jetpack_sharing_enabled":true,"_links":{"self":[{"href":"https:\/\/ligawl.pl\/index.php\/wp-json\/wp\/v2\/pages\/27731","targetHints":{"allow":["GET"]}}],"collection":[{"href":"https:\/\/ligawl.pl\/index.php\/wp-json\/wp\/v2\/pages"}],"about":[{"href":"https:\/\/ligawl.pl\/index.php\/wp-json\/wp\/v2\/types\/page"}],"author":[{"embeddable":true,"href":"https:\/\/ligawl.pl\/index.php\/wp-json\/wp\/v2\/users\/2"}],"replies":[{"embeddable":true,"href":"https:\/\/ligawl.pl\/index.php\/wp-json\/wp\/v2\/comments?post=27731"}],"version-history":[{"count":4,"href":"https:\/\/ligawl.pl\/index.php\/wp-json\/wp\/v2\/pages\/27731\/revisions"}],"predecessor-version":[{"id":27786,"href":"https:\/\/ligawl.pl\/index.php\/wp-json\/wp\/v2\/pages\/27731\/revisions\/27786"}],"up":[{"embeddable":true,"href":"https:\/\/ligawl.pl\/index.php\/wp-json\/wp\/v2\/pages\/27727"}],"wp:attachment":[{"href":"https:\/\/ligawl.pl\/index.php\/wp-json\/wp\/v2\/media?parent=27731"}],"curies":[{"name":"wp","href":"https:\/\/api.w.org\/{rel}","templated":true}]}}