{"id":23582,"date":"2022-12-04T14:23:26","date_gmt":"2022-12-04T13:23:26","guid":{"rendered":"https:\/\/ligawl.pl\/?page_id=23582"},"modified":"2022-12-04T14:23:29","modified_gmt":"2022-12-04T13:23:29","slug":"kartki-1-wl-liga-zima-22-23","status":"publish","type":"page","link":"https:\/\/ligawl.pl\/index.php\/zima-2022-2023\/kartki-1-wl-liga-zima-22-23\/","title":{"rendered":"Kartki &#8211; 1. WL Liga [Zima 22\/23]"},"content":{"rendered":"<div class=\"sportspress\"><h4 class=\"sp-table-caption\">\u017b\u00f3\u0142te kartki<\/h4><div class=\"sp-template sp-template-player-list\"><div class=\"sp-table-wrapper\"><table class=\"sp-player-list sp-data-table sp-sortable-table sp-responsive-table playerlist_69df19a153733 sp-scrollable-table sp-paginated-table\" data-sp-rows=\"30\"><thead><tr><th class=\"data-rank\">Ranga<\/th><th class=\"data-name\">Zawodnik<\/th><th class=\"data-team\">Klub<\/th><th class=\"data-yellowcards\"><i class=\"sp-icon-card\" title=\"\u017b\u00f3\u0142te kartki\" style=\"color:#f4d014 !important\"><\/i> <\/th><\/tr><\/thead><tbody><tr class=\"odd\"><td class=\"data-rank\" data-label=\"#\">1<\/td><td class=\"data-name\" data-label=\"Zawodnik\"><a href=\"https:\/\/ligawl.pl\/index.php\/Zawodnik\/jacek-trzaskowski\/\">Jacek Wrzaskowski<\/a><\/td><td class=\"data-team\" data-label=\"Klub\"><a href=\"https:\/\/ligawl.pl\/index.php\/clubs\/mobipol-team\/\">Mobipol Team<\/a><\/td><td class=\"data-yellowcards\" data-label=\"\u017b\u00f3\u0142te kartki\">3<\/td><\/tr><tr class=\"even\"><td class=\"data-rank\" data-label=\"#\">2<\/td><td class=\"data-name\" data-label=\"Zawodnik\"><a href=\"https:\/\/ligawl.pl\/index.php\/Zawodnik\/wojciech-jarosz\/\">Wojciech Jarosz<\/a><\/td><td class=\"data-team\" data-label=\"Klub\"><a href=\"https:\/\/ligawl.pl\/index.php\/clubs\/stoczniowiec\/\">Lacus Stoczniowiec<\/a><\/td><td class=\"data-yellowcards\" data-label=\"\u017b\u00f3\u0142te kartki\">2<\/td><\/tr><tr class=\"odd\"><td class=\"data-rank\" data-label=\"#\">3<\/td><td class=\"data-name\" data-label=\"Zawodnik\"><a href=\"https:\/\/ligawl.pl\/index.php\/Zawodnik\/bartosz-modrzejewski\/\">Bartosz Modrzejewski<\/a><\/td><td class=\"data-team\" data-label=\"Klub\"><a href=\"https:\/\/ligawl.pl\/index.php\/clubs\/luisspolka-2\/\">Luis&amp;Sp\u00f3\u0142ka<\/a><\/td><td class=\"data-yellowcards\" data-label=\"\u017b\u00f3\u0142te kartki\">2<\/td><\/tr><tr class=\"even\"><td class=\"data-rank\" data-label=\"#\">4<\/td><td class=\"data-name\" data-label=\"Zawodnik\"><a href=\"https:\/\/ligawl.pl\/index.php\/Zawodnik\/andriy-kravchuk\/\">Andrzej Krawczuk<\/a><\/td><td class=\"data-team\" data-label=\"Klub\"><a href=\"https:\/\/ligawl.pl\/index.php\/clubs\/led-lighting-team\/\">LED Lighting Team<\/a><\/td><td class=\"data-yellowcards\" data-label=\"\u017b\u00f3\u0142te kartki\">2<\/td><\/tr><tr class=\"odd\"><td class=\"data-rank\" data-label=\"#\">5<\/td><td class=\"data-name\" data-label=\"Zawodnik\"><a href=\"https:\/\/ligawl.pl\/index.php\/Zawodnik\/krystian-schreiber\/\">Krystian Schreiber<\/a><\/td><td class=\"data-team\" data-label=\"Klub\"><a href=\"https:\/\/ligawl.pl\/index.php\/clubs\/evertec\/\">Evertec<\/a><\/td><td class=\"data-yellowcards\" data-label=\"\u017b\u00f3\u0142te kartki\">1<\/td><\/tr><tr class=\"even\"><td class=\"data-rank\" data-label=\"#\">6<\/td><td class=\"data-name\" data-label=\"Zawodnik\"><a href=\"https:\/\/ligawl.pl\/index.php\/Zawodnik\/piotr-siudak\/\">Piotr Siudak<\/a><\/td><td class=\"data-team\" data-label=\"Klub\"><a href=\"https:\/\/ligawl.pl\/index.php\/clubs\/stoczniowiec\/\">Lacus Stoczniowiec<\/a><\/td><td class=\"data-yellowcards\" data-label=\"\u017b\u00f3\u0142te kartki\">1<\/td><\/tr><tr class=\"odd\"><td class=\"data-rank\" data-label=\"#\">7<\/td><td class=\"data-name\" data-label=\"Zawodnik\"><a href=\"https:\/\/ligawl.pl\/index.php\/Zawodnik\/bartosz-paluczek\/\">Bartosz Paluczek<\/a><\/td><td class=\"data-team\" data-label=\"Klub\"><a href=\"https:\/\/ligawl.pl\/index.php\/clubs\/diadal\/\">Diadal<\/a><\/td><td class=\"data-yellowcards\" data-label=\"\u017b\u00f3\u0142te kartki\">1<\/td><\/tr><tr class=\"even\"><td class=\"data-rank\" data-label=\"#\">8<\/td><td class=\"data-name\" data-label=\"Zawodnik\"><a href=\"https:\/\/ligawl.pl\/index.php\/Zawodnik\/dariusz-gandecki\/\">Dariusz Gandecki<\/a><\/td><td class=\"data-team\" data-label=\"Klub\"><a href=\"https:\/\/ligawl.pl\/index.php\/clubs\/ftf\/\">FTF<\/a><\/td><td class=\"data-yellowcards\" data-label=\"\u017b\u00f3\u0142te kartki\">1<\/td><\/tr><tr class=\"odd\"><td class=\"data-rank\" data-label=\"#\">9<\/td><td class=\"data-name\" data-label=\"Zawodnik\"><a href=\"https:\/\/ligawl.pl\/index.php\/Zawodnik\/mariusz-majchrzak\/\">Mariusz Majchrzak<\/a><\/td><td class=\"data-team\" data-label=\"Klub\"><a href=\"https:\/\/ligawl.pl\/index.php\/clubs\/gietewu\/\">Gietewu<\/a><\/td><td class=\"data-yellowcards\" data-label=\"\u017b\u00f3\u0142te kartki\">1<\/td><\/tr><tr class=\"even\"><td class=\"data-rank\" data-label=\"#\">10<\/td><td class=\"data-name\" data-label=\"Zawodnik\"><a href=\"https:\/\/ligawl.pl\/index.php\/Zawodnik\/jzef-pawlak\/\">J\u00f3zef Pawlak<\/a><\/td><td class=\"data-team\" data-label=\"Klub\"><a href=\"https:\/\/ligawl.pl\/index.php\/clubs\/luisspolka-2\/\">Luis&amp;Sp\u00f3\u0142ka<\/a><\/td><td class=\"data-yellowcards\" data-label=\"\u017b\u00f3\u0142te kartki\">1<\/td><\/tr><tr class=\"odd\"><td class=\"data-rank\" data-label=\"#\">11<\/td><td class=\"data-name\" data-label=\"Zawodnik\"><a href=\"https:\/\/ligawl.pl\/index.php\/Zawodnik\/ukasz-lekier\/\">\u0141ukasz Lekier<\/a><\/td><td class=\"data-team\" data-label=\"Klub\"><a href=\"https:\/\/ligawl.pl\/index.php\/clubs\/emeritos-galaktikos\/\">Emeritos Galaktikos<\/a><\/td><td class=\"data-yellowcards\" data-label=\"\u017b\u00f3\u0142te kartki\">1<\/td><\/tr><tr class=\"even\"><td class=\"data-rank\" data-label=\"#\">12<\/td><td class=\"data-name has-photo\" data-label=\"Zawodnik\"><a href=\"https:\/\/ligawl.pl\/index.php\/Zawodnik\/mateusz-mucha\/\"><span class=\"player-photo\"><img loading=\"lazy\" decoding=\"async\" width=\"85\" height=\"128\" src=\"https:\/\/ligawl.pl\/wp-content\/uploads\/2021\/04\/image2-85x128.jpeg\" class=\"attachment-sportspress-fit-icon size-sportspress-fit-icon wp-post-image\" alt=\"\" \/><\/span>Mateusz Mucha<\/a><\/td><td class=\"data-team\" data-label=\"Klub\"><a href=\"https:\/\/ligawl.pl\/index.php\/clubs\/diadal\/\">Diadal<\/a><\/td><td class=\"data-yellowcards\" data-label=\"\u017b\u00f3\u0142te kartki\">1<\/td><\/tr><tr class=\"odd\"><td class=\"data-rank\" data-label=\"#\">13<\/td><td class=\"data-name\" data-label=\"Zawodnik\"><a href=\"https:\/\/ligawl.pl\/index.php\/Zawodnik\/przemyslaw-szumski\/\">Przemys\u0142aw Szumski<\/a><\/td><td class=\"data-team\" data-label=\"Klub\"><a href=\"https:\/\/ligawl.pl\/index.php\/clubs\/emeritos-galaktikos\/\">Emeritos Galaktikos<\/a><\/td><td class=\"data-yellowcards\" data-label=\"\u017b\u00f3\u0142te kartki\">1<\/td><\/tr><\/tbody><\/table><\/div><\/div><\/div>\n\n\n<div class=\"sportspress\"><h4 class=\"sp-table-caption\">Czerwone kartki<\/h4><div class=\"sp-template sp-template-player-list\"><div class=\"sp-table-wrapper\"><table class=\"sp-player-list sp-data-table sp-sortable-table sp-responsive-table playerlist_69df19a17e5cd sp-scrollable-table sp-paginated-table\" data-sp-rows=\"30\"><thead><tr><th class=\"data-rank\">Ranga<\/th><th class=\"data-name\">Zawodnik<\/th><th class=\"data-team\">Klub<\/th><th class=\"data-redcards\"><i class=\"sp-icon-card\" title=\"Czerwone kartki\" style=\"color:#d4000f !important\"><\/i> <\/th><\/tr><\/thead><tbody><tr class=\"odd\"><td class=\"data-rank\" data-label=\"#\">1<\/td><td class=\"data-name\" data-label=\"Zawodnik\"><a href=\"https:\/\/ligawl.pl\/index.php\/Zawodnik\/adam-wojciechowski\/\">Adam Wojciechowski<\/a><\/td><td class=\"data-team\" data-label=\"Klub\"><a href=\"https:\/\/ligawl.pl\/index.php\/clubs\/ikp-olimpia\/\">IKP Olimpia<\/a><\/td><td class=\"data-redcards\" data-label=\"Czerwone kartki\">1<\/td><\/tr><\/tbody><\/table><\/div><\/div><\/div>\n","protected":false},"excerpt":{"rendered":"","protected":false},"author":2,"featured_media":0,"parent":23578,"menu_order":0,"comment_status":"closed","ping_status":"closed","template":"template-fullwidth.php","meta":{"footnotes":""},"class_list":["post-23582","page","type-page","status-publish","hentry"],"jetpack_sharing_enabled":true,"_links":{"self":[{"href":"https:\/\/ligawl.pl\/index.php\/wp-json\/wp\/v2\/pages\/23582","targetHints":{"allow":["GET"]}}],"collection":[{"href":"https:\/\/ligawl.pl\/index.php\/wp-json\/wp\/v2\/pages"}],"about":[{"href":"https:\/\/ligawl.pl\/index.php\/wp-json\/wp\/v2\/types\/page"}],"author":[{"embeddable":true,"href":"https:\/\/ligawl.pl\/index.php\/wp-json\/wp\/v2\/users\/2"}],"replies":[{"embeddable":true,"href":"https:\/\/ligawl.pl\/index.php\/wp-json\/wp\/v2\/comments?post=23582"}],"version-history":[{"count":1,"href":"https:\/\/ligawl.pl\/index.php\/wp-json\/wp\/v2\/pages\/23582\/revisions"}],"predecessor-version":[{"id":23587,"href":"https:\/\/ligawl.pl\/index.php\/wp-json\/wp\/v2\/pages\/23582\/revisions\/23587"}],"up":[{"embeddable":true,"href":"https:\/\/ligawl.pl\/index.php\/wp-json\/wp\/v2\/pages\/23578"}],"wp:attachment":[{"href":"https:\/\/ligawl.pl\/index.php\/wp-json\/wp\/v2\/media?parent=23582"}],"curies":[{"name":"wp","href":"https:\/\/api.w.org\/{rel}","templated":true}]}}