{"id":21795,"date":"2022-07-04T08:29:16","date_gmt":"2022-07-04T06:29:16","guid":{"rendered":"https:\/\/ligawl.pl\/?page_id=21795"},"modified":"2022-11-24T20:53:14","modified_gmt":"2022-11-24T19:53:14","slug":"faza-finalowa-3-wl-liga-j22","status":"publish","type":"page","link":"https:\/\/ligawl.pl\/index.php\/jesien-2022\/faza-finalowa-3-wl-liga-j22\/","title":{"rendered":"Faza fina\u0142owa \u2013 3. WL Liga [J22]"},"content":{"rendered":"\n<p class=\"has-white-color has-text-color has-background has-medium-font-size\" style=\"background-color:#334492\"><strong>Mecz o 1. miejsce<\/strong><\/p>\n\n\n\n<h2 class=\"has-text-align-left wp-block-heading\"><a rel=\"noreferrer noopener\" href=\"https:\/\/ligawl.pl\/index.php\/matches\/el-pistoleros-ffc-habitat\/\" target=\"_blank\">El Pistoleros &#8211; FFC Habitat<\/a> 2:6<\/h2>\n\n\n\n<p class=\"has-white-color has-text-color has-background has-medium-font-size\" style=\"background-color:#334492\"><strong>Mecz o 3. miejsce<\/strong><\/p>\n\n\n\n<h2 class=\"has-text-align-left wp-block-heading\"><a rel=\"noreferrer noopener\" href=\"https:\/\/ligawl.pl\/index.php\/matches\/ftf-szturmowcy-2\/\" target=\"_blank\">FTF &#8211; Szturmowcy<\/a> 2:1<\/h2>\n\n\n\n<p class=\"has-white-color has-text-color has-background has-medium-font-size\" style=\"background-color:#334492\"><strong>Mecz o 5. miejsce<\/strong><\/p>\n\n\n\n<h2 class=\"has-text-align-left wp-block-heading\">Diadal &#8211; FC Kwiatowe 0:5 (walkower)<\/h2>\n\n\n\n<p class=\"has-white-color has-text-color has-background has-medium-font-size\" style=\"background-color:#334492\"><strong>Mecz o 7. miejsce<\/strong><\/p>\n\n\n\n<h2 class=\"has-text-align-left wp-block-heading\"><a rel=\"noreferrer noopener\" href=\"https:\/\/ligawl.pl\/index.php\/matches\/ftf-diadal-mechaniczna-pomarancza-blekitni-czerwonak-krwinki-fc-culers-fc-atmosferic-szturmowcy\/\" target=\"_blank\">B\u0142\u0119kitni Czerwonak &#8211; FC Culers<\/a> 6:3<\/h2>\n\n\n\n<p class=\"has-white-color has-text-color has-background has-medium-font-size\" style=\"background-color:#334492\"><strong>Mecz o 9. miejsce<\/strong><\/p>\n\n\n\n<h2 class=\"has-text-align-left wp-block-heading\">Mechaniczna Pomara\u0144cza &#8211; FC Atmosferi\u0107 5:0 (walkower)<\/h2>\n\n\n\n<p class=\"has-white-color has-text-color has-background has-medium-font-size\" style=\"background-color:#334492\"><strong>Mecz o 11. miejsce<\/strong><\/p>\n\n\n\n<h2 class=\"has-text-align-left wp-block-heading\"><a rel=\"noreferrer noopener\" href=\"https:\/\/ligawl.pl\/index.php\/matches\/diadal-mechaniczna-pomarancza-blekitni-czerwonak-krwinki-byczki-fc-colquimica\/\" target=\"_blank\">Krwinki &#8211; FC Colquimica<\/a> 3:0<\/h2>\n\n\n\n<p class=\"has-white-color has-text-color has-background has-medium-font-size\" style=\"background-color:#334492\"><strong>Mecz o 13. miejsce<\/strong><\/p>\n\n\n\n<h2 class=\"has-text-align-left wp-block-heading\">Byczki &#8211; Winiary FC 5:0 (walkower)<\/h2>\n\n\n\n<p class=\"has-white-color has-text-color has-background has-medium-font-size\" style=\"background-color:#334492\"><strong>Mecz o 15. miejsce<\/strong><\/p>\n\n\n\n<h2 class=\"has-text-align-left wp-block-heading\"><a rel=\"noreferrer noopener\" href=\"https:\/\/ligawl.pl\/index.php\/matches\/polibulls-hangover-fc-jaguars\/\" target=\"_blank\">Los Amarillos &#8211; Jaguars<\/a> 1:13<\/h2>\n\n\n\n<p class=\"has-white-color has-text-color has-background has-medium-font-size\" style=\"background-color:#334492\"><strong>Mecz o 17. miejsce<\/strong><\/p>\n\n\n\n<h2 class=\"has-text-align-left wp-block-heading\">Hangover FC* &#8211; techmarkety.pl 0:5 (walkower)<\/h2>\n\n\n\n<p><em>* &#8211; Hangover FC przegra\u0142 trzeci mecz walkowerem w zwi\u0105zku z tym w klasyfikacji ko\u0144cowej zostanie przesuni\u0119ty na ostatnie miejsce w 3. WL Lidze.<\/em><\/p>\n\n\n\n<p class=\"has-white-color has-text-color has-background has-medium-font-size\" style=\"background-color:#334492\"><strong>Mecz o 19. miejsce<\/strong><\/p>\n\n\n\n<h2 class=\"has-text-align-left wp-block-heading\"><a rel=\"noreferrer noopener\" href=\"https:\/\/ligawl.pl\/index.php\/matches\/polibulls-los-amarillos-icpen-pww\/\" target=\"_blank\">Polibulls &#8211; PWW<\/a> 0:3 (walkower)<\/h2>\n\n\n\n<p><em>* &#8211; na boisku 4:3 dla Polibulls. Mecz zweryfikowany jako walkower 3:0 dla PWW z uwagi na gr\u0119 nieuprawnionego zawodnika w dru\u017cynie Polibulls. <\/em><\/p>\n\n\n\n<p class=\"has-white-color has-text-color has-background has-medium-font-size\" style=\"background-color:#334492\"><strong>Grupa pocieszenia<\/strong><\/p>\n\n\n\n<h2 class=\"has-text-align-left wp-block-heading\"><div class=\"sportspress\"><div class=\"sp-template sp-template-league-table\">\n\t<h4 class=\"sp-table-caption\">Tabela<\/h4><div class=\"sp-table-wrapper\"><table class=\"sp-league-table sp-data-table sp-sortable-table sp-responsive-table table_69e56a5397213 sp-scrollable-table sp-paginated-table\" data-sp-rows=\"30\"><thead><tr><th class=\"data-rank\">Pozycja<\/th><th class=\"data-name\">Klub<\/th><th class=\"data-p\">M<\/th><th class=\"data-w\">Z<\/th><th class=\"data-d\">R<\/th><th class=\"data-l\">P<\/th><th class=\"data-f\">Br+<\/th><th class=\"data-a\">Br-<\/th><th class=\"data-gd\">+\/-<\/th><th class=\"data-pts\">Pkt<\/th><\/tr><\/thead><tbody><tr class=\"odd sp-row-no-0\"><td class=\"data-rank\" data-label=\"Pozycja\">1<\/td><td class=\"data-name has-logo\" data-label=\"Klub\"><a href=\"https:\/\/ligawl.pl\/index.php\/clubs\/ndw-poznan\/\"><span class=\"team-logo\"><img loading=\"lazy\" decoding=\"async\" width=\"128\" height=\"128\" src=\"https:\/\/ligawl.pl\/wp-content\/uploads\/2022\/02\/NDW-128x128.png\" class=\"attachment-sportspress-fit-icon size-sportspress-fit-icon wp-post-image\" alt=\"\" \/><\/span>NDW<\/a><\/td><td class=\"data-p\" data-label=\"M\">2<\/td><td class=\"data-w\" data-label=\"Z\">2<\/td><td class=\"data-d\" data-label=\"R\">0<\/td><td class=\"data-l\" data-label=\"P\">0<\/td><td class=\"data-f\" data-label=\"Br+\">11<\/td><td class=\"data-a\" data-label=\"Br-\">3<\/td><td class=\"data-gd\" data-label=\"+\/-\">8<\/td><td class=\"data-pts\" data-label=\"Pkt\">6<\/td><\/tr><tr class=\"even sp-row-no-1\"><td class=\"data-rank\" data-label=\"Pozycja\">2<\/td><td class=\"data-name has-logo\" data-label=\"Klub\"><a href=\"https:\/\/ligawl.pl\/index.php\/clubs\/woz-drzymaly\/\"><span class=\"team-logo\"><img loading=\"lazy\" decoding=\"async\" width=\"128\" height=\"128\" src=\"https:\/\/ligawl.pl\/wp-content\/uploads\/2022\/02\/Woz_Drzymaly-128x128.png\" class=\"attachment-sportspress-fit-icon size-sportspress-fit-icon wp-post-image\" alt=\"\" \/><\/span>W\u00f3z Drzyma\u0142y<\/a><\/td><td class=\"data-p\" data-label=\"M\">2<\/td><td class=\"data-w\" data-label=\"Z\">1<\/td><td class=\"data-d\" data-label=\"R\">0<\/td><td class=\"data-l\" data-label=\"P\">1<\/td><td class=\"data-f\" data-label=\"Br+\">4<\/td><td class=\"data-a\" data-label=\"Br-\">6<\/td><td class=\"data-gd\" data-label=\"+\/-\">-2<\/td><td class=\"data-pts\" data-label=\"Pkt\">2<\/td><\/tr><tr class=\"odd sp-row-no-2\"><td class=\"data-rank\" data-label=\"Pozycja\">3<\/td><td class=\"data-name has-logo\" data-label=\"Klub\"><a href=\"https:\/\/ligawl.pl\/index.php\/clubs\/icpen\/\"><span class=\"team-logo\"><img loading=\"lazy\" decoding=\"async\" width=\"128\" height=\"128\" src=\"https:\/\/ligawl.pl\/wp-content\/uploads\/2020\/06\/ICPen-128x128.png\" class=\"attachment-sportspress-fit-icon size-sportspress-fit-icon wp-post-image\" alt=\"\" \/><\/span>ICPen<\/a><\/td><td class=\"data-p\" data-label=\"M\">2<\/td><td class=\"data-w\" data-label=\"Z\">0<\/td><td class=\"data-d\" data-label=\"R\">0<\/td><td class=\"data-l\" data-label=\"P\">2<\/td><td class=\"data-f\" data-label=\"Br+\">4<\/td><td class=\"data-a\" data-label=\"Br-\">10<\/td><td class=\"data-gd\" data-label=\"+\/-\">-6<\/td><td class=\"data-pts\" data-label=\"Pkt\">0<\/td><\/tr><\/tbody><\/table><\/div><\/div>\n<\/div><\/h2>\n","protected":false},"excerpt":{"rendered":"<p>Mecz o 1. miejsce El Pistoleros &#8211; FFC Habitat 2:6 Mecz o 3. miejsce FTF &#8211; Szturmowcy 2:1 Mecz o 5. miejsce Diadal &#8211; FC Kwiatowe 0:5 (walkower) Mecz o 7. miejsce B\u0142\u0119kitni Czerwonak &#8211; FC Culers 6:3 Mecz o 9. miejsce Mechaniczna Pomara\u0144cza &#8211; FC Atmosferi\u0107 5:0 (walkower) Mecz o 11. miejsce Krwinki &#8211; [&hellip;]<\/p>\n","protected":false},"author":2,"featured_media":0,"parent":21327,"menu_order":0,"comment_status":"closed","ping_status":"closed","template":"template-fullwidth.php","meta":{"footnotes":""},"class_list":["post-21795","page","type-page","status-publish","hentry"],"jetpack_sharing_enabled":true,"_links":{"self":[{"href":"https:\/\/ligawl.pl\/index.php\/wp-json\/wp\/v2\/pages\/21795","targetHints":{"allow":["GET"]}}],"collection":[{"href":"https:\/\/ligawl.pl\/index.php\/wp-json\/wp\/v2\/pages"}],"about":[{"href":"https:\/\/ligawl.pl\/index.php\/wp-json\/wp\/v2\/types\/page"}],"author":[{"embeddable":true,"href":"https:\/\/ligawl.pl\/index.php\/wp-json\/wp\/v2\/users\/2"}],"replies":[{"embeddable":true,"href":"https:\/\/ligawl.pl\/index.php\/wp-json\/wp\/v2\/comments?post=21795"}],"version-history":[{"count":29,"href":"https:\/\/ligawl.pl\/index.php\/wp-json\/wp\/v2\/pages\/21795\/revisions"}],"predecessor-version":[{"id":23471,"href":"https:\/\/ligawl.pl\/index.php\/wp-json\/wp\/v2\/pages\/21795\/revisions\/23471"}],"up":[{"embeddable":true,"href":"https:\/\/ligawl.pl\/index.php\/wp-json\/wp\/v2\/pages\/21327"}],"wp:attachment":[{"href":"https:\/\/ligawl.pl\/index.php\/wp-json\/wp\/v2\/media?parent=21795"}],"curies":[{"name":"wp","href":"https:\/\/api.w.org\/{rel}","templated":true}]}}