{"id":21270,"date":"2022-06-03T20:52:37","date_gmt":"2022-06-03T18:52:37","guid":{"rendered":"https:\/\/ligawl.pl\/?page_id=21270"},"modified":"2022-06-03T20:52:58","modified_gmt":"2022-06-03T18:52:58","slug":"turniej-mistrzow-wl-ligi-sezon-2021-2022","status":"publish","type":"page","link":"https:\/\/ligawl.pl\/index.php\/wiosna-2022\/turniej-mistrzow-wl-ligi-sezon-2021-2022\/","title":{"rendered":"Turniej Mistrz\u00f3w WL Ligi &#8211; sezon 2021\/2022"},"content":{"rendered":"<div class=\"sportspress\"><div class=\"sp-template sp-template-event-list\">\n\t\t\t<h4 class=\"sp-table-caption\">Terminarz<\/h4>\n\t\t<div class=\"sp-table-wrapper\">\n\t\t<table class=\"sp-event-list sp-event-list-format-title sp-data-table\n\t\t\t\t\t\t\t\t\t\t\t\t\t\t\t\t\t\t\t\t sp-paginated-table\n\t\t\t\t\t\t\t\t\t\t\t\t\t\t\t\t\t\t \t\t\t sp-sortable-table\n\t\t\t\t\t\t\t\t\t\t\t\t\t\t\t\t\t\t  sp-responsive-table eventlist_69ff001400033\t\t\t\t\t\t\t\t\t\t\t\t\t sp-scrollable-table \" data-sp-rows=\"50\">\n\t\t\t<thead>\n\t\t\t\t<tr>\n\t\t\t\t\t<th class=\"data-date\">Data<\/th><th class=\"data-event\">Mecz<\/th><th class=\"data-time\">Czas\/Wyniki<\/th><th class=\"data-season\">Sezon<\/th><th style=\"display:none;\" class=\"data-venue\">Miejsce spotkania<\/th><th class=\"data-day\">Kolejka<\/th>\t\t\t\t<\/tr>\n\t\t\t<\/thead>\n\t\t\t<tbody>\n\t\t\t\t<tr class=\"sp-row sp-post alternate sp-row-no-0\" itemscope itemtype=\"http:\/\/schema.org\/SportsEvent\"><td class=\"data-date\" itemprop=\"startDate\" content=\"2022-06-20T20:15+02:00\" data-label=\"Data\"><a href=\"https:\/\/ligawl.pl\/index.php\/matches\/ikp-olimpia-siupakabra\/\" itemprop=\"url\"><date>2022-06-20 20:15:02<\/date>20 czerwca 2022<\/a><\/td><td class=\"data-event\" data-label=\"Mecz\"><a href=\"https:\/\/ligawl.pl\/index.php\/matches\/ikp-olimpia-siupakabra\/\"> IKP Olimpia \u2014 Siupakabra<\/a><\/td><td class=\"data-time ok\" data-label=\"Czas\/Wyniki\"><a href=\"https:\/\/ligawl.pl\/index.php\/matches\/ikp-olimpia-siupakabra\/\" itemprop=\"url\">4 - 2<\/a><\/td><td class=\"data-season\" data-label=\"Sezon\">Wiosna 2022<\/td><td style=\"display:none;\" class=\"data-venue\" data-label=\"Miejsce spotkania\" itemprop=\"location\" itemscope itemtype=\"http:\/\/schema.org\/Place\"><div itemprop=\"address\" itemscope itemtype=\"http:\/\/schema.org\/PostalAddress\">Brak danych<\/div><\/td><td class=\"data-day\" data-label=\"Kolejka\">1<\/td><\/tr><tr class=\"sp-row sp-post sp-row-no-1\" itemscope itemtype=\"http:\/\/schema.org\/SportsEvent\"><td class=\"data-date\" itemprop=\"startDate\" content=\"2022-06-20T20:50+02:00\" data-label=\"Data\"><a href=\"https:\/\/ligawl.pl\/index.php\/matches\/siupakabra-transkrupka-pl\/\" itemprop=\"url\"><date>2022-06-20 20:50:39<\/date>20 czerwca 2022<\/a><\/td><td class=\"data-event\" data-label=\"Mecz\"><a href=\"https:\/\/ligawl.pl\/index.php\/matches\/siupakabra-transkrupka-pl\/\"> Siupakabra \u2014 transkrupka.pl<\/a><\/td><td class=\"data-time ok\" data-label=\"Czas\/Wyniki\"><a href=\"https:\/\/ligawl.pl\/index.php\/matches\/siupakabra-transkrupka-pl\/\" itemprop=\"url\">2 - 5<\/a><\/td><td class=\"data-season\" data-label=\"Sezon\">Wiosna 2022<\/td><td style=\"display:none;\" class=\"data-venue\" data-label=\"Miejsce spotkania\" itemprop=\"location\" itemscope itemtype=\"http:\/\/schema.org\/Place\"><div itemprop=\"address\" itemscope itemtype=\"http:\/\/schema.org\/PostalAddress\">Brak danych<\/div><\/td><td class=\"data-day\" data-label=\"Kolejka\">1<\/td><\/tr><tr class=\"sp-row sp-post alternate sp-row-no-2\" itemscope itemtype=\"http:\/\/schema.org\/SportsEvent\"><td class=\"data-date\" itemprop=\"startDate\" content=\"2022-06-20T19:40+02:00\" data-label=\"Data\"><a href=\"https:\/\/ligawl.pl\/index.php\/matches\/transkrupka-pl-ikp-olimpia-2\/\" itemprop=\"url\"><date>2022-06-20 19:40:16<\/date>20 czerwca 2022<\/a><\/td><td class=\"data-event\" data-label=\"Mecz\"><a href=\"https:\/\/ligawl.pl\/index.php\/matches\/transkrupka-pl-ikp-olimpia-2\/\"> transkrupka.pl \u2014 IKP Olimpia<\/a><\/td><td class=\"data-time ok\" data-label=\"Czas\/Wyniki\"><a href=\"https:\/\/ligawl.pl\/index.php\/matches\/transkrupka-pl-ikp-olimpia-2\/\" itemprop=\"url\">3 - 3<\/a><\/td><td class=\"data-season\" data-label=\"Sezon\">Wiosna 2022<\/td><td style=\"display:none;\" class=\"data-venue\" data-label=\"Miejsce spotkania\" itemprop=\"location\" itemscope itemtype=\"http:\/\/schema.org\/Place\"><div itemprop=\"address\" itemscope itemtype=\"http:\/\/schema.org\/PostalAddress\">Brak danych<\/div><\/td><td class=\"data-day\" data-label=\"Kolejka\">1<\/td><\/tr>\t\t\t<\/tbody>\n\t\t<\/table>\n\t<\/div>\n\t<\/div>\n<\/div>\n\n\n<div class=\"sportspress\"><div class=\"sp-template sp-template-league-table\">\n\t<h4 class=\"sp-table-caption\">Tabela<\/h4><div class=\"sp-table-wrapper\"><table class=\"sp-league-table sp-data-table sp-sortable-table sp-responsive-table table_69ff001402d49 sp-scrollable-table sp-paginated-table\" data-sp-rows=\"30\"><thead><tr><th class=\"data-rank\">Pozycja<\/th><th class=\"data-name\">Klub<\/th><th class=\"data-p\">M<\/th><th class=\"data-w\">Z<\/th><th class=\"data-d\">R<\/th><th class=\"data-l\">P<\/th><th class=\"data-f\">Br+<\/th><th class=\"data-a\">Br-<\/th><th class=\"data-gd\">+\/-<\/th><th class=\"data-pts\">Pkt<\/th><\/tr><\/thead><tbody><tr class=\"odd sp-row-no-0\"><td class=\"data-rank\" data-label=\"Pozycja\">1<\/td><td class=\"data-name has-logo\" data-label=\"Klub\"><a href=\"https:\/\/ligawl.pl\/index.php\/clubs\/transkrupka-pl\/\"><span class=\"team-logo\"><img loading=\"lazy\" decoding=\"async\" width=\"128\" height=\"128\" src=\"https:\/\/ligawl.pl\/wp-content\/uploads\/2020\/03\/transkrupka-128x128.png\" class=\"attachment-sportspress-fit-icon size-sportspress-fit-icon wp-post-image\" alt=\"\" \/><\/span>transkrupka.pl<\/a><\/td><td class=\"data-p\" data-label=\"M\">2<\/td><td class=\"data-w\" data-label=\"Z\">1<\/td><td class=\"data-d\" data-label=\"R\">1<\/td><td class=\"data-l\" data-label=\"P\">0<\/td><td class=\"data-f\" data-label=\"Br+\">8<\/td><td class=\"data-a\" data-label=\"Br-\">5<\/td><td class=\"data-gd\" data-label=\"+\/-\">3<\/td><td class=\"data-pts\" data-label=\"Pkt\">4<\/td><\/tr><tr class=\"even sp-row-no-1\"><td class=\"data-rank\" data-label=\"Pozycja\">2<\/td><td class=\"data-name has-logo\" data-label=\"Klub\"><a href=\"https:\/\/ligawl.pl\/index.php\/clubs\/ikp-olimpia\/\"><span class=\"team-logo\"><img loading=\"lazy\" decoding=\"async\" width=\"128\" height=\"128\" src=\"https:\/\/ligawl.pl\/wp-content\/uploads\/2020\/06\/Olimpia-128x128.png\" class=\"attachment-sportspress-fit-icon size-sportspress-fit-icon wp-post-image\" alt=\"\" \/><\/span>IKP Olimpia<\/a><\/td><td class=\"data-p\" data-label=\"M\">2<\/td><td class=\"data-w\" data-label=\"Z\">1<\/td><td class=\"data-d\" data-label=\"R\">1<\/td><td class=\"data-l\" data-label=\"P\">0<\/td><td class=\"data-f\" data-label=\"Br+\">7<\/td><td class=\"data-a\" data-label=\"Br-\">5<\/td><td class=\"data-gd\" data-label=\"+\/-\">2<\/td><td class=\"data-pts\" data-label=\"Pkt\">4<\/td><\/tr><tr class=\"odd sp-row-no-2\"><td class=\"data-rank\" data-label=\"Pozycja\">3<\/td><td class=\"data-name has-logo\" data-label=\"Klub\"><a href=\"https:\/\/ligawl.pl\/index.php\/clubs\/siupakabra\/\"><span class=\"team-logo\"><img loading=\"lazy\" decoding=\"async\" width=\"128\" height=\"128\" src=\"https:\/\/ligawl.pl\/wp-content\/uploads\/2020\/12\/Siupakabra-128x128.png\" class=\"attachment-sportspress-fit-icon size-sportspress-fit-icon wp-post-image\" alt=\"\" \/><\/span>Siupakabra<\/a><\/td><td class=\"data-p\" data-label=\"M\">2<\/td><td class=\"data-w\" data-label=\"Z\">0<\/td><td class=\"data-d\" data-label=\"R\">0<\/td><td class=\"data-l\" data-label=\"P\">2<\/td><td class=\"data-f\" data-label=\"Br+\">4<\/td><td class=\"data-a\" data-label=\"Br-\">9<\/td><td class=\"data-gd\" data-label=\"+\/-\">-5<\/td><td class=\"data-pts\" data-label=\"Pkt\">0<\/td><\/tr><\/tbody><\/table><\/div><\/div>\n<\/div>\n\n\n<div class=\"sportspress\"><h4 class=\"sp-table-caption\">Klasyfikacja<\/h4><div class=\"sp-template sp-template-player-list\"><div class=\"sp-table-wrapper\"><table class=\"sp-player-list sp-data-table sp-sortable-table sp-responsive-table playerlist_69ff001420a32 sp-scrollable-table sp-paginated-table\" data-sp-rows=\"30\"><thead><tr><th class=\"data-rank\">Ranga<\/th><th class=\"data-name\">Zawodnik<\/th><th class=\"data-team\">Klub<\/th><th class=\"data-goals\"><i class=\"sp-icon-soccerball\" title=\"Bramka\" style=\"color:#d6d5d5 !important\"><\/i> <\/th><\/tr><\/thead><tbody><tr class=\"odd\"><td class=\"data-rank\" data-label=\"#\">1<\/td><td class=\"data-name\" data-label=\"Zawodnik\"><a href=\"https:\/\/ligawl.pl\/index.php\/Zawodnik\/bartosz-szpalik\/\">Bartosz Szpalik<\/a><\/td><td class=\"data-team\" data-label=\"Klub\"><a href=\"https:\/\/ligawl.pl\/index.php\/clubs\/ikp-olimpia\/\">IKP Olimpia<\/a><\/td><td class=\"data-goals\" data-label=\"Bramka\">4<\/td><\/tr><tr class=\"even\"><td class=\"data-rank\" data-label=\"#\">2<\/td><td class=\"data-name\" data-label=\"Zawodnik\"><a href=\"https:\/\/ligawl.pl\/index.php\/Zawodnik\/jakub-gieda\/\">Jakub Gie\u0142da<\/a><\/td><td class=\"data-team\" data-label=\"Klub\"><a href=\"https:\/\/ligawl.pl\/index.php\/clubs\/transkrupka-pl\/\">transkrupka.pl<\/a><\/td><td class=\"data-goals\" data-label=\"Bramka\">3<\/td><\/tr><tr class=\"odd\"><td class=\"data-rank\" data-label=\"#\">3<\/td><td class=\"data-name\" data-label=\"Zawodnik\"><a href=\"https:\/\/ligawl.pl\/index.php\/Zawodnik\/krzysztof-kulczak\/\">Krzysztof Kulczak<\/a><\/td><td class=\"data-team\" data-label=\"Klub\"><a href=\"https:\/\/ligawl.pl\/index.php\/clubs\/transkrupka-pl\/\">transkrupka.pl<\/a><\/td><td class=\"data-goals\" data-label=\"Bramka\">3<\/td><\/tr><tr class=\"even\"><td class=\"data-rank\" data-label=\"#\">4<\/td><td class=\"data-name\" data-label=\"Zawodnik\"><a href=\"https:\/\/ligawl.pl\/index.php\/Zawodnik\/rafa-krwczyski\/\">Rafa\u0142 Kr\u00f3wczy\u0144ski<\/a><\/td><td class=\"data-team\" data-label=\"Klub\"><a href=\"https:\/\/ligawl.pl\/index.php\/clubs\/siupakabra\/\">Siupakabra<\/a><\/td><td class=\"data-goals\" data-label=\"Bramka\">2<\/td><\/tr><tr class=\"odd\"><td class=\"data-rank\" data-label=\"#\">5<\/td><td class=\"data-name\" data-label=\"Zawodnik\"><a href=\"https:\/\/ligawl.pl\/index.php\/Zawodnik\/jacek-sander\/\">Jacek Sander<\/a><\/td><td class=\"data-team\" data-label=\"Klub\"><a href=\"https:\/\/ligawl.pl\/index.php\/clubs\/ikp-olimpia\/\">IKP Olimpia<\/a><\/td><td class=\"data-goals\" data-label=\"Bramka\">2<\/td><\/tr><tr class=\"even\"><td class=\"data-rank\" data-label=\"#\">6<\/td><td class=\"data-name\" data-label=\"Zawodnik\"><a href=\"https:\/\/ligawl.pl\/index.php\/Zawodnik\/nikodem-jasina\/\">Nikodem Jasina<\/a><\/td><td class=\"data-team\" data-label=\"Klub\"><a href=\"https:\/\/ligawl.pl\/index.php\/clubs\/siupakabra\/\">Siupakabra<\/a><\/td><td class=\"data-goals\" data-label=\"Bramka\">1<\/td><\/tr><tr class=\"odd\"><td class=\"data-rank\" data-label=\"#\">7<\/td><td class=\"data-name\" data-label=\"Zawodnik\"><a href=\"https:\/\/ligawl.pl\/index.php\/Zawodnik\/piotr-nowak\/\">Piotr Nowak<\/a><\/td><td class=\"data-team\" data-label=\"Klub\"><a href=\"https:\/\/ligawl.pl\/index.php\/clubs\/ikp-olimpia\/\">IKP Olimpia<\/a><\/td><td class=\"data-goals\" data-label=\"Bramka\">1<\/td><\/tr><tr class=\"even\"><td class=\"data-rank\" data-label=\"#\">8<\/td><td class=\"data-name\" data-label=\"Zawodnik\"><a href=\"https:\/\/ligawl.pl\/index.php\/Zawodnik\/mateusz-bartkowiak\/\">Mateusz Bartkowiak<\/a><\/td><td class=\"data-team\" data-label=\"Klub\"><a href=\"https:\/\/ligawl.pl\/index.php\/clubs\/synowie-gehenny\/\">Synowie Gehenny<\/a><\/td><td class=\"data-goals\" data-label=\"Bramka\">1<\/td><\/tr><tr class=\"odd\"><td class=\"data-rank\" data-label=\"#\">9<\/td><td class=\"data-name\" data-label=\"Zawodnik\"><a href=\"https:\/\/ligawl.pl\/index.php\/Zawodnik\/marcin-szadkowski\/\">Marcin Szadkowski<\/a><\/td><td class=\"data-team\" data-label=\"Klub\"><a href=\"https:\/\/ligawl.pl\/index.php\/clubs\/transkrupka-pl\/\">transkrupka.pl<\/a><\/td><td class=\"data-goals\" data-label=\"Bramka\">1<\/td><\/tr><tr class=\"even\"><td class=\"data-rank\" data-label=\"#\">10<\/td><td class=\"data-name\" data-label=\"Zawodnik\"><a href=\"https:\/\/ligawl.pl\/index.php\/Zawodnik\/krzysztof-elantkowski\/\">Krzysztof Elantkowski<\/a><\/td><td class=\"data-team\" data-label=\"Klub\"><a href=\"https:\/\/ligawl.pl\/index.php\/clubs\/transkrupka-pl\/\">transkrupka.pl<\/a><\/td><td class=\"data-goals\" data-label=\"Bramka\">1<\/td><\/tr><\/tbody><\/table><\/div><\/div><\/div>\n","protected":false},"excerpt":{"rendered":"","protected":false},"author":2,"featured_media":0,"parent":18963,"menu_order":0,"comment_status":"closed","ping_status":"closed","template":"template-fullwidth.php","meta":{"footnotes":""},"class_list":["post-21270","page","type-page","status-publish","hentry"],"jetpack_sharing_enabled":true,"_links":{"self":[{"href":"https:\/\/ligawl.pl\/index.php\/wp-json\/wp\/v2\/pages\/21270","targetHints":{"allow":["GET"]}}],"collection":[{"href":"https:\/\/ligawl.pl\/index.php\/wp-json\/wp\/v2\/pages"}],"about":[{"href":"https:\/\/ligawl.pl\/index.php\/wp-json\/wp\/v2\/types\/page"}],"author":[{"embeddable":true,"href":"https:\/\/ligawl.pl\/index.php\/wp-json\/wp\/v2\/users\/2"}],"replies":[{"embeddable":true,"href":"https:\/\/ligawl.pl\/index.php\/wp-json\/wp\/v2\/comments?post=21270"}],"version-history":[{"count":1,"href":"https:\/\/ligawl.pl\/index.php\/wp-json\/wp\/v2\/pages\/21270\/revisions"}],"predecessor-version":[{"id":21277,"href":"https:\/\/ligawl.pl\/index.php\/wp-json\/wp\/v2\/pages\/21270\/revisions\/21277"}],"up":[{"embeddable":true,"href":"https:\/\/ligawl.pl\/index.php\/wp-json\/wp\/v2\/pages\/18963"}],"wp:attachment":[{"href":"https:\/\/ligawl.pl\/index.php\/wp-json\/wp\/v2\/media?parent=21270"}],"curies":[{"name":"wp","href":"https:\/\/api.w.org\/{rel}","templated":true}]}}