{"id":19515,"date":"2022-03-08T14:34:42","date_gmt":"2022-03-08T13:34:42","guid":{"rendered":"https:\/\/ligawl.pl\/?page_id=19515"},"modified":"2022-10-20T21:46:25","modified_gmt":"2022-10-20T19:46:25","slug":"regulamin-e-wl-liga-2022","status":"publish","type":"page","link":"https:\/\/ligawl.pl\/index.php\/regulamin-e-wl-liga-2022\/","title":{"rendered":"Regulamin &#8211; e-WL Liga 2022"},"content":{"rendered":"\n<p class=\"has-text-align-center has-very-light-gray-color has-very-dark-gray-background-color has-text-color has-background\"><strong>ROZGRYWKI e-WL LIGI &#8211; II SEZON ONLINE<\/strong><\/p>\n\n\n\n<p class=\"has-text-align-center has-very-dark-gray-color has-very-light-gray-background-color has-text-color has-background\"><strong>\u00a71<\/strong><br><strong>ZG\u0141OSZENIE DO E-WL LIGI<\/strong><\/p>\n\n\n\n<p>1. Organizatorem rozgrywek jest Stowarzyszenie Wiara Lecha.<br>2. Zg\u0142oszenia do e-WL Ligi b\u0119d\u0105 trwa\u0142y do dnia <strong>15.11.2022<\/strong> roku\u00a0lub do wyczerpania miejsc.\u00a0<br>3. Koszt udzia\u0142u:\u00a0<strong>40 PLN<\/strong>\u00a0(\u015brodki zebrane z wpisowego zostan\u0105 przeznaczone na zakup puchar\u00f3w i nagr\u00f3d).<br>4. Zg\u0142oszenie gracza do ligi powinno zawiera\u0107:<\/p>\n\n\n\n<ul class=\"wp-block-list\"><li>imi\u0119 i nazwisko,<\/li><li>nazwa profilu w Fifie (nick),<\/li><li>preferowana dru\u017cyna,<\/li><li>platforma (PS4 czy PS5),<\/li><li>numer telefon oraz e-mail.<\/li><\/ul>\n\n\n\n<p>5. Op\u0142aty za lig\u0119 nale\u017cy uregulowa\u0107 do <strong>10.11.2022<\/strong> roku. Brak wp\u0142aty do powy\u017cszego terminu, skutkuje automatycznym usuni\u0119ciem z ligi.<br>6. W meczach e-WL Ligi mog\u0105 gra\u0107 tylko zawodnicy zg\u0142oszeni do Organizatora.<br>7. Ka\u017cde zg\u0142oszenie jest rozpatrywane przez Organizatora indywidualnie ze wzgl\u0119du na kibicowski charakter ligi.<br>8. Nicki graczy nie mog\u0105 by\u0107 obra\u017aliwe, niestosowne ani nacechowane negatywnie (gracze nie stosuj\u0105cy si\u0119 do tego punktu nie zostan\u0105 przyj\u0119ci do rozgrywek e-WL Ligi).<\/p>\n\n\n\n<p class=\"has-text-align-center has-very-dark-gray-color has-very-light-gray-background-color has-text-color has-background\"><strong>\u00a72<\/strong><br><strong>POSTANOWIENIA OG\u00d3LNE<\/strong><\/p>\n\n\n\n<p>1. Zg\u0142oszenie zawodnika do e-WL Ligi jest r\u00f3wnoznaczne z deklaracj\u0105 przyj\u0119cia, stosowania i przestrzegania regulaminu rozgrywek i przepis\u00f3w Ligi.<br>2. Poni\u017cszy Regulamin Ligi (w skr\u00f3cie \u201eRegulamin\u201d) dotyczy rozgrywek e-WL Ligi.<br>3. Organizatorzy zastrzegaj\u0105 sobie prawo do zmian w regulaminie na ka\u017cdym etapie turnieju.<br>4. Uczestnicy przyst\u0119puj\u0105c do e-WL Ligi zgadzaj\u0105 si\u0119 na publikacj\u0119 wynik\u00f3w, screen\u00f3w oraz swoich danych w social mediach prowadzonych przez organizatora.<\/p>\n\n\n\n<p class=\"has-text-align-center has-very-light-gray-background-color has-background\"><strong>\u00a73<\/strong><br><strong>ZASADY FAIR-PLAY<\/strong><\/p>\n\n\n\n<p>1. Gracze s\u0105 zobowi\u0105zani do traktowania swoich przeciwnik\u00f3w z szacunkiem i poszanowaniem ludzkiej godno\u015bci. Konsekwencje z\u0142ego zachowania mog\u0105 zosta\u0107 wyci\u0105gni\u0119te przez Organizatora.<br>2. Niesportowe zachowanie w postaci wulgaryzm\u00f3w czy prowokowania, zachowanie niezgodne z og\u00f3lnie rozumianymi normami spo\u0142ecznymi skierowane przeciwko innym uczestnikom wydarzenia, negatywne wypowiedzi dotycz\u0105ce organizatora oraz wsp\u00f3\u0142organizator\u00f3w b\u0119d\u0105 skutkowa\u0142y zbanowaniem przez Organizatora.<br>3. Zakazane s\u0105 wszelkie czynno\u015bci mog\u0105ce naruszy\u0107 prawa autorskie oraz maj\u0105tkowe wydawcy gry.<br>4. W przypadku uzasadnionego podejrzenia oszukiwanie podczas gry, gracz mo\u017ce zosta\u0107 usuni\u0119ty z ligi.<br>5. W turnieju zabrania si\u0119:<\/p>\n\n\n\n<ul class=\"wp-block-list\"><li>u\u017cywania wszelkich program\u00f3w zapewniaj\u0105cych jak\u0105kolwiek przewag\u0119 podczas gry,<\/li><li>stosowania jakichkolwiek program\u00f3w czy modyfikacji zmieniaj\u0105cych oryginaln\u0105 wersj\u0119 gry,<\/li><li>obowi\u0105zuje bezwzgl\u0119dny zakaz restartowania rozgrywki, bez podania wyra\u017anej przyczyny.<\/li><\/ul>\n\n\n\n<p>6. Jakiekolwiek z\u0142amanie tego regulaminu jest karane dyskwalifikacj\u0105.<\/p>\n\n\n\n<p class=\"has-text-align-center has-very-light-gray-background-color has-background\"><strong>\u00a74<\/strong><br><strong>SYSTEM ROZGRYWEK<\/strong><\/p>\n\n\n\n<p>1. Wszystkie mecze musz\u0105 by\u0107 rozgrywane na platformie PS4 i PS5.<br>2. Terminarz zostanie przygotowane zgodnie z systemem losuj\u0105cym zastosowanym przez Organizator\u00f3w.<br>3. Terminy mecz\u00f3w b\u0119d\u0105 ruchome, w wyj\u0105tkowych sytuacjach prosimy o kontakt z Administracj\u0105.<br>4. Liga rozgrywana jest w zwyk\u0142ym trybie, bez mo\u017cliwo\u015bci wybierania: Soccer AID, Adidas ALL-STAR i MLS ALL-STAR.<br>5. Gracze znajduj\u0105 swoje mecze w terminarzu, na grupie FB znajduj\u0105 nick gracza, dodaj\u0105 si\u0119 do znajomych na PSN i rozgrywaj\u0105 ze sob\u0105 mecz.<br>6. Maksymalnie 3 spotkania w tygodniu.<br>7. Ka\u017cdy z graczy rozgrywa mecz na ustawieniach:<\/p>\n\n\n\n<ul class=\"wp-block-list\"><li>Pr\u0119dko\u015b\u0107 gry: normalna.<\/li><li>Obrona: nowy system obrony.<\/li><li>D\u0142ugo\u015b\u0107 po\u0142owy: 6 minut.<\/li><li>Sk\u0142ady: Online.<\/li><li>Kartki, Spalone, Kontuzje: w\u0142\u0105czone.<\/li><\/ul>\n\n\n\n<p>8. Je\u015bli jeden z graczy opu\u015bci mecz, drugi wygrywa walkowerem i automatycznie dostaje wynik 3:0.<br>9. Gdy po\u0142\u0105czenie zostanie \u201czerwane\u201d w ci\u0105gu gry dopuszczamy:<\/p>\n\n\n\n<ul class=\"wp-block-list\"><li>je\u017celi przerwie od 1 \u2013 10 minuty dogrywamy 90 minut spotkania.<\/li><li>je\u017celi przerwie od 21 \u2013 30 minuty dogrywamy 70 minut spotkania.<\/li><li>je\u017celi przerwie od 31 \u2013 40 minuty dogrywamy 60 minut spotkania.<\/li><li>je\u017celi przerwie od 41 \u2013 50 minuty dogrywamy jedn\u0105 po\u0142ow\u0119.<\/li><li>je\u017celi przerwie od 51 \u2013 60 minuty dogrywamy 40 minut spotkania.<\/li><li>je\u017celi przerwie od 61 \u2013 70 minuty dogrywamy 30 minut spotkania.<\/li><li>je\u017celi przerwie od 71 \u2013 80 minuty dogrywamy 20 minut spotkania.<\/li><li>je\u017celi przerwie od 81 do 90+ dogrywamy 10 minut spotkania.<\/li><\/ul>\n\n\n\n<p>10. Uwaga: je\u015bli podczas rozgrywania pierwszego meczu zawodnik otrzyma\u0142 czerwon\u0105 kartk\u0119 \u2013 nie mo\u017ce znale\u017a\u0107 si\u0119 w kadrze meczowej na rewan\u017cowy mecz.<br>11. Gracz musi pokaza\u0107 dow\u00f3d na wygran\u0105 w formie screenshota wyniku lub zdj\u0119cia zrobionego telefonem. Screen lub zdj\u0119cie nale\u017cy wys\u0142a\u0107 do Organizatora maksymalnie 2h po zako\u0144czeniu meczu. Brak dowod\u00f3w na wygran\u0105 mo\u017ce skutkowa\u0107 walkowerem.<br>12. Screenshoty powinny zawiera\u0107:<\/p>\n\n\n\n<ul class=\"wp-block-list\"><li>moment rozpocz\u0119cia meczu,<\/li><li>przerw\u0119,<\/li><li>koniec meczu,<\/li><li>wszelkie inne opisane w regulaminie incydenty jak np. wyj\u015bcie z meczu, zerwanie po\u0142\u0105czenia, lagi, obra\u017aliwe s\u0142owa, itp. Itd.<\/li><li>wynik ko\u0144cowy.<\/li><\/ul>\n\n\n\n<p>13. Jakiekolwiek problemy z gr\u0105 powinny by\u0107 zg\u0142aszane w trybie natychmiastowym do organizatora droga mailowa.<br>14. Gracz, kt\u00f3ry sp\u00f3\u017ani si\u0119 wi\u0119cej ni\u017c 15 minut na ustalony meczu otrzymuje walkowera. (Szczeg\u00f3lne przypadki b\u0119d\u0105 rozpatrywane indywidualnie przez organizator\u00f3w)<br>15. Podczas jednego spotkania z przeciwnikiem rozgrywa si\u0119 dwa mecze; mecz u Siebie i na wyje\u017adzie.<\/p>\n\n\n\n<p class=\"has-text-align-center has-very-light-gray-background-color has-background\"><strong>\u00a75<\/strong><br><strong>POSTANOWIENIA KO\u0143COWE<\/strong><\/p>\n\n\n\n<p>1. Podczas trwania Ligi obowi\u0105zuj\u0105 wszystkie zasady zawarte w Regulaminie.<br>2. Organizator do\u0142o\u017cy wszelkich stara\u0144 w celu zapewnienia prawid\u0142owego przebiegu rozgrywek.<br>3. Wszelkie kwestie sporne nie uj\u0119te w regulaminie rozstrzygaj\u0105: Organizator oraz Administrator.<br>4. Decyzja Organizatora mo\u017ce by\u0107 uwarunkowana w zale\u017cno\u015bci od okoliczno\u015bci.<br>5. Organizator zastrzega sobie prawo do zmiany regulamin oraz w systemie rozgrywek w zale\u017cno\u015bci od ilo\u015bci graczy.<\/p>\n","protected":false},"excerpt":{"rendered":"<p>ROZGRYWKI e-WL LIGI &#8211; II SEZON ONLINE \u00a71ZG\u0141OSZENIE DO E-WL LIGI 1. Organizatorem rozgrywek jest Stowarzyszenie Wiara Lecha.2. Zg\u0142oszenia do e-WL Ligi b\u0119d\u0105 trwa\u0142y do dnia 15.11.2022 roku\u00a0lub do wyczerpania miejsc.\u00a03. Koszt udzia\u0142u:\u00a040 PLN\u00a0(\u015brodki zebrane z wpisowego zostan\u0105 przeznaczone na zakup puchar\u00f3w i nagr\u00f3d).4. Zg\u0142oszenie gracza do ligi powinno zawiera\u0107: imi\u0119 i nazwisko, nazwa profilu [&hellip;]<\/p>\n","protected":false},"author":2,"featured_media":0,"parent":0,"menu_order":0,"comment_status":"closed","ping_status":"closed","template":"","meta":{"footnotes":""},"class_list":["post-19515","page","type-page","status-publish","hentry"],"jetpack_sharing_enabled":true,"_links":{"self":[{"href":"https:\/\/ligawl.pl\/index.php\/wp-json\/wp\/v2\/pages\/19515","targetHints":{"allow":["GET"]}}],"collection":[{"href":"https:\/\/ligawl.pl\/index.php\/wp-json\/wp\/v2\/pages"}],"about":[{"href":"https:\/\/ligawl.pl\/index.php\/wp-json\/wp\/v2\/types\/page"}],"author":[{"embeddable":true,"href":"https:\/\/ligawl.pl\/index.php\/wp-json\/wp\/v2\/users\/2"}],"replies":[{"embeddable":true,"href":"https:\/\/ligawl.pl\/index.php\/wp-json\/wp\/v2\/comments?post=19515"}],"version-history":[{"count":3,"href":"https:\/\/ligawl.pl\/index.php\/wp-json\/wp\/v2\/pages\/19515\/revisions"}],"predecessor-version":[{"id":22926,"href":"https:\/\/ligawl.pl\/index.php\/wp-json\/wp\/v2\/pages\/19515\/revisions\/22926"}],"wp:attachment":[{"href":"https:\/\/ligawl.pl\/index.php\/wp-json\/wp\/v2\/media?parent=19515"}],"curies":[{"name":"wp","href":"https:\/\/api.w.org\/{rel}","templated":true}]}}