{"id":17972,"date":"2021-11-25T10:59:53","date_gmt":"2021-11-25T09:59:53","guid":{"rendered":"https:\/\/ligawl.pl\/?page_id=17972"},"modified":"2022-02-16T18:00:29","modified_gmt":"2022-02-16T17:00:29","slug":"play-off-wiosna-2022","status":"publish","type":"page","link":"https:\/\/ligawl.pl\/index.php\/play-off-wiosna-2022\/","title":{"rendered":"Play-off &#8211; Wiosna 2022"},"content":{"rendered":"\n<h2 class=\"wp-block-heading\" id=\"play-off-o-forbet-1-wl-lige\">Play-off o forBET 1. WL Lig\u0119<\/h2>\n\n\n\n<h1 class=\"has-text-align-center wp-block-heading\" id=\"evertec-v-trans-stal-lubon\">EVERTEC V TRANS-STAL LUBO\u0143 <\/h1>\n\n\n<div class=\"sportspress\"><div class=\"sp-section-content sp-section-content-logos\"><div class=\"sp-template sp-template-event-logos sp-template-event-logos-inline\"><div class=\"sp-event-logos sp-event-logos-2\"><span class=\"sp-team-logo\"><a href=\"https:\/\/ligawl.pl\/index.php\/clubs\/evertec\/\"><img loading=\"lazy\" decoding=\"async\" width=\"128\" height=\"128\" src=\"https:\/\/ligawl.pl\/wp-content\/uploads\/2020\/06\/Evertec-128x128.png\" class=\"attachment-sportspress-fit-icon size-sportspress-fit-icon wp-post-image\" alt=\"\" \/><\/a> <strong class=\"sp-team-result\">6<\/strong><\/span> \u2014 <span class=\"sp-team-logo\"><strong class=\"sp-team-result\">5<\/strong> <a href=\"https:\/\/ligawl.pl\/index.php\/clubs\/trans-stal-lubon\/\"><img loading=\"lazy\" decoding=\"async\" width=\"128\" height=\"128\" src=\"https:\/\/ligawl.pl\/wp-content\/uploads\/2021\/03\/Trans_Stal-kopia-128x128.png\" class=\"attachment-sportspress-fit-icon size-sportspress-fit-icon wp-post-image\" alt=\"\" \/><\/a><\/span><\/div><\/div><\/div><div class=\"sp-section-content sp-section-content-video\"><\/div><div class=\"sp-section-content sp-section-content-performance\">\t\t<div class=\"sp-event-performance-tables sp-event-performance-teams\">\n\t\t\t<div class=\"sp-template sp-template-event-performance sp-template-event-performance-icons\t\t\t\t\t\t\t\t\t\t\t\t\t\t\t\t\t\t\t\t\t\t\t   \">\n\t\t\t<h4 class=\"sp-table-caption\">Evertec<\/h4>\n\t\t<div class=\"sp-table-wrapper\">\n\t\t<table class=\"sp-event-performance sp-data-table\n\t\t\">\n\t\t\t<thead>\n\t\t\t\t<tr>\n\t\t\t\t\t\t\t\t\t<\/tr>\n\t\t\t<\/thead>\n\t\t\t\t\t\t\t<tbody>\n\t\t\t\t\t<tr class=\"lineup odd\"><td class=\"data-number\" data-label=\"#\"><\/td><td class=\"data-name\" data-label=\"Zawodnik\"><a href=\"https:\/\/ligawl.pl\/index.php\/Zawodnik\/adrian-adamczak\/\">Adrian Adamczak<\/a> <span class=\"sp-event-stars\"><i class=\"sp-event-star dashicons dashicons-star-filled\" title=\"Zawodnik meczu\"><\/i><\/span><\/td><td class=\"sp-performance-icons\"><i class=\"sp-icon-soccerball\" title=\"Bramka\" style=\"color:#d6d5d5 !important\"><\/i> 10', 23', 40'<br><\/td><\/tr><tr class=\"lineup even\"><td class=\"data-number\" data-label=\"#\"><\/td><td class=\"data-name\" data-label=\"Zawodnik\"><a href=\"https:\/\/ligawl.pl\/index.php\/Zawodnik\/milosz-juskowiak\/\">Mi\u0142osz Juskowiak<\/a><\/td><td class=\"sp-performance-icons\"><\/td><\/tr><tr class=\"lineup odd\"><td class=\"data-number\" data-label=\"#\"><\/td><td class=\"data-name\" data-label=\"Zawodnik\"><a href=\"https:\/\/ligawl.pl\/index.php\/Zawodnik\/michal-knoppczynski\/\">Micha\u0142 Knopczy\u0144ski<\/a><\/td><td class=\"sp-performance-icons\"><\/td><\/tr><tr class=\"lineup even\"><td class=\"data-number\" data-label=\"#\"><\/td><td class=\"data-name\" data-label=\"Zawodnik\"><a href=\"https:\/\/ligawl.pl\/index.php\/Zawodnik\/marcin-kordus\/\">Marcin Kordus<\/a><\/td><td class=\"sp-performance-icons\"><\/td><\/tr><tr class=\"lineup odd\"><td class=\"data-number\" data-label=\"#\"><\/td><td class=\"data-name\" data-label=\"Zawodnik\"><a href=\"https:\/\/ligawl.pl\/index.php\/Zawodnik\/sebastian-nawrot\/\">Sebastian Nawrot<\/a><\/td><td class=\"sp-performance-icons\"><\/td><\/tr><tr class=\"lineup even\"><td class=\"data-number\" data-label=\"#\"><\/td><td class=\"data-name\" data-label=\"Zawodnik\"><a href=\"https:\/\/ligawl.pl\/index.php\/Zawodnik\/krystian-schreiber\/\">Krystian Schreiber<\/a><\/td><td class=\"sp-performance-icons\"><i class=\"sp-icon-soccerball\" title=\"Bramka\" style=\"color:#d6d5d5 !important\"><\/i> 35'<br><i class=\"sp-icon-soccerball\" title=\"Bramki samob\u00f3jcze\" style=\"color:#d4000f !important\"><\/i> 24'<br><\/td><\/tr><tr class=\"lineup odd\"><td class=\"data-number\" data-label=\"#\"><\/td><td class=\"data-name\" data-label=\"Zawodnik\"><a href=\"https:\/\/ligawl.pl\/index.php\/Zawodnik\/ernest-makowiak\/\">Ernest Ma\u0107kowiak<\/a><\/td><td class=\"sp-performance-icons\"><i class=\"sp-icon-soccerball\" title=\"Bramka\" style=\"color:#d6d5d5 !important\"><\/i> 6', 11'<br><\/td><\/tr><tr class=\"lineup even\"><td class=\"data-number\" data-label=\"#\"><\/td><td class=\"data-name\" data-label=\"Zawodnik\"><a href=\"https:\/\/ligawl.pl\/index.php\/Zawodnik\/kamil-padlo\/\">Kamil Pad\u0142o<\/a><\/td><td class=\"sp-performance-icons\"><\/td><\/tr>\t\t\t\t<\/tbody>\n\t\t\t\t\t\t\t\t<\/table>\n\t\t\t<\/div>\n\t<\/div>\n<div class=\"sp-template sp-template-event-performance sp-template-event-performance-icons\t\t\t\t\t\t\t\t\t\t\t\t\t\t\t\t\t\t\t\t\t\t\t   \">\n\t\t\t<h4 class=\"sp-table-caption\">Trans-Stal Lubo\u0144<\/h4>\n\t\t<div class=\"sp-table-wrapper\">\n\t\t<table class=\"sp-event-performance sp-data-table\n\t\t\">\n\t\t\t<thead>\n\t\t\t\t<tr>\n\t\t\t\t\t\t\t\t\t<\/tr>\n\t\t\t<\/thead>\n\t\t\t\t\t\t\t<tbody>\n\t\t\t\t\t<tr class=\"lineup odd\"><td class=\"data-number\" data-label=\"#\"><\/td><td class=\"data-name\" data-label=\"Zawodnik\"><a href=\"https:\/\/ligawl.pl\/index.php\/Zawodnik\/micha-wojciechowski\/\">Micha\u0142 Wojciechowski<\/a><\/td><td class=\"sp-performance-icons\"><i class=\"sp-icon-soccerball\" title=\"Bramka\" style=\"color:#d6d5d5 !important\"><\/i> 17', 32'<br><\/td><\/tr><tr class=\"lineup even\"><td class=\"data-number\" data-label=\"#\"><\/td><td class=\"data-name\" data-label=\"Zawodnik\"><a href=\"https:\/\/ligawl.pl\/index.php\/Zawodnik\/piotr-kowalak\/\">Piotr Kowalak<\/a><\/td><td class=\"sp-performance-icons\"><i class=\"sp-icon-soccerball\" title=\"Bramka\" style=\"color:#d6d5d5 !important\"><\/i> 33'<br><\/td><\/tr><tr class=\"lineup odd\"><td class=\"data-number\" data-label=\"#\"><\/td><td class=\"data-name\" data-label=\"Zawodnik\"><a href=\"https:\/\/ligawl.pl\/index.php\/Zawodnik\/maciej-brauza\/\">Maciej Brauza<\/a><\/td><td class=\"sp-performance-icons\"><\/td><\/tr><tr class=\"lineup even\"><td class=\"data-number\" data-label=\"#\"><\/td><td class=\"data-name\" data-label=\"Zawodnik\"><a href=\"https:\/\/ligawl.pl\/index.php\/Zawodnik\/piotr-staszak\/\">Piotr Staszak<\/a><\/td><td class=\"sp-performance-icons\"><\/td><\/tr><tr class=\"lineup odd\"><td class=\"data-number\" data-label=\"#\"><\/td><td class=\"data-name\" data-label=\"Zawodnik\"><a href=\"https:\/\/ligawl.pl\/index.php\/Zawodnik\/pawel-wieczorek\/\">Pawe\u0142 Wieczorek<\/a><\/td><td class=\"sp-performance-icons\"><\/td><\/tr><tr class=\"lineup even\"><td class=\"data-number\" data-label=\"#\"><\/td><td class=\"data-name\" data-label=\"Zawodnik\"><a href=\"https:\/\/ligawl.pl\/index.php\/Zawodnik\/dawid-stachowiak\/\">Dariusz Stachowiak<\/a><\/td><td class=\"sp-performance-icons\"><i class=\"sp-icon-soccerball\" title=\"Bramka\" style=\"color:#d6d5d5 !important\"><\/i> 28'<br><\/td><\/tr><tr class=\"lineup odd\"><td class=\"data-number\" data-label=\"#\"><\/td><td class=\"data-name\" data-label=\"Zawodnik\"><a href=\"https:\/\/ligawl.pl\/index.php\/Zawodnik\/czesaw-tandecki\/\">Czes\u0142aw Tandecki<\/a><\/td><td class=\"sp-performance-icons\"><\/td><\/tr><tr class=\"lineup even\"><td class=\"data-number\" data-label=\"#\"><\/td><td class=\"data-name\" data-label=\"Zawodnik\"><a href=\"https:\/\/ligawl.pl\/index.php\/Zawodnik\/bartosz-rybak\/\">Bartosz Rybak<\/a><\/td><td class=\"sp-performance-icons\"><\/td><\/tr><tr class=\"lineup odd\"><td class=\"data-number\" data-label=\"#\"><\/td><td class=\"data-name\" data-label=\"Zawodnik\"><a href=\"https:\/\/ligawl.pl\/index.php\/Zawodnik\/lukasz-wojtkowiak\/\">\u0141ukasz Wojtkowiak<\/a><\/td><td class=\"sp-performance-icons\"><\/td><\/tr>\t\t\t\t<\/tbody>\n\t\t\t\t\t\t\t\t<\/table>\n\t\t\t<\/div>\n\t<\/div>\t\t<\/div><!-- .sp-event-performance-tables -->\n\t\t<\/div><div class=\"sp-section-content sp-section-content-content\"><\/div><div class=\"sp-section-content sp-section-content-timeline\"><\/div><div class=\"sp-tab-group\"><ul class=\"sp-tab-menu\"><li class=\"sp-tab-menu-item sp-tab-menu-item-active\"><a href=\"#sp-tab-content-results\" data-sp-tab=\"results\">Wyniki<\/a><\/li><li class=\"sp-tab-menu-item\"><a href=\"#sp-tab-content-details\" data-sp-tab=\"details\">Szczeg\u00f3\u0142y<\/a><\/li><li class=\"sp-tab-menu-item\"><a href=\"#sp-tab-content-venue\" data-sp-tab=\"venue\">Miejsce spotkania<\/a><\/li><\/ul><div class=\"sp-tab-content sp-tab-content-results\" id=\"sp-tab-content-results\"><div class=\"sp-template sp-template-event-results\">\n\t<h4 class=\"sp-table-caption\">Wyniki<\/h4><div class=\"sp-table-wrapper\"><table class=\"sp-event-results sp-data-table sp-scrollable-table\"><thead><th class=\"data-name\">Klub<\/th><th class=\"data-firsthalf\">1. po\u0142owa<\/th><th class=\"data-goals\">Wynik meczu<\/th><th class=\"data-outcome\">Wynik<\/th><\/tr><\/thead><tbody><tr class=\"odd\"><td class=\"data-name\"><a href=\"https:\/\/ligawl.pl\/index.php\/clubs\/evertec\/\">Evertec<\/a><\/td><td class=\"data-firsthalf\">3<\/td><td class=\"data-goals\">6<\/td><td class=\"data-outcome\">Zwyci\u0119stwo<\/td><\/tr><tr class=\"even\"><td class=\"data-name\"><a href=\"https:\/\/ligawl.pl\/index.php\/clubs\/trans-stal-lubon\/\">Trans-Stal Lubo\u0144<\/a><\/td><td class=\"data-firsthalf\">1<\/td><td class=\"data-goals\">5<\/td><td class=\"data-outcome\">Pora\u017cka<\/td><\/tr><\/tbody><\/table><\/div><\/div><\/div><div class=\"sp-tab-content sp-tab-content-details\" id=\"sp-tab-content-details\"><div class=\"sp-template sp-template-event-details\">\n\t<h4 class=\"sp-table-caption\">Szczeg\u00f3\u0142y<\/h4>\n\t<div class=\"sp-table-wrapper\">\n\t\t<table class=\"sp-event-details sp-data-table\n\t\t\t\t\t sp-scrollable-table\">\n\t\t\t<thead>\n\t\t\t\t<tr>\n\t\t\t\t\t\t\t\t\t\t\t<th>Data<\/th>\n\t\t\t\t\t\t\t\t\t\t\t\t<th>Czas<\/th>\n\t\t\t\t\t\t\t\t\t\t\t\t<th>Liga<\/th>\n\t\t\t\t\t\t\t\t\t\t\t\t<th>Sezon<\/th>\n\t\t\t\t\t\t\t\t\t\t\t\t<th>Kolejka<\/th>\n\t\t\t\t\t\t\t\t\t\t<\/tr>\n\t\t\t<\/thead>\n\t\t\t<tbody>\n\t\t\t\t<tr class=\"odd\">\n\t\t\t\t\t\t\t\t\t\t\t<td>28 lutego 2022<\/td>\n\t\t\t\t\t\t\t\t\t\t\t\t<td>21:05<\/td>\n\t\t\t\t\t\t\t\t\t\t\t\t<td>o 1. WL Lig\u0119<\/td>\n\t\t\t\t\t\t\t\t\t\t\t\t<td>Wiosna 2022<\/td>\n\t\t\t\t\t\t\t\t\t\t\t\t<td>Play-off o 1. WL Lig\u0119 <\/td>\n\t\t\t\t\t\t\t\t\t\t<\/tr>\n\t\t\t<\/tbody>\n\t\t<\/table>\n\t<\/div>\n<\/div><\/div><div class=\"sp-tab-content sp-tab-content-venue\" id=\"sp-tab-content-venue\"><div class=\"sp-template sp-template-event-venue\">\n\t\t<h4 class=\"sp-table-caption\">Miejsce spotkania<\/h4>\n\t\t<table class=\"sp-data-table sp-event-venue\">\n\t\t\t<thead>\n\t\t\t\t<tr>\n\t\t\t\t\t<th><a href=\"https:\/\/ligawl.pl\/index.php\/Boisko\/grunwaldzka\/\">Boisko przy ulicy Grunwaldzkiej<\/a><\/th>\n\t\t\t\t<\/tr>\n\t\t\t<\/thead>\n\t\t\t\t\t\t\t<tbody>\n\t\t\t\t\t<tr class=\"sp-event-venue-map-row\">\n\t\t\t\t\t\t<td>\t\t<div class=\"sp-google-map-container\">\n\t\t  <iframe loading=\"lazy\" width=\"600\" height=\"320\" frameborder=\"0\" src=\"\/\/tboy.co\/maps_embed?q=Babimojska+9%2C+60-161+Pozna%C5%84%2C+Polska&amp;center=52.39223822186282,16.860981429405207&amp;zoom=21&amp;maptype=roadmap\" allowfullscreen>\n\t\t  <\/iframe>\n\t\t  <a href=\"https:\/\/www.google.com\/maps\/place\/Babimojska+9%2C+60-161+Pozna%C5%84%2C+Polska\/@52.39223822186282,16.860981429405207,21z\" target=\"_blank\" class=\"sp-google-map-link\"><\/a>\n\t\t<\/div>\n\t<\/td>\n\t\t\t\t\t<\/tr>\n\t\t\t\t\t\t\t\t\t\t\t<tr class=\"sp-event-venue-address-row\">\n\t\t\t\t\t\t\t<td>Babimojska 9, 60-161 Pozna\u0144, Polska<\/td>\n\t\t\t\t\t\t<\/tr>\n\t\t\t\t\t\t\t\t\t<\/tbody>\n\t\t\t\t\t<\/table>\n\t<\/div><\/div><\/div><\/div>\n\n\n\n<h2 class=\"wp-block-heading\" id=\"play-off-o-forbet-2-wl-lige\">Play-off o forBET 2. WL Lig\u0119<\/h2>\n\n\n<div class=\"sportspress\"><h4 class=\"sp-table-caption\">Drabinka<\/h4>\t\t<div class=\"sp-template sp-template-tournament-bracket sp-tournament-bracket-single\">\n\t\t\t<table class=\"sp-data-table sp-tournament-bracket sp-scrollable-table\">\n\t<thead>\n\t\t<tr>\n\t\t\t\t\t\t\t<th>\n\t\t\t\t\t1\/2 fina\u0142u\t\t\t\t<\/th>\n\t\t\t\t\t\t\t<th>\n\t\t\t\t\tFina\u0142\t\t\t\t<\/th>\n\t\t\t\t\t<\/tr>\n\t<\/thead>\n\t<tbody>\n\t\t\t\t\t<tr>\n\t\t\t\t<td rowspan=\"1\" class=\"sp-team sp-home-team sp-first-round\"><a href=\"https:\/\/ligawl.pl\/index.php\/clubs\/diadal\/\" class=\"sp-team-name sp-highlight\" data-team=\"237\">Diadal<\/a><\/td><td rowspan=\"2\">&nbsp;<\/td>\t\t\t<\/tr>\n\t\t\t\t\t<tr>\n\t\t\t\t<td rowspan=\"3\" class=\"sp-event sp-first-round \"><a href=\"https:\/\/ligawl.pl\/index.php\/matches\/mecz-24\/\" class=\"sp-event-title\" title=\"Diadal \u2014 FC Atmosferi\u0107\"><div class=\"sp-event-date\">1 marca 2022<\/div><div class=\"sp-event-main\"><img loading=\"lazy\" decoding=\"async\" width=\"128\" height=\"128\" src=\"https:\/\/ligawl.pl\/wp-content\/uploads\/2022\/12\/Diadal-128x128.png\" class=\"attachment-sportspress-fit-icon size-sportspress-fit-icon wp-post-image\" alt=\"\" srcset=\"https:\/\/ligawl.pl\/wp-content\/uploads\/2022\/12\/Diadal-128x128.png 128w, https:\/\/ligawl.pl\/wp-content\/uploads\/2022\/12\/Diadal-300x300.png 300w, https:\/\/ligawl.pl\/wp-content\/uploads\/2022\/12\/Diadal-150x150.png 150w, https:\/\/ligawl.pl\/wp-content\/uploads\/2022\/12\/Diadal-768x768.png 768w, https:\/\/ligawl.pl\/wp-content\/uploads\/2022\/12\/Diadal-32x32.png 32w, https:\/\/ligawl.pl\/wp-content\/uploads\/2022\/12\/Diadal.png 800w\" sizes=\"auto, (max-width: 128px) 100vw, 128px\" \/> <span class=\"sp-result\">1<\/span>-<span class=\"sp-result\">0<\/span> <img loading=\"lazy\" decoding=\"async\" width=\"128\" height=\"128\" src=\"https:\/\/ligawl.pl\/wp-content\/uploads\/2020\/03\/Atmosferi\u0107-128x128.png\" class=\"attachment-sportspress-fit-icon size-sportspress-fit-icon wp-post-image\" alt=\"\" srcset=\"https:\/\/ligawl.pl\/wp-content\/uploads\/2020\/03\/Atmosferi\u0107-128x128.png 128w, https:\/\/ligawl.pl\/wp-content\/uploads\/2020\/03\/Atmosferi\u0107-300x300.png 300w, https:\/\/ligawl.pl\/wp-content\/uploads\/2020\/03\/Atmosferi\u0107-150x150.png 150w, https:\/\/ligawl.pl\/wp-content\/uploads\/2020\/03\/Atmosferi\u0107-768x768.png 768w, https:\/\/ligawl.pl\/wp-content\/uploads\/2020\/03\/Atmosferi\u0107-32x32.png 32w, https:\/\/ligawl.pl\/wp-content\/uploads\/2020\/03\/Atmosferi\u0107.png 800w\" sizes=\"auto, (max-width: 128px) 100vw, 128px\" \/><\/div><\/a><\/td>\t\t\t<\/tr>\n\t\t\t\t\t<tr>\n\t\t\t\t<td rowspan=\"1\" class=\"sp-team sp-home-team sp-last-round\"><a href=\"https:\/\/ligawl.pl\/index.php\/clubs\/diadal\/\" class=\"sp-team-name sp-highlight\" data-team=\"237\">Diadal<\/a><\/td>\t\t\t<\/tr>\n\t\t\t\t\t<tr>\n\t\t\t\t<td rowspan=\"5\" class=\"sp-event sp-last-round sp-event-final\"><a href=\"https:\/\/ligawl.pl\/index.php\/matches\/mecz-26\/\" class=\"sp-event-title\" title=\"Diadal &#8211; Emeritos Galaktikos\"><div class=\"sp-event-date\">1 marca 2022<\/div><div class=\"sp-event-main\"><img loading=\"lazy\" decoding=\"async\" width=\"128\" height=\"128\" src=\"https:\/\/ligawl.pl\/wp-content\/uploads\/2022\/12\/Diadal-128x128.png\" class=\"attachment-sportspress-fit-icon size-sportspress-fit-icon wp-post-image\" alt=\"\" srcset=\"https:\/\/ligawl.pl\/wp-content\/uploads\/2022\/12\/Diadal-128x128.png 128w, https:\/\/ligawl.pl\/wp-content\/uploads\/2022\/12\/Diadal-300x300.png 300w, https:\/\/ligawl.pl\/wp-content\/uploads\/2022\/12\/Diadal-150x150.png 150w, https:\/\/ligawl.pl\/wp-content\/uploads\/2022\/12\/Diadal-768x768.png 768w, https:\/\/ligawl.pl\/wp-content\/uploads\/2022\/12\/Diadal-32x32.png 32w, https:\/\/ligawl.pl\/wp-content\/uploads\/2022\/12\/Diadal.png 800w\" sizes=\"auto, (max-width: 128px) 100vw, 128px\" \/> <span class=\"sp-result\">3<\/span>-<span class=\"sp-result\">4<\/span> <img loading=\"lazy\" decoding=\"async\" width=\"128\" height=\"128\" src=\"https:\/\/ligawl.pl\/wp-content\/uploads\/2021\/08\/Emeritos-128x128.png\" class=\"attachment-sportspress-fit-icon size-sportspress-fit-icon wp-post-image\" alt=\"\" srcset=\"https:\/\/ligawl.pl\/wp-content\/uploads\/2021\/08\/Emeritos-128x128.png 128w, https:\/\/ligawl.pl\/wp-content\/uploads\/2021\/08\/Emeritos-300x300.png 300w, https:\/\/ligawl.pl\/wp-content\/uploads\/2021\/08\/Emeritos-150x150.png 150w, https:\/\/ligawl.pl\/wp-content\/uploads\/2021\/08\/Emeritos-768x768.png 768w, https:\/\/ligawl.pl\/wp-content\/uploads\/2021\/08\/Emeritos-32x32.png 32w, https:\/\/ligawl.pl\/wp-content\/uploads\/2021\/08\/Emeritos.png 800w\" sizes=\"auto, (max-width: 128px) 100vw, 128px\" \/><\/div><\/a><\/td>\t\t\t<\/tr>\n\t\t\t\t\t<tr>\n\t\t\t\t<td rowspan=\"1\" class=\"sp-team sp-away-team sp-first-round\"><a href=\"https:\/\/ligawl.pl\/index.php\/clubs\/fc-atmosferic\/\" class=\"sp-team-name sp-highlight\" data-team=\"373\">FC Atmosferi\u0107<\/a><\/td>\t\t\t<\/tr>\n\t\t\t\t\t<tr>\n\t\t\t\t<td rowspan=\"1\">&nbsp;<\/td>\t\t\t<\/tr>\n\t\t\t\t\t<tr>\n\t\t\t\t<td rowspan=\"1\" class=\"sp-team sp-home-team sp-first-round\"><a href=\"https:\/\/ligawl.pl\/index.php\/clubs\/emeritos-galaktikos\/\" class=\"sp-team-name sp-highlight\" data-team=\"16485\">Emeritos Galaktikos<\/a><\/td>\t\t\t<\/tr>\n\t\t\t\t\t<tr>\n\t\t\t\t<td rowspan=\"3\" class=\"sp-event sp-first-round \"><a href=\"https:\/\/ligawl.pl\/index.php\/matches\/mecz-25\/\" class=\"sp-event-title\" title=\"Emeritos Galaktikos \u2014 Bistro Kopernik\"><div class=\"sp-event-date\">1 marca 2022<\/div><div class=\"sp-event-main\"><img loading=\"lazy\" decoding=\"async\" width=\"128\" height=\"128\" src=\"https:\/\/ligawl.pl\/wp-content\/uploads\/2021\/08\/Emeritos-128x128.png\" class=\"attachment-sportspress-fit-icon size-sportspress-fit-icon wp-post-image\" alt=\"\" srcset=\"https:\/\/ligawl.pl\/wp-content\/uploads\/2021\/08\/Emeritos-128x128.png 128w, https:\/\/ligawl.pl\/wp-content\/uploads\/2021\/08\/Emeritos-300x300.png 300w, https:\/\/ligawl.pl\/wp-content\/uploads\/2021\/08\/Emeritos-150x150.png 150w, https:\/\/ligawl.pl\/wp-content\/uploads\/2021\/08\/Emeritos-768x768.png 768w, https:\/\/ligawl.pl\/wp-content\/uploads\/2021\/08\/Emeritos-32x32.png 32w, https:\/\/ligawl.pl\/wp-content\/uploads\/2021\/08\/Emeritos.png 800w\" sizes=\"auto, (max-width: 128px) 100vw, 128px\" \/> <span class=\"sp-result\">7<\/span>-<span class=\"sp-result\">0<\/span> <img loading=\"lazy\" decoding=\"async\" width=\"128\" height=\"128\" src=\"https:\/\/ligawl.pl\/wp-content\/uploads\/2020\/06\/Bistro-128x128.png\" class=\"attachment-sportspress-fit-icon size-sportspress-fit-icon wp-post-image\" alt=\"\" srcset=\"https:\/\/ligawl.pl\/wp-content\/uploads\/2020\/06\/Bistro-128x128.png 128w, https:\/\/ligawl.pl\/wp-content\/uploads\/2020\/06\/Bistro-300x300.png 300w, https:\/\/ligawl.pl\/wp-content\/uploads\/2020\/06\/Bistro-150x150.png 150w, https:\/\/ligawl.pl\/wp-content\/uploads\/2020\/06\/Bistro-768x768.png 768w, https:\/\/ligawl.pl\/wp-content\/uploads\/2020\/06\/Bistro-32x32.png 32w, https:\/\/ligawl.pl\/wp-content\/uploads\/2020\/06\/Bistro.png 800w\" sizes=\"auto, (max-width: 128px) 100vw, 128px\" \/><\/div><\/a><\/td>\t\t\t<\/tr>\n\t\t\t\t\t<tr>\n\t\t\t\t<td rowspan=\"1\" class=\"sp-team sp-away-team sp-last-round\"><a href=\"https:\/\/ligawl.pl\/index.php\/clubs\/emeritos-galaktikos\/\" class=\"sp-team-name sp-highlight\" data-team=\"16485\">Emeritos Galaktikos<\/a><\/td>\t\t\t<\/tr>\n\t\t\t\t\t<tr>\n\t\t\t\t<td rowspan=\"2\">&nbsp;<\/td>\t\t\t<\/tr>\n\t\t\t\t\t<tr>\n\t\t\t\t<td rowspan=\"1\" class=\"sp-team sp-away-team sp-first-round\"><a href=\"https:\/\/ligawl.pl\/index.php\/clubs\/bistro-kopernik-grunwald\/\" class=\"sp-team-name sp-highlight\" data-team=\"10642\">Bistro Kopernik<\/a><\/td>\t\t\t<\/tr>\n\t\t\t<\/tbody>\n<\/table>\t\t<\/div>\n\t\t<\/div>\n","protected":false},"excerpt":{"rendered":"<p>Play-off o forBET 1. WL Lig\u0119 EVERTEC V TRANS-STAL LUBO\u0143 Play-off o forBET 2. WL Lig\u0119<\/p>\n","protected":false},"author":2,"featured_media":0,"parent":0,"menu_order":0,"comment_status":"closed","ping_status":"closed","template":"template-fullwidth.php","meta":{"footnotes":""},"class_list":["post-17972","page","type-page","status-publish","hentry"],"jetpack_sharing_enabled":true,"_links":{"self":[{"href":"https:\/\/ligawl.pl\/index.php\/wp-json\/wp\/v2\/pages\/17972","targetHints":{"allow":["GET"]}}],"collection":[{"href":"https:\/\/ligawl.pl\/index.php\/wp-json\/wp\/v2\/pages"}],"about":[{"href":"https:\/\/ligawl.pl\/index.php\/wp-json\/wp\/v2\/types\/page"}],"author":[{"embeddable":true,"href":"https:\/\/ligawl.pl\/index.php\/wp-json\/wp\/v2\/users\/2"}],"replies":[{"embeddable":true,"href":"https:\/\/ligawl.pl\/index.php\/wp-json\/wp\/v2\/comments?post=17972"}],"version-history":[{"count":5,"href":"https:\/\/ligawl.pl\/index.php\/wp-json\/wp\/v2\/pages\/17972\/revisions"}],"predecessor-version":[{"id":18951,"href":"https:\/\/ligawl.pl\/index.php\/wp-json\/wp\/v2\/pages\/17972\/revisions\/18951"}],"wp:attachment":[{"href":"https:\/\/ligawl.pl\/index.php\/wp-json\/wp\/v2\/media?parent=17972"}],"curies":[{"name":"wp","href":"https:\/\/api.w.org\/{rel}","templated":true}]}}