{"id":16934,"date":"2021-09-09T12:30:01","date_gmt":"2021-09-09T10:30:01","guid":{"rendered":"https:\/\/ligawl.pl\/?page_id=16934"},"modified":"2026-04-07T19:59:02","modified_gmt":"2026-04-07T17:59:02","slug":"system-rozgrywek-jesien-2025","status":"publish","type":"page","link":"https:\/\/ligawl.pl\/index.php\/system-rozgrywek-jesien-2025\/","title":{"rendered":"System rozgrywek &#8211; Wiosna 2026"},"content":{"rendered":"\n<h2 class=\"wp-block-heading has-very-dark-gray-color has-text-color\">Superbet <strong>1. WL Liga<\/strong><\/h2>\n\n\n\n<p><strong>10 zespo\u0142\u00f3w<\/strong> zagra dwie rundy &#8211; zasadnicz\u0105 i fina\u0142ow\u0105. Po rozegraniu pierwszej rundy zespo\u0142y zostan\u0105 podzielone na dwie grupy &#8211; <strong>mistrzowsk\u0105<\/strong> i <strong>spadkow\u0105<\/strong>. W mistrzowskiej zagraj\u0105 zespo\u0142y z miejsc<strong> 1-5<\/strong>, w spadkowej&nbsp;<strong>6-10<\/strong>. Punkty i bramki z 1. rundy zostan\u0105 zachowane. W 2. rundzie w grupie mistrzowskiej i spadkowej zespo\u0142y zagraj\u0105 systemem ka\u017cdy z ka\u017cdym po jednym meczu.<\/p>\n\n\n\n<h2 class=\"wp-block-heading\">Superbet <strong>2-4. WL Liga<\/strong><\/h2>\n\n\n\n<p><strong>13 lub 14 zespo\u0142\u00f3w<\/strong> zagra jedn\u0105 rund\u0119 systemem ka\u017cdy z ka\u017cdym po jednym meczu.<\/p>\n\n\n\n<h2 class=\"wp-block-heading\"><strong>Awanse\/spadki<\/strong><\/h2>\n\n\n\n<p><strong>Spadek do Superbet 2. WL Ligi<\/strong> &#8211; 9-10. miejsce w Superbet 1. WL Lidze<br><strong>Awans do Superbet 1. WL Ligi <\/strong>&#8211; 1-2. miejsce w Superbet 2. WL Lidze<br><strong>Spadek do Superbet 3. WL Ligi<\/strong> &#8211; 12-13. miejsce w Superbet 2. WL Lidze<br><strong>Awans do Superbet 2. WL Ligi<\/strong> &#8211; 1-2. miejsce w Superbet 3. WL Lidze<br><strong>Spadek do Superbet 4. WL Ligi<\/strong> &#8211; 12-13. miejsce w Superbet 2. WL Lidze<br><strong>Awans do Superbet 3. WL Ligi<\/strong> &#8211; 1-2. miejsce w Superbet 4. WL Lidze<\/p>\n\n\n\n<h2 class=\"wp-block-heading\">Superbet <strong>Play-off<\/strong> <\/h2>\n\n\n\n<p>Superbet Play-off o awans do Superbet 1. i Superbet 2. WL Ligi zostanie rozegrany na pocz\u0105tku sezonu Jesie\u0144 2026. Czas gry w meczach o awans do pierwszej i drugiej ligi wynosi\u0142 b\u0119dzie 2&#215;15 minut. W przypadku remisu s\u0119dzia zarz\u0105dzi 3-minutow\u0105 dogrywk\u0119, a nast\u0119pnie trzy serie rzut\u00f3w karnych. Czas gry w meczach o prawo gry w trzeciej lidze zostanie ustalony po zatwierdzeniu listy zespo\u0142\u00f3w, kt\u00f3re zagraj\u0105 w Superbet Play-off o 3. WL Lig\u0119. Rozgrywka odb\u0119dzie si\u0119 w formie jednodniowego turnieju w systemie ka\u017cdy z ka\u017cdym.<\/p>\n\n\n\n<p>W przypadku rezygnacji z gry jednego zespo\u0142u przy trzech dru\u017cynach zostanie rozegrany jeden p\u00f3\u0142fina\u0142 (wolny los otrzyma dru\u017cyna, kt\u00f3ra zaj\u0119\u0142a najwy\u017csze miejsce spo\u015br\u00f3d zespo\u0142\u00f3w), a nast\u0119pnie fina\u0142; przy dw\u00f3ch zespo\u0142ach, zostanie rozegrany fina\u0142; przy jednej dru\u017cynie &#8211; odwo\u0142anie play-off.<\/p>\n\n\n\n<p><strong>Superbet<\/strong> <strong>Play-off o 1. WL Lig\u0119<\/strong>&nbsp;&#8211; 8. miejsce w 1. WL Lidze, 3-5. miejsce w grupie mistrzowskiej Superbet 2. WL Ligi<br><strong>Superbet<\/strong> <strong>Play-off o 2. WL Lig\u0119<\/strong>&nbsp;&#8211; 11. miejsce w 2. WL Lidze, 3-5. miejsce w klasyfikacji ko\u0144cowej Superbet 3. WL Ligi<br><strong>Superbet Play-off o 3. WL Lig\u0119<\/strong> &#8211; nowe zespo\u0142y, kt\u00f3re zg\u0142osz\u0105 si\u0119 rozgrywek<\/p>\n\n\n\n<p class=\"has-medium-font-size\"><strong>Pary Superbet Play-off<\/strong><\/p>\n\n\n\n<p><strong>Superbet 1. WL Liga<\/strong><\/p>\n\n\n\n<p>1\/2 fina\u0142u: 8. miejsce [Superbet 1. WL Liga] &#8211; 5. miejsce [Superbet 2. WL Liga]<br>1\/2 fina\u0142u: 3. miejsce [Superbet 2. WL Liga] &#8211; 4. miejsce [Superbet 2. WL Liga]<br>fina\u0142: zwyci\u0119zcy 1\/2 fina\u0142u <\/p>\n\n\n\n<p>Zwyci\u0119zca fina\u0142u Superbet Play-off zagra w Superbet 1. WL Lidze.<\/p>\n\n\n\n<p><strong>Superbet 2. WL Liga<\/strong><\/p>\n\n\n\n<p>1\/2 fina\u0142u: 11. miejsce [Superbet 2. WL Liga] &#8211; 5. miejsce [Superbet 3. WL Liga]<br>1\/2 fina\u0142u: 3. miejsce [Superbet 3. WL Liga] &#8211; 4. miejsce [Superbet 3. WL Liga]<br>fina\u0142: zwyci\u0119zcy 1\/2 fina\u0142u<\/p>\n\n\n\n<p>Zwyci\u0119zca fina\u0142u Superbet Play-off zagra w Superbet 2. WL Lidze.<\/p>\n\n\n\n<p><strong>Superbet 3. WL Liga<\/strong><\/p>\n\n\n\n<p>System rozgrywek zostanie ustalony po zako\u0144czeniu I tury zapis\u00f3w. <\/p>\n\n\n\n<h2 class=\"wp-block-heading\">Superbet <strong>Puchar WL Ligi<\/strong><\/h2>\n\n\n\n<p>System gry w Superbet Pucharze WL Ligi zostanie ustalony po otrzymaniu informacji na temat liczby zespo\u0142\u00f3w, kt\u00f3re zadeklaruj\u0105 si\u0119 walczy\u0107 o to trofeum.<\/p>\n\n\n\n<h2 class=\"wp-block-heading\">Superbet <strong><strong>Superpuchar WL Ligi<\/strong><\/strong><\/h2>\n\n\n\n<p>System gry w Superpucharze WL Ligi zostanie ustalony po zako\u0144czeniu sezonu Wiosna 2026.<\/p>\n\n\n\n<h2 class=\"wp-block-heading\">Superbet <strong>Puchar Wiary Lecha<\/strong><\/h2>\n\n\n\n<p>W Superbet Pucharze Wiary Lecha \u0142\u0105cznie zagra <strong>6 zespo\u0142\u00f3w<\/strong>: 6. i 7. zesp\u00f3\u0142 Superbet 2. WL Ligi, 6. i 7. zesp\u00f3\u0142 Superbet 3. WL Ligi, 3. i 4. zesp\u00f3\u0142 Superbet 4. WL Ligi<\/p>\n\n\n\n<p><strong>Grupa A: <\/strong>7.\/2, 6.\/3, 4.\/4<br><strong>Grupa B<\/strong>: 6.\/2, 7.\/3, 3.\/4<\/p>\n\n\n\n<p><strong>1\/2 fina\u0142u:<\/strong> 1A &#8211; 2B, 1B &#8211; 2A<\/p>\n\n\n\n<h2 class=\"wp-block-heading\"><strong>SuperLiga6 (Mistrzostwa Polski, Puchar Polski)<\/strong><\/h2>\n\n\n\n<p><strong>Mistrzostwa Polski<\/strong><\/p>\n\n\n\n<p>Awans do fina\u0142\u00f3w Mistrzostw Polski SuperLiga6 wywalcz\u0105 dwie najlepsze dru\u017cyny Turnieju Mistrz\u00f3w Superbet WL Ligi, w kt\u00f3rym zagra trzech mistrz\u00f3w Superbet WL Ligi (edycje: Jesie\u0144 2025, Zima 2025\/2026, Wiosna 2026).<\/p>\n\n\n\n<p><strong>Puchar Polski<\/strong><\/p>\n\n\n\n<p>Awans do fina\u0142\u00f3w Pucharu Polski SuperLiga6 wywalcz\u0105 dwie najlepsze dru\u017cyny Turnieju Zdobywc\u00f3w Superbet Pucharu WL Ligi, w kt\u00f3rym zagra trzech zdobywc\u00f3w Superbet Pucharu WL Ligi (edycje: Jesie\u0144 2025, Zima 2025\/2026, Wiosna 2026).<\/p>\n","protected":false},"excerpt":{"rendered":"<p>Superbet 1. WL Liga 10 zespo\u0142\u00f3w zagra dwie rundy &#8211; zasadnicz\u0105 i fina\u0142ow\u0105. Po rozegraniu pierwszej rundy zespo\u0142y zostan\u0105 podzielone na dwie grupy &#8211; mistrzowsk\u0105 i spadkow\u0105. W mistrzowskiej zagraj\u0105 zespo\u0142y z miejsc 1-5, w spadkowej&nbsp;6-10. Punkty i bramki z 1. rundy zostan\u0105 zachowane. W 2. rundzie w grupie mistrzowskiej i spadkowej zespo\u0142y zagraj\u0105 systemem [&hellip;]<\/p>\n","protected":false},"author":2,"featured_media":0,"parent":0,"menu_order":0,"comment_status":"closed","ping_status":"closed","template":"","meta":{"footnotes":""},"class_list":["post-16934","page","type-page","status-publish","hentry"],"jetpack_sharing_enabled":true,"_links":{"self":[{"href":"https:\/\/ligawl.pl\/index.php\/wp-json\/wp\/v2\/pages\/16934","targetHints":{"allow":["GET"]}}],"collection":[{"href":"https:\/\/ligawl.pl\/index.php\/wp-json\/wp\/v2\/pages"}],"about":[{"href":"https:\/\/ligawl.pl\/index.php\/wp-json\/wp\/v2\/types\/page"}],"author":[{"embeddable":true,"href":"https:\/\/ligawl.pl\/index.php\/wp-json\/wp\/v2\/users\/2"}],"replies":[{"embeddable":true,"href":"https:\/\/ligawl.pl\/index.php\/wp-json\/wp\/v2\/comments?post=16934"}],"version-history":[{"count":32,"href":"https:\/\/ligawl.pl\/index.php\/wp-json\/wp\/v2\/pages\/16934\/revisions"}],"predecessor-version":[{"id":37632,"href":"https:\/\/ligawl.pl\/index.php\/wp-json\/wp\/v2\/pages\/16934\/revisions\/37632"}],"wp:attachment":[{"href":"https:\/\/ligawl.pl\/index.php\/wp-json\/wp\/v2\/media?parent=16934"}],"curies":[{"name":"wp","href":"https:\/\/api.w.org\/{rel}","templated":true}]}}