{"id":16382,"date":"2021-08-03T08:13:19","date_gmt":"2021-08-03T06:13:19","guid":{"rendered":"https:\/\/ligawl.pl\/?page_id=16382"},"modified":"2021-08-03T08:13:19","modified_gmt":"2021-08-03T06:13:19","slug":"kartki-forbet-1-wl-liga","status":"publish","type":"page","link":"https:\/\/ligawl.pl\/index.php\/jesien-2021\/kartki-forbet-1-wl-liga\/","title":{"rendered":"Kartki &#8211; forBET 1. WL Liga"},"content":{"rendered":"<div class=\"sportspress\"><h4 class=\"sp-table-caption\">\u017b\u00f3\u0142te kartki<\/h4><div class=\"sp-template sp-template-player-list\"><div class=\"sp-table-wrapper\"><table class=\"sp-player-list sp-data-table sp-sortable-table sp-responsive-table playerlist_69fbabca22fdc sp-scrollable-table sp-paginated-table\" data-sp-rows=\"30\"><thead><tr><th class=\"data-rank\">Ranga<\/th><th class=\"data-name\">Zawodnik<\/th><th class=\"data-team\">Klub<\/th><th class=\"data-yellowcards\"><i class=\"sp-icon-card\" title=\"\u017b\u00f3\u0142te kartki\" style=\"color:#f4d014 !important\"><\/i> <\/th><\/tr><\/thead><tbody><tr class=\"odd\"><td class=\"data-rank\" data-label=\"#\">1<\/td><td class=\"data-name\" data-label=\"Zawodnik\"><a href=\"https:\/\/ligawl.pl\/index.php\/Zawodnik\/michal-karwczak\/\">Micha\u0142 Krawczak<\/a><\/td><td class=\"data-team\" data-label=\"Klub\"><a href=\"https:\/\/ligawl.pl\/index.php\/clubs\/fc-nankatsu\/\">FC Nankatsu<\/a><\/td><td class=\"data-yellowcards\" data-label=\"\u017b\u00f3\u0142te kartki\">3<\/td><\/tr><tr class=\"even\"><td class=\"data-rank\" data-label=\"#\">2<\/td><td class=\"data-name\" data-label=\"Zawodnik\"><a href=\"https:\/\/ligawl.pl\/index.php\/Zawodnik\/mariusz-nowicki\/\">Mariusz Nowicki<\/a><\/td><td class=\"data-team\" data-label=\"Klub\"><a href=\"https:\/\/ligawl.pl\/index.php\/clubs\/synowie-gehenny\/\">Synowie Gehenny<\/a><\/td><td class=\"data-yellowcards\" data-label=\"\u017b\u00f3\u0142te kartki\">1<\/td><\/tr><tr class=\"odd\"><td class=\"data-rank\" data-label=\"#\">3<\/td><td class=\"data-name\" data-label=\"Zawodnik\"><a href=\"https:\/\/ligawl.pl\/index.php\/Zawodnik\/krystian-schreiber\/\">Krystian Schreiber<\/a><\/td><td class=\"data-team\" data-label=\"Klub\"><a href=\"https:\/\/ligawl.pl\/index.php\/clubs\/diadal\/\">Diadal<\/a><\/td><td class=\"data-yellowcards\" data-label=\"\u017b\u00f3\u0142te kartki\">1<\/td><\/tr><tr class=\"even\"><td class=\"data-rank\" data-label=\"#\">4<\/td><td class=\"data-name\" data-label=\"Zawodnik\"><a href=\"https:\/\/ligawl.pl\/index.php\/Zawodnik\/mateusz-domagalski\/\">Mateusz Domagalski<\/a><\/td><td class=\"data-team\" data-label=\"Klub\"><a href=\"https:\/\/ligawl.pl\/index.php\/clubs\/almatur-biuro-podrozy\/\">Biuro Podr\u00f3\u017cy Almatur<\/a><\/td><td class=\"data-yellowcards\" data-label=\"\u017b\u00f3\u0142te kartki\">1<\/td><\/tr><tr class=\"odd\"><td class=\"data-rank\" data-label=\"#\">5<\/td><td class=\"data-name\" data-label=\"Zawodnik\"><a href=\"https:\/\/ligawl.pl\/index.php\/Zawodnik\/tomasz-olejniczak\/\">Tomasz Olejniczak<\/a><\/td><td class=\"data-team\" data-label=\"Klub\"><a href=\"https:\/\/ligawl.pl\/index.php\/clubs\/diadal\/\">Diadal<\/a><\/td><td class=\"data-yellowcards\" data-label=\"\u017b\u00f3\u0142te kartki\">1<\/td><\/tr><tr class=\"even\"><td class=\"data-rank\" data-label=\"#\">6<\/td><td class=\"data-name\" data-label=\"Zawodnik\"><a href=\"https:\/\/ligawl.pl\/index.php\/Zawodnik\/jakub-norek\/\">Jakub Norek<\/a><\/td><td class=\"data-team\" data-label=\"Klub\"><a href=\"https:\/\/ligawl.pl\/index.php\/clubs\/ks-junikowo\/\">KS Junikowo<\/a><\/td><td class=\"data-yellowcards\" data-label=\"\u017b\u00f3\u0142te kartki\">1<\/td><\/tr><tr class=\"odd\"><td class=\"data-rank\" data-label=\"#\">7<\/td><td class=\"data-name\" data-label=\"Zawodnik\"><a href=\"https:\/\/ligawl.pl\/index.php\/Zawodnik\/sawomir-urek\/\">S\u0142awomir \u017burek<\/a><\/td><td class=\"data-team\" data-label=\"Klub\"><a href=\"https:\/\/ligawl.pl\/index.php\/clubs\/szturmowcy-ii\/\">Szturmowcy II<\/a><\/td><td class=\"data-yellowcards\" data-label=\"\u017b\u00f3\u0142te kartki\">1<\/td><\/tr><tr class=\"even\"><td class=\"data-rank\" data-label=\"#\">8<\/td><td class=\"data-name\" data-label=\"Zawodnik\"><a href=\"https:\/\/ligawl.pl\/index.php\/Zawodnik\/maciej-wgelewski\/\">Maciej W\u0119gelewski<\/a><\/td><td class=\"data-team\" data-label=\"Klub\"><a href=\"https:\/\/ligawl.pl\/index.php\/clubs\/fajerwerkowo-pl\/\">Hurtownia.Fajerwerkowo.pl<\/a><\/td><td class=\"data-yellowcards\" data-label=\"\u017b\u00f3\u0142te kartki\">1<\/td><\/tr><tr class=\"odd\"><td class=\"data-rank\" data-label=\"#\">9<\/td><td class=\"data-name\" data-label=\"Zawodnik\"><a href=\"https:\/\/ligawl.pl\/index.php\/Zawodnik\/bartosz-kryczka\/\">Bart\u0142omiej Kryczka<\/a><\/td><td class=\"data-team\" data-label=\"Klub\"><a href=\"https:\/\/ligawl.pl\/index.php\/clubs\/fajerwerkowo-pl\/\">Hurtownia.Fajerwerkowo.pl<\/a><\/td><td class=\"data-yellowcards\" data-label=\"\u017b\u00f3\u0142te kartki\">1<\/td><\/tr><tr class=\"even\"><td class=\"data-rank\" data-label=\"#\">10<\/td><td class=\"data-name\" data-label=\"Zawodnik\"><a href=\"https:\/\/ligawl.pl\/index.php\/Zawodnik\/damian-tafelski\/\">Damian Tafelski<\/a><\/td><td class=\"data-team\" data-label=\"Klub\"><a href=\"https:\/\/ligawl.pl\/index.php\/clubs\/fajerwerkowo-pl\/\">Hurtownia.Fajerwerkowo.pl<\/a><\/td><td class=\"data-yellowcards\" data-label=\"\u017b\u00f3\u0142te kartki\">1<\/td><\/tr><tr class=\"odd\"><td class=\"data-rank\" data-label=\"#\">11<\/td><td class=\"data-name\" data-label=\"Zawodnik\"><a href=\"https:\/\/ligawl.pl\/index.php\/Zawodnik\/szymon-rachuta\/\">Szymon Rachuta<\/a><\/td><td class=\"data-team\" data-label=\"Klub\"><a href=\"https:\/\/ligawl.pl\/index.php\/clubs\/transkrupka-pl\/\">transkrupka.pl<\/a><\/td><td class=\"data-yellowcards\" data-label=\"\u017b\u00f3\u0142te kartki\">1<\/td><\/tr><tr class=\"even\"><td class=\"data-rank\" data-label=\"#\">12<\/td><td class=\"data-name\" data-label=\"Zawodnik\"><a href=\"https:\/\/ligawl.pl\/index.php\/Zawodnik\/marek-baczyk\/\">Marek B\u0105czyk<\/a><\/td><td class=\"data-team\" data-label=\"Klub\"><a href=\"https:\/\/ligawl.pl\/index.php\/clubs\/ikp-olimpia\/\">IKP Olimpia<\/a><\/td><td class=\"data-yellowcards\" data-label=\"\u017b\u00f3\u0142te kartki\">1<\/td><\/tr><tr class=\"odd\"><td class=\"data-rank\" data-label=\"#\">13<\/td><td class=\"data-name\" data-label=\"Zawodnik\"><a href=\"https:\/\/ligawl.pl\/index.php\/Zawodnik\/grzegorz-olejniczak\/\">Grzegorz Olejniczak<\/a><\/td><td class=\"data-team\" data-label=\"Klub\"><a href=\"https:\/\/ligawl.pl\/index.php\/clubs\/synowie-gehenny\/\">Synowie Gehenny<\/a><\/td><td class=\"data-yellowcards\" data-label=\"\u017b\u00f3\u0142te kartki\">1<\/td><\/tr><tr class=\"even\"><td class=\"data-rank\" data-label=\"#\">14<\/td><td class=\"data-name\" data-label=\"Zawodnik\"><a href=\"https:\/\/ligawl.pl\/index.php\/Zawodnik\/michal-mikolajczak\/\">Micha\u0142 Miko\u0142ajczak<\/a><\/td><td class=\"data-team\" data-label=\"Klub\"><a href=\"https:\/\/ligawl.pl\/index.php\/clubs\/fc-nankatsu\/\">FC Nankatsu<\/a><\/td><td class=\"data-yellowcards\" data-label=\"\u017b\u00f3\u0142te kartki\">1<\/td><\/tr><tr class=\"odd\"><td class=\"data-rank\" data-label=\"#\">15<\/td><td class=\"data-name\" data-label=\"Zawodnik\"><a href=\"https:\/\/ligawl.pl\/index.php\/Zawodnik\/mateusz-bartkowiak\/\">Mateusz Bartkowiak<\/a><\/td><td class=\"data-team\" data-label=\"Klub\"><a href=\"https:\/\/ligawl.pl\/index.php\/clubs\/ikp-olimpia\/\">IKP Olimpia<\/a><\/td><td class=\"data-yellowcards\" data-label=\"\u017b\u00f3\u0142te kartki\">1<\/td><\/tr><\/tbody><\/table><\/div><\/div><\/div>\n\n\n<div class=\"sportspress\"><h4 class=\"sp-table-caption\">Czerwone kartki<\/h4><\/div>\n","protected":false},"excerpt":{"rendered":"","protected":false},"author":2,"featured_media":0,"parent":16224,"menu_order":0,"comment_status":"closed","ping_status":"closed","template":"","meta":{"footnotes":""},"class_list":["post-16382","page","type-page","status-publish","hentry"],"jetpack_sharing_enabled":true,"_links":{"self":[{"href":"https:\/\/ligawl.pl\/index.php\/wp-json\/wp\/v2\/pages\/16382","targetHints":{"allow":["GET"]}}],"collection":[{"href":"https:\/\/ligawl.pl\/index.php\/wp-json\/wp\/v2\/pages"}],"about":[{"href":"https:\/\/ligawl.pl\/index.php\/wp-json\/wp\/v2\/types\/page"}],"author":[{"embeddable":true,"href":"https:\/\/ligawl.pl\/index.php\/wp-json\/wp\/v2\/users\/2"}],"replies":[{"embeddable":true,"href":"https:\/\/ligawl.pl\/index.php\/wp-json\/wp\/v2\/comments?post=16382"}],"version-history":[{"count":1,"href":"https:\/\/ligawl.pl\/index.php\/wp-json\/wp\/v2\/pages\/16382\/revisions"}],"predecessor-version":[{"id":16383,"href":"https:\/\/ligawl.pl\/index.php\/wp-json\/wp\/v2\/pages\/16382\/revisions\/16383"}],"up":[{"embeddable":true,"href":"https:\/\/ligawl.pl\/index.php\/wp-json\/wp\/v2\/pages\/16224"}],"wp:attachment":[{"href":"https:\/\/ligawl.pl\/index.php\/wp-json\/wp\/v2\/media?parent=16382"}],"curies":[{"name":"wp","href":"https:\/\/api.w.org\/{rel}","templated":true}]}}