{"id":14150,"date":"2021-02-24T09:49:19","date_gmt":"2021-02-24T08:49:19","guid":{"rendered":"https:\/\/ligawl.pl\/?page_id=14150"},"modified":"2021-04-03T09:58:01","modified_gmt":"2021-04-03T07:58:01","slug":"kartki-2-wl-liga-w21","status":"publish","type":"page","link":"https:\/\/ligawl.pl\/index.php\/wiosna-2021\/kartki-2-wl-liga-w21\/","title":{"rendered":"Kartki &#8211; forBET 2. WL Liga"},"content":{"rendered":"<div class=\"sportspress\"><h4 class=\"sp-table-caption\">\u017b\u00f3\u0142te kartki<\/h4><div class=\"sp-template sp-template-player-list\"><div class=\"sp-table-wrapper\"><table class=\"sp-player-list sp-data-table sp-sortable-table sp-responsive-table playerlist_69f7fb2a83938 sp-scrollable-table sp-paginated-table\" data-sp-rows=\"30\"><thead><tr><th class=\"data-rank\">Ranga<\/th><th class=\"data-name\">Zawodnik<\/th><th class=\"data-team\">Klub<\/th><th class=\"data-yellowcards\"><i class=\"sp-icon-card\" title=\"\u017b\u00f3\u0142te kartki\" style=\"color:#f4d014 !important\"><\/i> <\/th><\/tr><\/thead><tbody><tr class=\"odd\"><td class=\"data-rank\" data-label=\"#\">1<\/td><td class=\"data-name\" data-label=\"Zawodnik\"><a href=\"https:\/\/ligawl.pl\/index.php\/Zawodnik\/andriy-kravchuk\/\">Andrzej Krawczuk<\/a><\/td><td class=\"data-team\" data-label=\"Klub\"><a href=\"https:\/\/ligawl.pl\/index.php\/clubs\/led-lighting-team\/\">LED Lighting Team<\/a><\/td><td class=\"data-yellowcards\" data-label=\"\u017b\u00f3\u0142te kartki\">3<\/td><\/tr><tr class=\"even\"><td class=\"data-rank\" data-label=\"#\">2<\/td><td class=\"data-name\" data-label=\"Zawodnik\"><a href=\"https:\/\/ligawl.pl\/index.php\/Zawodnik\/michal-dabrowski\/\">Micha\u0142 D\u0105browski<\/a><\/td><td class=\"data-team\" data-label=\"Klub\"><a href=\"https:\/\/ligawl.pl\/index.php\/clubs\/pww-banda\/\">PWW<\/a><\/td><td class=\"data-yellowcards\" data-label=\"\u017b\u00f3\u0142te kartki\">2<\/td><\/tr><tr class=\"odd\"><td class=\"data-rank\" data-label=\"#\">3<\/td><td class=\"data-name\" data-label=\"Zawodnik\"><a href=\"https:\/\/ligawl.pl\/index.php\/Zawodnik\/wojciech-tomkowiak\/\">Wojciech Tomkowiak<\/a><\/td><td class=\"data-team\" data-label=\"Klub\"><a href=\"https:\/\/ligawl.pl\/index.php\/clubs\/dentes-stomatologia\/\">Dentes Stomatologia<\/a><\/td><td class=\"data-yellowcards\" data-label=\"\u017b\u00f3\u0142te kartki\">2<\/td><\/tr><tr class=\"even\"><td class=\"data-rank\" data-label=\"#\">4<\/td><td class=\"data-name\" data-label=\"Zawodnik\"><a href=\"https:\/\/ligawl.pl\/index.php\/Zawodnik\/dariusz-kropinski\/\">Dariusz Kropi\u0144ski<\/a><\/td><td class=\"data-team\" data-label=\"Klub\"><a href=\"https:\/\/ligawl.pl\/index.php\/clubs\/farbsystem\/\">FarbSystem<\/a><\/td><td class=\"data-yellowcards\" data-label=\"\u017b\u00f3\u0142te kartki\">2<\/td><\/tr><tr class=\"odd\"><td class=\"data-rank\" data-label=\"#\">5<\/td><td class=\"data-name\" data-label=\"Zawodnik\"><a href=\"https:\/\/ligawl.pl\/index.php\/Zawodnik\/mikolaj-hajdasz\/\">Miko\u0142aj Hajdasz<\/a><\/td><td class=\"data-team\" data-label=\"Klub\"><a href=\"https:\/\/ligawl.pl\/index.php\/clubs\/fsc-braga\/\">FSC Braga<\/a><\/td><td class=\"data-yellowcards\" data-label=\"\u017b\u00f3\u0142te kartki\">1<\/td><\/tr><tr class=\"even\"><td class=\"data-rank\" data-label=\"#\">6<\/td><td class=\"data-name\" data-label=\"Zawodnik\"><a href=\"https:\/\/ligawl.pl\/index.php\/Zawodnik\/krzysztof-stepniak\/\">Krzysztof St\u0119pniak<\/a><\/td><td class=\"data-team\" data-label=\"Klub\"><a href=\"https:\/\/ligawl.pl\/index.php\/clubs\/fsc-braga\/\">FSC Braga<\/a><\/td><td class=\"data-yellowcards\" data-label=\"\u017b\u00f3\u0142te kartki\">1<\/td><\/tr><tr class=\"odd\"><td class=\"data-rank\" data-label=\"#\">7<\/td><td class=\"data-name\" data-label=\"Zawodnik\"><a href=\"https:\/\/ligawl.pl\/index.php\/Zawodnik\/andrzej-bukowski\/\">Andrzej Bukowski<\/a><\/td><td class=\"data-team\" data-label=\"Klub\"><a href=\"https:\/\/ligawl.pl\/index.php\/clubs\/pww-banda\/\">PWW<\/a><\/td><td class=\"data-yellowcards\" data-label=\"\u017b\u00f3\u0142te kartki\">1<\/td><\/tr><tr class=\"even\"><td class=\"data-rank\" data-label=\"#\">8<\/td><td class=\"data-name\" data-label=\"Zawodnik\"><a href=\"https:\/\/ligawl.pl\/index.php\/Zawodnik\/krzysztof-marciniak\/\">Krzysztof Marciniak<\/a><\/td><td class=\"data-team\" data-label=\"Klub\"><a href=\"https:\/\/ligawl.pl\/index.php\/clubs\/pww-banda\/\">PWW<\/a><\/td><td class=\"data-yellowcards\" data-label=\"\u017b\u00f3\u0142te kartki\">1<\/td><\/tr><tr class=\"odd\"><td class=\"data-rank\" data-label=\"#\">9<\/td><td class=\"data-name\" data-label=\"Zawodnik\"><a href=\"https:\/\/ligawl.pl\/index.php\/Zawodnik\/dominik-serba\/\">Dominik Serba<\/a><\/td><td class=\"data-team\" data-label=\"Klub\"><a href=\"https:\/\/ligawl.pl\/index.php\/clubs\/pww-banda\/\">PWW<\/a><\/td><td class=\"data-yellowcards\" data-label=\"\u017b\u00f3\u0142te kartki\">1<\/td><\/tr><tr class=\"even\"><td class=\"data-rank\" data-label=\"#\">10<\/td><td class=\"data-name\" data-label=\"Zawodnik\"><a href=\"https:\/\/ligawl.pl\/index.php\/Zawodnik\/krzysztof-borkowski\/\">Krzysztof Borkowski<\/a><\/td><td class=\"data-team\" data-label=\"Klub\"><a href=\"https:\/\/ligawl.pl\/index.php\/clubs\/oni\/\">Oni<\/a><\/td><td class=\"data-yellowcards\" data-label=\"\u017b\u00f3\u0142te kartki\">1<\/td><\/tr><tr class=\"odd\"><td class=\"data-rank\" data-label=\"#\">11<\/td><td class=\"data-name\" data-label=\"Zawodnik\"><a href=\"https:\/\/ligawl.pl\/index.php\/Zawodnik\/krzysztof-jassem\/\">Krzysztof Jassem<\/a><\/td><td class=\"data-team\" data-label=\"Klub\"><a href=\"https:\/\/ligawl.pl\/index.php\/clubs\/oni\/\">Oni<\/a><\/td><td class=\"data-yellowcards\" data-label=\"\u017b\u00f3\u0142te kartki\">1<\/td><\/tr><tr class=\"even\"><td class=\"data-rank\" data-label=\"#\">12<\/td><td class=\"data-name\" data-label=\"Zawodnik\"><a href=\"https:\/\/ligawl.pl\/index.php\/Zawodnik\/piotr-jassem\/\">Piotr Jassem<\/a><\/td><td class=\"data-team\" data-label=\"Klub\"><a href=\"https:\/\/ligawl.pl\/index.php\/clubs\/oni\/\">Oni<\/a><\/td><td class=\"data-yellowcards\" data-label=\"\u017b\u00f3\u0142te kartki\">1<\/td><\/tr><tr class=\"odd\"><td class=\"data-rank\" data-label=\"#\">13<\/td><td class=\"data-name\" data-label=\"Zawodnik\"><a href=\"https:\/\/ligawl.pl\/index.php\/Zawodnik\/kamil-magdon\/\">Kamil Magdo\u0144<\/a><\/td><td class=\"data-team\" data-label=\"Klub\"><a href=\"https:\/\/ligawl.pl\/index.php\/clubs\/oni\/\">Oni<\/a><\/td><td class=\"data-yellowcards\" data-label=\"\u017b\u00f3\u0142te kartki\">1<\/td><\/tr><tr class=\"even\"><td class=\"data-rank\" data-label=\"#\">14<\/td><td class=\"data-name\" data-label=\"Zawodnik\"><a href=\"https:\/\/ligawl.pl\/index.php\/Zawodnik\/marcin-antoniewicz\/\">Marcin Antoniewicz<\/a><\/td><td class=\"data-team\" data-label=\"Klub\"><a href=\"https:\/\/ligawl.pl\/index.php\/clubs\/archiwum-x\/\">Archiwum X<\/a><\/td><td class=\"data-yellowcards\" data-label=\"\u017b\u00f3\u0142te kartki\">1<\/td><\/tr><tr class=\"odd\"><td class=\"data-rank\" data-label=\"#\">15<\/td><td class=\"data-name\" data-label=\"Zawodnik\"><a href=\"https:\/\/ligawl.pl\/index.php\/Zawodnik\/mateusz-dabrowski\/\">Mateusz D\u0105browski<\/a><\/td><td class=\"data-team\" data-label=\"Klub\"><a href=\"https:\/\/ligawl.pl\/index.php\/clubs\/gold-fc\/\">Gold FC<\/a><\/td><td class=\"data-yellowcards\" data-label=\"\u017b\u00f3\u0142te kartki\">1<\/td><\/tr><tr class=\"even\"><td class=\"data-rank\" data-label=\"#\">16<\/td><td class=\"data-name\" data-label=\"Zawodnik\"><a href=\"https:\/\/ligawl.pl\/index.php\/Zawodnik\/michael-duszynski\/\">Michael Duszy\u0144ski<\/a><\/td><td class=\"data-team\" data-label=\"Klub\"><a href=\"https:\/\/ligawl.pl\/index.php\/clubs\/lubon-fc\/\">Kolib Lubo\u0144 FC<\/a><\/td><td class=\"data-yellowcards\" data-label=\"\u017b\u00f3\u0142te kartki\">1<\/td><\/tr><tr class=\"odd\"><td class=\"data-rank\" data-label=\"#\">17<\/td><td class=\"data-name\" data-label=\"Zawodnik\"><a href=\"https:\/\/ligawl.pl\/index.php\/Zawodnik\/jan-tomkowiak\/\">Jan Tomkowiak<\/a><\/td><td class=\"data-team\" data-label=\"Klub\"><a href=\"https:\/\/ligawl.pl\/index.php\/clubs\/dentes-stomatologia\/\">Dentes Stomatologia<\/a><\/td><td class=\"data-yellowcards\" data-label=\"\u017b\u00f3\u0142te kartki\">1<\/td><\/tr><tr class=\"even\"><td class=\"data-rank\" data-label=\"#\">18<\/td><td class=\"data-name\" data-label=\"Zawodnik\"><a href=\"https:\/\/ligawl.pl\/index.php\/Zawodnik\/sebastian-nawrot\/\">Sebastian Nawrot<\/a><\/td><td class=\"data-team\" data-label=\"Klub\"><a href=\"https:\/\/ligawl.pl\/?post_type=page&amp;p=14150\">-<\/a><\/td><td class=\"data-yellowcards\" data-label=\"\u017b\u00f3\u0142te kartki\">1<\/td><\/tr><tr class=\"odd\"><td class=\"data-rank\" data-label=\"#\">19<\/td><td class=\"data-name\" data-label=\"Zawodnik\"><a href=\"https:\/\/ligawl.pl\/index.php\/Zawodnik\/krzysztof-bartkowiak\/\">Krzysztof Bartkowiak<\/a><\/td><td class=\"data-team\" data-label=\"Klub\"><a href=\"https:\/\/ligawl.pl\/index.php\/clubs\/farbsystem\/\">FarbSystem<\/a><\/td><td class=\"data-yellowcards\" data-label=\"\u017b\u00f3\u0142te kartki\">1<\/td><\/tr><tr class=\"even\"><td class=\"data-rank\" data-label=\"#\">20<\/td><td class=\"data-name\" data-label=\"Zawodnik\"><a href=\"https:\/\/ligawl.pl\/index.php\/Zawodnik\/micha-waskowski\/\">Micha\u0142 Waskowski<\/a><\/td><td class=\"data-team\" data-label=\"Klub\"><a href=\"https:\/\/ligawl.pl\/index.php\/clubs\/diadal\/\">Diadal<\/a><\/td><td class=\"data-yellowcards\" data-label=\"\u017b\u00f3\u0142te kartki\">1<\/td><\/tr><tr class=\"odd\"><td class=\"data-rank\" data-label=\"#\">21<\/td><td class=\"data-name\" data-label=\"Zawodnik\"><a href=\"https:\/\/ligawl.pl\/index.php\/Zawodnik\/maciej-borski\/\">Maciej Borski<\/a><\/td><td class=\"data-team\" data-label=\"Klub\"><a href=\"https:\/\/ligawl.pl\/index.php\/clubs\/evertec\/\">Evertec<\/a><\/td><td class=\"data-yellowcards\" data-label=\"\u017b\u00f3\u0142te kartki\">1<\/td><\/tr><tr class=\"even\"><td class=\"data-rank\" data-label=\"#\">22<\/td><td class=\"data-name\" data-label=\"Zawodnik\"><a href=\"https:\/\/ligawl.pl\/index.php\/Zawodnik\/dominik-kluj\/\">Dominik Kluj<\/a><\/td><td class=\"data-team\" data-label=\"Klub\"><a href=\"https:\/\/ligawl.pl\/index.php\/clubs\/tornado-ognik\/\">Tornado Ognik<\/a><\/td><td class=\"data-yellowcards\" data-label=\"\u017b\u00f3\u0142te kartki\">1<\/td><\/tr><tr class=\"odd\"><td class=\"data-rank\" data-label=\"#\">23<\/td><td class=\"data-name\" data-label=\"Zawodnik\"><a href=\"https:\/\/ligawl.pl\/index.php\/Zawodnik\/daniel-skibiski\/\">Daniel Skibi\u0144ski<\/a><\/td><td class=\"data-team\" data-label=\"Klub\"><a href=\"https:\/\/ligawl.pl\/index.php\/clubs\/led-lighting-team\/\">LED Lighting Team<\/a><\/td><td class=\"data-yellowcards\" data-label=\"\u017b\u00f3\u0142te kartki\">1<\/td><\/tr><tr class=\"even\"><td class=\"data-rank\" data-label=\"#\">24<\/td><td class=\"data-name\" data-label=\"Zawodnik\"><a href=\"https:\/\/ligawl.pl\/index.php\/Zawodnik\/patryk-pawlaczyk\/\">Patryk Pawlaczyk<\/a><\/td><td class=\"data-team\" data-label=\"Klub\"><a href=\"https:\/\/ligawl.pl\/index.php\/clubs\/magiczny-swiat\/\">Magiczny \u015awiat<\/a><\/td><td class=\"data-yellowcards\" data-label=\"\u017b\u00f3\u0142te kartki\">1<\/td><\/tr><tr class=\"odd\"><td class=\"data-rank\" data-label=\"#\">25<\/td><td class=\"data-name\" data-label=\"Zawodnik\"><a href=\"https:\/\/ligawl.pl\/index.php\/Zawodnik\/bartomiej-karzycki\/\">Bart\u0142omiej Karzycki<\/a><\/td><td class=\"data-team\" data-label=\"Klub\"><a href=\"https:\/\/ligawl.pl\/index.php\/clubs\/dentes-stomatologia\/\">Dentes Stomatologia<\/a><\/td><td class=\"data-yellowcards\" data-label=\"\u017b\u00f3\u0142te kartki\">1<\/td><\/tr><tr class=\"even\"><td class=\"data-rank\" data-label=\"#\">26<\/td><td class=\"data-name\" data-label=\"Zawodnik\"><a href=\"https:\/\/ligawl.pl\/index.php\/Zawodnik\/mateusz-golebiowski\/\">Mateusz Go\u0142\u0119biowski<\/a><\/td><td class=\"data-team\" data-label=\"Klub\"><a href=\"https:\/\/ligawl.pl\/index.php\/clubs\/magiczny-swiat\/\">Magiczny \u015awiat<\/a><\/td><td class=\"data-yellowcards\" data-label=\"\u017b\u00f3\u0142te kartki\">1<\/td><\/tr><tr class=\"odd\"><td class=\"data-rank\" data-label=\"#\">27<\/td><td class=\"data-name\" data-label=\"Zawodnik\"><a href=\"https:\/\/ligawl.pl\/index.php\/Zawodnik\/maciej-dubowicz\/\">Maciej Dubowicz<\/a><\/td><td class=\"data-team\" data-label=\"Klub\"><a href=\"https:\/\/ligawl.pl\/index.php\/clubs\/magiczny-swiat\/\">Magiczny \u015awiat<\/a><\/td><td class=\"data-yellowcards\" data-label=\"\u017b\u00f3\u0142te kartki\">1<\/td><\/tr><tr class=\"even\"><td class=\"data-rank\" data-label=\"#\">28<\/td><td class=\"data-name\" data-label=\"Zawodnik\"><a href=\"https:\/\/ligawl.pl\/index.php\/Zawodnik\/dawid-kolodziejczak\/\">Dawid Ko\u0142odziejczak<\/a><\/td><td class=\"data-team\" data-label=\"Klub\"><a href=\"https:\/\/ligawl.pl\/index.php\/clubs\/magiczny-swiat\/\">Magiczny \u015awiat<\/a><\/td><td class=\"data-yellowcards\" data-label=\"\u017b\u00f3\u0142te kartki\">1<\/td><\/tr><tr class=\"odd\"><td class=\"data-rank\" data-label=\"#\">29<\/td><td class=\"data-name\" data-label=\"Zawodnik\"><a href=\"https:\/\/ligawl.pl\/index.php\/Zawodnik\/radoslaw-majewski\/\">Rados\u0142aw Majewski<\/a><\/td><td class=\"data-team\" data-label=\"Klub\"><a href=\"https:\/\/ligawl.pl\/index.php\/clubs\/farbsystem\/\">FarbSystem<\/a><\/td><td class=\"data-yellowcards\" data-label=\"\u017b\u00f3\u0142te kartki\">1<\/td><\/tr><tr class=\"even\"><td class=\"data-rank\" data-label=\"#\">30<\/td><td class=\"data-name\" data-label=\"Zawodnik\"><a href=\"https:\/\/ligawl.pl\/index.php\/Zawodnik\/filip-krzyzaniak\/\">Filip Krzy\u017caniak<\/a><\/td><td class=\"data-team\" data-label=\"Klub\"><a href=\"https:\/\/ligawl.pl\/index.php\/clubs\/farbsystem\/\">FarbSystem<\/a><\/td><td class=\"data-yellowcards\" data-label=\"\u017b\u00f3\u0142te kartki\">1<\/td><\/tr><tr class=\"odd\"><td class=\"data-rank\" data-label=\"#\">31<\/td><td class=\"data-name\" data-label=\"Zawodnik\"><a href=\"https:\/\/ligawl.pl\/index.php\/Zawodnik\/piotr-michalak\/\">Piotr Michalak<\/a><\/td><td class=\"data-team\" data-label=\"Klub\"><a href=\"https:\/\/ligawl.pl\/index.php\/clubs\/stoczniowiec\/\">Lacus Stoczniowiec<\/a><\/td><td class=\"data-yellowcards\" data-label=\"\u017b\u00f3\u0142te kartki\">1<\/td><\/tr><tr class=\"even\"><td class=\"data-rank\" data-label=\"#\">32<\/td><td class=\"data-name\" data-label=\"Zawodnik\"><a href=\"https:\/\/ligawl.pl\/index.php\/Zawodnik\/krzysztof-filas\/\">Krzysztof Filas<\/a><\/td><td class=\"data-team\" data-label=\"Klub\"><a href=\"https:\/\/ligawl.pl\/index.php\/clubs\/led-lighting-team\/\">LED Lighting Team<\/a><\/td><td class=\"data-yellowcards\" data-label=\"\u017b\u00f3\u0142te kartki\">1<\/td><\/tr><tr class=\"odd\"><td class=\"data-rank\" data-label=\"#\">33<\/td><td class=\"data-name\" data-label=\"Zawodnik\"><a href=\"https:\/\/ligawl.pl\/index.php\/Zawodnik\/adam-kluczynski\/\">Adam Kluczy\u0144ski<\/a><\/td><td class=\"data-team\" data-label=\"Klub\"><a href=\"https:\/\/ligawl.pl\/index.php\/clubs\/stoczniowiec\/\">Lacus Stoczniowiec<\/a><\/td><td class=\"data-yellowcards\" data-label=\"\u017b\u00f3\u0142te kartki\">1<\/td><\/tr><\/tbody><\/table><\/div><\/div><\/div>\n\n\n<div class=\"sportspress\"><h4 class=\"sp-table-caption\">Czerwone kartki<\/h4><div class=\"sp-template sp-template-player-list\"><div class=\"sp-table-wrapper\"><table class=\"sp-player-list sp-data-table sp-sortable-table sp-responsive-table playerlist_69f7fb2b0f4f7 sp-scrollable-table sp-paginated-table\" data-sp-rows=\"30\"><thead><tr><th class=\"data-rank\">Ranga<\/th><th class=\"data-name\">Zawodnik<\/th><th class=\"data-team\">Klub<\/th><th class=\"data-redcards\"><i class=\"sp-icon-card\" title=\"Czerwone kartki\" style=\"color:#d4000f !important\"><\/i> <\/th><\/tr><\/thead><tbody><tr class=\"odd\"><td class=\"data-rank\" data-label=\"#\">1<\/td><td class=\"data-name\" data-label=\"Zawodnik\"><a href=\"https:\/\/ligawl.pl\/index.php\/Zawodnik\/sebastian-nawrot\/\">Sebastian Nawrot<\/a><\/td><td class=\"data-team\" data-label=\"Klub\"><a href=\"https:\/\/ligawl.pl\/?post_type=page&amp;p=14150\">-<\/a><\/td><td class=\"data-redcards\" data-label=\"Czerwone kartki\">1<\/td><\/tr><tr class=\"even\"><td class=\"data-rank\" data-label=\"#\">2<\/td><td class=\"data-name\" data-label=\"Zawodnik\"><a href=\"https:\/\/ligawl.pl\/index.php\/Zawodnik\/ryszard-sadowski\/\">Ryszard Sadowski<\/a><\/td><td class=\"data-team\" data-label=\"Klub\"><a href=\"https:\/\/ligawl.pl\/index.php\/clubs\/tornado-ognik\/\">Tornado Ognik<\/a><\/td><td class=\"data-redcards\" data-label=\"Czerwone kartki\">1<\/td><\/tr><tr class=\"odd\"><td class=\"data-rank\" data-label=\"#\">3<\/td><td class=\"data-name\" data-label=\"Zawodnik\"><a href=\"https:\/\/ligawl.pl\/index.php\/Zawodnik\/filip-krzyzaniak\/\">Filip Krzy\u017caniak<\/a><\/td><td class=\"data-team\" data-label=\"Klub\"><a href=\"https:\/\/ligawl.pl\/index.php\/clubs\/farbsystem\/\">FarbSystem<\/a><\/td><td class=\"data-redcards\" data-label=\"Czerwone kartki\">1<\/td><\/tr><\/tbody><\/table><\/div><\/div><\/div>\n","protected":false},"excerpt":{"rendered":"","protected":false},"author":2,"featured_media":0,"parent":13959,"menu_order":0,"comment_status":"closed","ping_status":"closed","template":"template-fullwidth.php","meta":{"footnotes":""},"class_list":["post-14150","page","type-page","status-publish","hentry"],"jetpack_sharing_enabled":true,"_links":{"self":[{"href":"https:\/\/ligawl.pl\/index.php\/wp-json\/wp\/v2\/pages\/14150","targetHints":{"allow":["GET"]}}],"collection":[{"href":"https:\/\/ligawl.pl\/index.php\/wp-json\/wp\/v2\/pages"}],"about":[{"href":"https:\/\/ligawl.pl\/index.php\/wp-json\/wp\/v2\/types\/page"}],"author":[{"embeddable":true,"href":"https:\/\/ligawl.pl\/index.php\/wp-json\/wp\/v2\/users\/2"}],"replies":[{"embeddable":true,"href":"https:\/\/ligawl.pl\/index.php\/wp-json\/wp\/v2\/comments?post=14150"}],"version-history":[{"count":2,"href":"https:\/\/ligawl.pl\/index.php\/wp-json\/wp\/v2\/pages\/14150\/revisions"}],"predecessor-version":[{"id":14703,"href":"https:\/\/ligawl.pl\/index.php\/wp-json\/wp\/v2\/pages\/14150\/revisions\/14703"}],"up":[{"embeddable":true,"href":"https:\/\/ligawl.pl\/index.php\/wp-json\/wp\/v2\/pages\/13959"}],"wp:attachment":[{"href":"https:\/\/ligawl.pl\/index.php\/wp-json\/wp\/v2\/media?parent=14150"}],"curies":[{"name":"wp","href":"https:\/\/api.w.org\/{rel}","templated":true}]}}