{"id":13364,"date":"2020-12-02T12:31:01","date_gmt":"2020-12-02T11:31:01","guid":{"rendered":"https:\/\/ligawl.pl\/?page_id=13364"},"modified":"2026-01-19T07:35:02","modified_gmt":"2026-01-19T06:35:02","slug":"system-rozgrywek-zima-2025-2026","status":"publish","type":"page","link":"https:\/\/ligawl.pl\/index.php\/organizator\/system-rozgrywek-zima-2025-2026\/","title":{"rendered":"System rozgrywek &#8211; Zima 2025\/2026"},"content":{"rendered":"\n<h2 class=\"wp-block-heading\">Superbet <strong>WL Liga<\/strong><\/h2>\n\n\n\n<p>Oficjaln\u0105 tabel\u0105 rozgrywek b\u0119dzie klasyfikacja z\u0142o\u017cona z 22. zespo\u0142\u00f3w. Tabele obu grup &#8211; A i B b\u0119d\u0119 pomocniczymi w kwestii wy\u0142onienia zespo\u0142\u00f3w do grupy mistrzowskiej oraz terminarza 2. rundy. <\/p>\n\n\n\n<p><strong><em>1. runda<\/em><\/strong><\/p>\n\n\n\n<p><strong>22 dru\u017cyny<\/strong>&nbsp;zosta\u0142y podzielone na dwie grupy 11-zespo\u0142owe. Po rozegraniu mecz\u00f3w w systemie ka\u017cdy z ka\u017cdym zespo\u0142y zostan\u0105 podzieleni na dwie grupy &#8211; mistrzowsk\u0105 i pocieszenia, w kt\u00f3rej toczy\u0107 si\u0119 b\u0119dzie rywalizacja o Superbet Puchar Wiary Lecha. W mistrzowskiej zagraj\u0105 zespo\u0142y z miejsc 1-4, w pocieszenia 5-11. <\/p>\n\n\n\n<p>Punktacja oraz bramki z 1. rundy zostan\u0105 zachowane. <\/p>\n\n\n\n<p>Zesp\u00f3\u0142, kt\u00f3ry w grupie A lub B zajmie 5. lub ni\u017csze miejsce, ale w klasyfikacji og\u00f3lnej na koniec I rundy b\u0119dzie na miejscu 8. lub wy\u017cszym, automatycznie zostanie przesuni\u0119ty na miejsce 9. lub ni\u017csze. <\/p>\n\n\n\n<p><strong><em>2. runda<\/em><\/strong><\/p>\n\n\n\n<p><strong>Grupa mistrzowska<\/strong> (1-8.) &#8211; w drugiej rundzie dru\u017cyny z grupy A zagraj\u0105 mecze z zespo\u0142ami z grupy B (\u0142\u0105cznie ka\u017cda z dru\u017cyn zagra 4 mecze). <\/p>\n\n\n\n<p><strong>Grupa pocieszenia\/Superbet Puchar Wiary Lecha<\/strong> (9-22.) &#8211; w drugiej rundzie dru\u017cyny z grupy A zagraj\u0105 mecze z zespo\u0142ami z grupy B (\u0142\u0105cznie ka\u017cdy z dru\u017cyn zagra 4 mecze) wed\u0142ug poni\u017cszego klucza:<\/p>\n\n\n\n<p>5A &#8211; 6B, 8B, 9B, 11B<br>6A &#8211; 5B, 7B, 9B, 10B<br>7A &#8211; 6B, 8B, 10B, 11B<br>8A &#8211; 5B, 7B, 9B, 11B<br>9A &#8211; 5B, 6B, 8B, 10B<br>10A &#8211; 6B, 7B, 9B, 11B<br>11A &#8211; 5B, 7B, 8B, 10B<br>5B &#8211; 6A, 8A, 9A, 11A<br>6B &#8211; 5A, 7A, 9A, 10A<br>7B &#8211; 6A, 8A, 10A, 11A<br>8B &#8211; 5A, 7A, 9A, 11A<br>9B &#8211; 5A, 6A, 8A, 10A<br>10B &#8211; 6A, 7A, 9A, 11A<br>11B &#8211; 5A, 7A, 8A, 10A<\/p>\n\n\n\n<p>O kolejno\u015bci w <strong>grupie pocieszenia <\/strong>&#8211; w pierwszej kolejno\u015bci &#8211; decydowa\u0142 b\u0119dzie bilans bramkowy, a nie bezpo\u015brednie pojedynki pomi\u0119dzy zainteresowanymi dru\u017cynami. <\/p>\n\n\n\n<p>Superbet Puchar Wiary Lecha wywalczy zesp\u00f3\u0142, kt\u00f3ry w klasyfikacji og\u00f3lnej zajmie 9. miejsce. Dru\u017cyna otrzyma trofeum, medale oraz prawo gry w Superbet Superpucharze WL Ligi na pocz\u0105tku sezonu 2026\/2027. <\/p>\n\n\n\n<h2 class=\"wp-block-heading\">Superbet <strong>Puchar WL Ligi<\/strong><\/h2>\n\n\n\n<p>Rozgrywki o Superbet Puchar WL Ligi toczy\u0107 si\u0119 b\u0119d\u0105 w systemie pucharowym.<\/p>\n\n\n\n<p><strong>1\/16 fina\u0142u<\/strong> &#8211; 12 zespo\u0142\u00f3w nierozstawionych<br><strong>1\/8 fina\u0142u <\/strong>&#8211; 10 zespo\u0142\u00f3w rozstawionych + 6 zwyci\u0119zc\u00f3w 1\/16 fina\u0142u<br><strong>1\/4 fina\u0142u<\/strong> &#8211; 8 najlepszych zespo\u0142\u00f3w fazy grupowej;<br><strong>1\/2 fina\u0142u<\/strong> &#8211; 4 zwyci\u0119zc\u00f3w 1\/4 fina\u0142u;<br><strong>mecz o 3. miejsce<\/strong> &#8211; przegrani z 1\/2 fina\u0142u; <br><strong>fina\u0142<\/strong> &#8211; zwyci\u0119zcy 1\/2 fina\u0142u.<\/p>\n\n\n\n<p>Zespo\u0142y rozstawione (wg. miejsc zaj\u0119tych w sezonie 2024\/2025): Szturmowcy (obro\u0144cy trofeum), Revengers, Kaczmarek Transport, Diadal, Lacus Stoczniowiec, Synowie Gehenny, Snow Storm, Rhizoma FC, NDW, Union Kiekrz. <\/p>\n\n\n\n<h2 class=\"wp-block-heading\">Superbet <strong><strong>Superpuchar WL Ligi<\/strong><\/strong><\/h2>\n\n\n\n<p>Rozgrywki o Superbet Superpuchar WL Ligi zostan\u0105 rozegrane w formie tr\u00f3jmeczu mi\u0119dzy Revengers (mistrz Superbet WL Ligi), Szturmowcami (zdobywcy Superbet Pucharu WL Ligi) i Kaczmarek Transport (zdobywcy Superbet Superpucharu WL Ligi). <\/p>\n","protected":false},"excerpt":{"rendered":"<p>Superbet WL Liga Oficjaln\u0105 tabel\u0105 rozgrywek b\u0119dzie klasyfikacja z\u0142o\u017cona z 22. zespo\u0142\u00f3w. Tabele obu grup &#8211; A i B b\u0119d\u0119 pomocniczymi w kwestii wy\u0142onienia zespo\u0142\u00f3w do grupy mistrzowskiej oraz terminarza 2. rundy. 1. runda 22 dru\u017cyny&nbsp;zosta\u0142y podzielone na dwie grupy 11-zespo\u0142owe. Po rozegraniu mecz\u00f3w w systemie ka\u017cdy z ka\u017cdym zespo\u0142y zostan\u0105 podzieleni na dwie grupy [&hellip;]<\/p>\n","protected":false},"author":2,"featured_media":0,"parent":8666,"menu_order":0,"comment_status":"closed","ping_status":"closed","template":"","meta":{"footnotes":""},"class_list":["post-13364","page","type-page","status-publish","hentry"],"jetpack_sharing_enabled":true,"_links":{"self":[{"href":"https:\/\/ligawl.pl\/index.php\/wp-json\/wp\/v2\/pages\/13364","targetHints":{"allow":["GET"]}}],"collection":[{"href":"https:\/\/ligawl.pl\/index.php\/wp-json\/wp\/v2\/pages"}],"about":[{"href":"https:\/\/ligawl.pl\/index.php\/wp-json\/wp\/v2\/types\/page"}],"author":[{"embeddable":true,"href":"https:\/\/ligawl.pl\/index.php\/wp-json\/wp\/v2\/users\/2"}],"replies":[{"embeddable":true,"href":"https:\/\/ligawl.pl\/index.php\/wp-json\/wp\/v2\/comments?post=13364"}],"version-history":[{"count":16,"href":"https:\/\/ligawl.pl\/index.php\/wp-json\/wp\/v2\/pages\/13364\/revisions"}],"predecessor-version":[{"id":36695,"href":"https:\/\/ligawl.pl\/index.php\/wp-json\/wp\/v2\/pages\/13364\/revisions\/36695"}],"up":[{"embeddable":true,"href":"https:\/\/ligawl.pl\/index.php\/wp-json\/wp\/v2\/pages\/8666"}],"wp:attachment":[{"href":"https:\/\/ligawl.pl\/index.php\/wp-json\/wp\/v2\/media?parent=13364"}],"curies":[{"name":"wp","href":"https:\/\/api.w.org\/{rel}","templated":true}]}}