{"id":13275,"date":"2020-11-30T13:34:12","date_gmt":"2020-11-30T12:34:12","guid":{"rendered":"https:\/\/ligawl.pl\/?page_id=13275"},"modified":"2020-11-30T13:34:12","modified_gmt":"2020-11-30T12:34:12","slug":"kartki-zima-2020-21","status":"publish","type":"page","link":"https:\/\/ligawl.pl\/index.php\/2020-21\/kartki-zima-2020-21\/","title":{"rendered":"Kartki &#8211; Zima 2020\/21"},"content":{"rendered":"<div class=\"sportspress\"><h4 class=\"sp-table-caption\">\u017b\u00f3\u0142te kartki<\/h4><div class=\"sp-template sp-template-player-list\"><div class=\"sp-table-wrapper\"><table class=\"sp-player-list sp-data-table sp-sortable-table sp-responsive-table playerlist_69f520d72479e sp-scrollable-table sp-paginated-table\" data-sp-rows=\"30\"><thead><tr><th class=\"data-rank\">Ranga<\/th><th class=\"data-name\">Zawodnik<\/th><th class=\"data-team\">Klub<\/th><th class=\"data-yellowcards\"><i class=\"sp-icon-card\" title=\"\u017b\u00f3\u0142te kartki\" style=\"color:#f4d014 !important\"><\/i> <\/th><\/tr><\/thead><tbody><tr class=\"odd\"><td class=\"data-rank\" data-label=\"#\">1<\/td><td class=\"data-name\" data-label=\"Zawodnik\"><a href=\"https:\/\/ligawl.pl\/index.php\/Zawodnik\/krzysztof-adamczak\/\">Krzysztof Adamczak<\/a><\/td><td class=\"data-team\" data-label=\"Klub\"><a href=\"https:\/\/ligawl.pl\/index.php\/clubs\/prostal\/\">Prostal<\/a><\/td><td class=\"data-yellowcards\" data-label=\"\u017b\u00f3\u0142te kartki\">2<\/td><\/tr><tr class=\"even\"><td class=\"data-rank\" data-label=\"#\">2<\/td><td class=\"data-name\" data-label=\"Zawodnik\"><a href=\"https:\/\/ligawl.pl\/index.php\/Zawodnik\/krzysztof-kulczak\/\">Krzysztof Kulczak<\/a><\/td><td class=\"data-team\" data-label=\"Klub\"><a href=\"https:\/\/ligawl.pl\/index.php\/clubs\/transkrupka-pl\/\">transkrupka.pl<\/a><\/td><td class=\"data-yellowcards\" data-label=\"\u017b\u00f3\u0142te kartki\">2<\/td><\/tr><tr class=\"odd\"><td class=\"data-rank\" data-label=\"#\">3<\/td><td class=\"data-name\" data-label=\"Zawodnik\"><a href=\"https:\/\/ligawl.pl\/index.php\/Zawodnik\/krzysztof-andrzejczak\/\">Krzysztof Andrzejczak<\/a><\/td><td class=\"data-team\" data-label=\"Klub\"><a href=\"https:\/\/ligawl.pl\/index.php\/clubs\/transkrupka-pl\/\">transkrupka.pl<\/a><\/td><td class=\"data-yellowcards\" data-label=\"\u017b\u00f3\u0142te kartki\">2<\/td><\/tr><tr class=\"even\"><td class=\"data-rank\" data-label=\"#\">4<\/td><td class=\"data-name\" data-label=\"Zawodnik\"><a href=\"https:\/\/ligawl.pl\/index.php\/Zawodnik\/ryszard-andrzejewski\/\">Ryszard Andrzejewski<\/a><\/td><td class=\"data-team\" data-label=\"Klub\"><a href=\"https:\/\/ligawl.pl\/index.php\/clubs\/grant-tkaniny\/\">Grant Tkaniny <\/a><\/td><td class=\"data-yellowcards\" data-label=\"\u017b\u00f3\u0142te kartki\">1<\/td><\/tr><tr class=\"odd\"><td class=\"data-rank\" data-label=\"#\">5<\/td><td class=\"data-name\" data-label=\"Zawodnik\"><a href=\"https:\/\/ligawl.pl\/index.php\/Zawodnik\/milosz-juskowiak\/\">Mi\u0142osz Juskowiak<\/a><\/td><td class=\"data-team\" data-label=\"Klub\"><a href=\"https:\/\/ligawl.pl\/index.php\/clubs\/evertec\/\">Evertec<\/a><\/td><td class=\"data-yellowcards\" data-label=\"\u017b\u00f3\u0142te kartki\">1<\/td><\/tr><tr class=\"even\"><td class=\"data-rank\" data-label=\"#\">6<\/td><td class=\"data-name\" data-label=\"Zawodnik\"><a href=\"https:\/\/ligawl.pl\/index.php\/Zawodnik\/michal-knoppczynski\/\">Micha\u0142 Knopczy\u0144ski<\/a><\/td><td class=\"data-team\" data-label=\"Klub\"><a href=\"https:\/\/ligawl.pl\/index.php\/clubs\/evertec\/\">Evertec<\/a><\/td><td class=\"data-yellowcards\" data-label=\"\u017b\u00f3\u0142te kartki\">1<\/td><\/tr><tr class=\"odd\"><td class=\"data-rank\" data-label=\"#\">7<\/td><td class=\"data-name\" data-label=\"Zawodnik\"><a href=\"https:\/\/ligawl.pl\/index.php\/Zawodnik\/sebastian-nawrot\/\">Sebastian Nawrot<\/a><\/td><td class=\"data-team\" data-label=\"Klub\"><a href=\"https:\/\/ligawl.pl\/?post_type=page&amp;p=13275\">-<\/a><\/td><td class=\"data-yellowcards\" data-label=\"\u017b\u00f3\u0142te kartki\">1<\/td><\/tr><tr class=\"even\"><td class=\"data-rank\" data-label=\"#\">8<\/td><td class=\"data-name\" data-label=\"Zawodnik\"><a href=\"https:\/\/ligawl.pl\/index.php\/Zawodnik\/michal-niedzwiedzki\/\">Micha\u0142 Nied\u017awiedzki<\/a><\/td><td class=\"data-team\" data-label=\"Klub\"><a href=\"https:\/\/ligawl.pl\/index.php\/clubs\/diadal\/\">Diadal<\/a><\/td><td class=\"data-yellowcards\" data-label=\"\u017b\u00f3\u0142te kartki\">1<\/td><\/tr><tr class=\"odd\"><td class=\"data-rank\" data-label=\"#\">9<\/td><td class=\"data-name\" data-label=\"Zawodnik\"><a href=\"https:\/\/ligawl.pl\/index.php\/Zawodnik\/jacek-szlandrowicz\/\">Jacek Szlandrowicz<\/a><\/td><td class=\"data-team\" data-label=\"Klub\"><a href=\"https:\/\/ligawl.pl\/index.php\/clubs\/ew\/\">EW<\/a><\/td><td class=\"data-yellowcards\" data-label=\"\u017b\u00f3\u0142te kartki\">1<\/td><\/tr><tr class=\"even\"><td class=\"data-rank\" data-label=\"#\">10<\/td><td class=\"data-name\" data-label=\"Zawodnik\"><a href=\"https:\/\/ligawl.pl\/index.php\/Zawodnik\/daniel-mankiewicz\/\">Daniel Mankiewicz<\/a><\/td><td class=\"data-team\" data-label=\"Klub\"><a href=\"https:\/\/ligawl.pl\/index.php\/clubs\/chosta\/\">Ch\u0142osta<\/a><\/td><td class=\"data-yellowcards\" data-label=\"\u017b\u00f3\u0142te kartki\">1<\/td><\/tr><tr class=\"odd\"><td class=\"data-rank\" data-label=\"#\">11<\/td><td class=\"data-name\" data-label=\"Zawodnik\"><a href=\"https:\/\/ligawl.pl\/index.php\/Zawodnik\/marcin-wojtalik\/\">Marcin Wojtalik<\/a><\/td><td class=\"data-team\" data-label=\"Klub\"><a href=\"https:\/\/ligawl.pl\/index.php\/clubs\/winiary-fc\/\">Winiary FC<\/a><\/td><td class=\"data-yellowcards\" data-label=\"\u017b\u00f3\u0142te kartki\">1<\/td><\/tr><tr class=\"even\"><td class=\"data-rank\" data-label=\"#\">12<\/td><td class=\"data-name\" data-label=\"Zawodnik\"><a href=\"https:\/\/ligawl.pl\/index.php\/Zawodnik\/krzysztof-radomski\/\">Krzysztof Radomski<\/a><\/td><td class=\"data-team\" data-label=\"Klub\"><a href=\"https:\/\/ligawl.pl\/index.php\/clubs\/siupakabra\/\">Siupakabra<\/a><\/td><td class=\"data-yellowcards\" data-label=\"\u017b\u00f3\u0142te kartki\">1<\/td><\/tr><tr class=\"odd\"><td class=\"data-rank\" data-label=\"#\">13<\/td><td class=\"data-name\" data-label=\"Zawodnik\"><a href=\"https:\/\/ligawl.pl\/index.php\/Zawodnik\/damian-smolarek\/\">Damian Smolarek<\/a><\/td><td class=\"data-team\" data-label=\"Klub\"><a href=\"https:\/\/ligawl.pl\/index.php\/clubs\/fajerwerkowo-pl\/\">Hurtownia.Fajerwerkowo.pl<\/a><\/td><td class=\"data-yellowcards\" data-label=\"\u017b\u00f3\u0142te kartki\">1<\/td><\/tr><tr class=\"even\"><td class=\"data-rank\" data-label=\"#\">14<\/td><td class=\"data-name\" data-label=\"Zawodnik\"><a href=\"https:\/\/ligawl.pl\/index.php\/Zawodnik\/maciej-borski\/\">Maciej Borski<\/a><\/td><td class=\"data-team\" data-label=\"Klub\"><a href=\"https:\/\/ligawl.pl\/index.php\/clubs\/evertec\/\">Evertec<\/a><\/td><td class=\"data-yellowcards\" data-label=\"\u017b\u00f3\u0142te kartki\">1<\/td><\/tr><tr class=\"odd\"><td class=\"data-rank\" data-label=\"#\">15<\/td><td class=\"data-name\" data-label=\"Zawodnik\"><a href=\"https:\/\/ligawl.pl\/index.php\/Zawodnik\/bartosz-czechowski\/\">Bartosz Czechowski<\/a><\/td><td class=\"data-team\" data-label=\"Klub\"><a href=\"https:\/\/ligawl.pl\/index.php\/clubs\/czerwone-krwinki\/\">Krwinki<\/a><\/td><td class=\"data-yellowcards\" data-label=\"\u017b\u00f3\u0142te kartki\">1<\/td><\/tr><tr class=\"even\"><td class=\"data-rank\" data-label=\"#\">16<\/td><td class=\"data-name\" data-label=\"Zawodnik\"><a href=\"https:\/\/ligawl.pl\/index.php\/Zawodnik\/krzysztof-tomczak\/\">Krzysztof Tomczak<\/a><\/td><td class=\"data-team\" data-label=\"Klub\"><a href=\"https:\/\/ligawl.pl\/index.php\/clubs\/lubon-fc\/\">Kolib Lubo\u0144 FC<\/a><\/td><td class=\"data-yellowcards\" data-label=\"\u017b\u00f3\u0142te kartki\">1<\/td><\/tr><tr class=\"odd\"><td class=\"data-rank\" data-label=\"#\">17<\/td><td class=\"data-name\" data-label=\"Zawodnik\"><a href=\"https:\/\/ligawl.pl\/index.php\/Zawodnik\/rafa-krwczyski\/\">Rafa\u0142 Kr\u00f3wczy\u0144ski<\/a><\/td><td class=\"data-team\" data-label=\"Klub\"><a href=\"https:\/\/ligawl.pl\/index.php\/clubs\/siupakabra\/\">Siupakabra<\/a><\/td><td class=\"data-yellowcards\" data-label=\"\u017b\u00f3\u0142te kartki\">1<\/td><\/tr><tr class=\"even\"><td class=\"data-rank\" data-label=\"#\">18<\/td><td class=\"data-name\" data-label=\"Zawodnik\"><a href=\"https:\/\/ligawl.pl\/index.php\/Zawodnik\/piotr-galecki\/\">Piotr Ga\u0142\u0119cki<\/a><\/td><td class=\"data-team\" data-label=\"Klub\"><a href=\"https:\/\/ligawl.pl\/index.php\/clubs\/czerwone-krwinki\/\">Krwinki<\/a><\/td><td class=\"data-yellowcards\" data-label=\"\u017b\u00f3\u0142te kartki\">1<\/td><\/tr><tr class=\"odd\"><td class=\"data-rank\" data-label=\"#\">19<\/td><td class=\"data-name\" data-label=\"Zawodnik\"><a href=\"https:\/\/ligawl.pl\/index.php\/Zawodnik\/krzysztof-jakoktochce\/\">Krzysztof Jakoktochce<\/a><\/td><td class=\"data-team\" data-label=\"Klub\"><a href=\"https:\/\/ligawl.pl\/index.php\/clubs\/szukamy-sponsora\/\">Szukamy Sponsora<\/a><\/td><td class=\"data-yellowcards\" data-label=\"\u017b\u00f3\u0142te kartki\">1<\/td><\/tr><tr class=\"even\"><td class=\"data-rank\" data-label=\"#\">20<\/td><td class=\"data-name\" data-label=\"Zawodnik\"><a href=\"https:\/\/ligawl.pl\/index.php\/Zawodnik\/konrad-repecki\/\">Konrad Repecki<\/a><\/td><td class=\"data-team\" data-label=\"Klub\"><a href=\"https:\/\/ligawl.pl\/index.php\/clubs\/chosta\/\">Ch\u0142osta<\/a><\/td><td class=\"data-yellowcards\" data-label=\"\u017b\u00f3\u0142te kartki\">1<\/td><\/tr><tr class=\"odd\"><td class=\"data-rank\" data-label=\"#\">21<\/td><td class=\"data-name\" data-label=\"Zawodnik\"><a href=\"https:\/\/ligawl.pl\/index.php\/Zawodnik\/kacper-niezborala\/\">Kacper Niezbora\u0142a<\/a><\/td><td class=\"data-team\" data-label=\"Klub\"><a href=\"https:\/\/ligawl.pl\/index.php\/clubs\/lozanie-lubasz\/\">Lo\u017canie Lubasz<\/a><\/td><td class=\"data-yellowcards\" data-label=\"\u017b\u00f3\u0142te kartki\">1<\/td><\/tr><tr class=\"even\"><td class=\"data-rank\" data-label=\"#\">22<\/td><td class=\"data-name\" data-label=\"Zawodnik\"><a href=\"https:\/\/ligawl.pl\/index.php\/Zawodnik\/krzysztof-szczesniak\/\">Krzysztof Szcze\u015bniak<\/a><\/td><td class=\"data-team\" data-label=\"Klub\"><a href=\"https:\/\/ligawl.pl\/index.php\/clubs\/fc-hussars\/\">FC Hussars<\/a><\/td><td class=\"data-yellowcards\" data-label=\"\u017b\u00f3\u0142te kartki\">1<\/td><\/tr><tr class=\"odd\"><td class=\"data-rank\" data-label=\"#\">23<\/td><td class=\"data-name\" data-label=\"Zawodnik\"><a href=\"https:\/\/ligawl.pl\/index.php\/Zawodnik\/pawel-radzimowski\/\">Pawe\u0142 Radzimowski<\/a><\/td><td class=\"data-team\" data-label=\"Klub\"><a href=\"https:\/\/ligawl.pl\/index.php\/clubs\/obligain\/\">Obligain<\/a><\/td><td class=\"data-yellowcards\" data-label=\"\u017b\u00f3\u0142te kartki\">1<\/td><\/tr><tr class=\"even\"><td class=\"data-rank\" data-label=\"#\">24<\/td><td class=\"data-name\" data-label=\"Zawodnik\"><a href=\"https:\/\/ligawl.pl\/index.php\/Zawodnik\/mateusz-piechowski-2\/\">Mateusz Piechowski<\/a><\/td><td class=\"data-team\" data-label=\"Klub\"><a href=\"https:\/\/ligawl.pl\/index.php\/clubs\/no-name\/\">Lena Lubo\u0144<\/a><\/td><td class=\"data-yellowcards\" data-label=\"\u017b\u00f3\u0142te kartki\">1<\/td><\/tr><tr class=\"odd\"><td class=\"data-rank\" data-label=\"#\">25<\/td><td class=\"data-name\" data-label=\"Zawodnik\"><a href=\"https:\/\/ligawl.pl\/index.php\/Zawodnik\/mateusz-swider\/\">Mateusz \u015awider<\/a><\/td><td class=\"data-team\" data-label=\"Klub\"><a href=\"https:\/\/ligawl.pl\/index.php\/clubs\/magna\/\">Magna<\/a><\/td><td class=\"data-yellowcards\" data-label=\"\u017b\u00f3\u0142te kartki\">1<\/td><\/tr><tr class=\"even\"><td class=\"data-rank\" data-label=\"#\">26<\/td><td class=\"data-name\" data-label=\"Zawodnik\"><a href=\"https:\/\/ligawl.pl\/index.php\/Zawodnik\/norbert-czulinski\/\">Norbert Czuli\u0144ski<\/a><\/td><td class=\"data-team\" data-label=\"Klub\"><a href=\"https:\/\/ligawl.pl\/index.php\/clubs\/tawny-owl\/\">Tawny Owl<\/a><\/td><td class=\"data-yellowcards\" data-label=\"\u017b\u00f3\u0142te kartki\">1<\/td><\/tr><tr class=\"odd\"><td class=\"data-rank\" data-label=\"#\">27<\/td><td class=\"data-name\" data-label=\"Zawodnik\"><a href=\"https:\/\/ligawl.pl\/index.php\/Zawodnik\/krzysztof-soltysiak\/\">Krzysztof So\u0142tysiak<\/a><\/td><td class=\"data-team\" data-label=\"Klub\"><a href=\"https:\/\/ligawl.pl\/index.php\/clubs\/revengers-2\/\">Revengers<\/a><\/td><td class=\"data-yellowcards\" data-label=\"\u017b\u00f3\u0142te kartki\">1<\/td><\/tr><tr class=\"even\"><td class=\"data-rank\" data-label=\"#\">28<\/td><td class=\"data-name\" data-label=\"Zawodnik\"><a href=\"https:\/\/ligawl.pl\/index.php\/Zawodnik\/tomasz-szymkowiak\/\">Tomasz Szymkowiak<\/a><\/td><td class=\"data-team\" data-label=\"Klub\"><a href=\"https:\/\/ligawl.pl\/index.php\/clubs\/czerwone-krwinki\/\">Krwinki<\/a><\/td><td class=\"data-yellowcards\" data-label=\"\u017b\u00f3\u0142te kartki\">1<\/td><\/tr><tr class=\"odd\"><td class=\"data-rank\" data-label=\"#\">29<\/td><td class=\"data-name\" data-label=\"Zawodnik\"><a href=\"https:\/\/ligawl.pl\/index.php\/Zawodnik\/oleksandr-hordiichuk\/\">Oleksandr Hordiichuk<\/a><\/td><td class=\"data-team\" data-label=\"Klub\"><a href=\"https:\/\/ligawl.pl\/index.php\/clubs\/magna\/\">Magna<\/a><\/td><td class=\"data-yellowcards\" data-label=\"\u017b\u00f3\u0142te kartki\">1<\/td><\/tr><tr class=\"even\"><td class=\"data-rank\" data-label=\"#\">30<\/td><td class=\"data-name\" data-label=\"Zawodnik\"><a href=\"https:\/\/ligawl.pl\/index.php\/Zawodnik\/maciej-jahns\/\">Maciej Jahns<\/a><\/td><td class=\"data-team\" data-label=\"Klub\"><a href=\"https:\/\/ligawl.pl\/index.php\/clubs\/romanowski-nieruchomosci\/\">Romanowski Nieruchomo\u015bci<\/a><\/td><td class=\"data-yellowcards\" data-label=\"\u017b\u00f3\u0142te kartki\">1<\/td><\/tr><tr class=\"odd\"><td class=\"data-rank\" data-label=\"#\">31<\/td><td class=\"data-name\" data-label=\"Zawodnik\"><a href=\"https:\/\/ligawl.pl\/index.php\/Zawodnik\/szymon-zygmunt\/\">Szymon Zygmunt<\/a><\/td><td class=\"data-team\" data-label=\"Klub\"><a href=\"https:\/\/ligawl.pl\/index.php\/clubs\/stoczniowiec\/\">Lacus Stoczniowiec<\/a><\/td><td class=\"data-yellowcards\" data-label=\"\u017b\u00f3\u0142te kartki\">1<\/td><\/tr><tr class=\"even\"><td class=\"data-rank\" data-label=\"#\">32<\/td><td class=\"data-name\" data-label=\"Zawodnik\"><a href=\"https:\/\/ligawl.pl\/index.php\/Zawodnik\/mateusz-bartkowiak\/\">Mateusz Bartkowiak<\/a><\/td><td class=\"data-team\" data-label=\"Klub\"><a href=\"https:\/\/ligawl.pl\/index.php\/clubs\/ikp-olimpia\/\">IKP Olimpia<\/a><\/td><td class=\"data-yellowcards\" data-label=\"\u017b\u00f3\u0142te kartki\">1<\/td><\/tr><tr class=\"odd\"><td class=\"data-rank\" data-label=\"#\">33<\/td><td class=\"data-name\" data-label=\"Zawodnik\"><a href=\"https:\/\/ligawl.pl\/index.php\/Zawodnik\/mateusz-nadolny\/\">Mateusz Nadolny<\/a><\/td><td class=\"data-team\" data-label=\"Klub\"><a href=\"https:\/\/ligawl.pl\/index.php\/clubs\/lozanie-lubasz\/\">Lo\u017canie Lubasz<\/a><\/td><td class=\"data-yellowcards\" data-label=\"\u017b\u00f3\u0142te kartki\">1<\/td><\/tr><tr class=\"even\"><td class=\"data-rank\" data-label=\"#\">34<\/td><td class=\"data-name\" data-label=\"Zawodnik\"><a href=\"https:\/\/ligawl.pl\/index.php\/Zawodnik\/andrzej-rembalski\/\">Andrzej Rembalski<\/a><\/td><td class=\"data-team\" data-label=\"Klub\"><a href=\"https:\/\/ligawl.pl\/index.php\/clubs\/goalbusters\/\">Goalbusters<\/a><\/td><td class=\"data-yellowcards\" data-label=\"\u017b\u00f3\u0142te kartki\">1<\/td><\/tr><tr class=\"odd\"><td class=\"data-rank\" data-label=\"#\">35<\/td><td class=\"data-name\" data-label=\"Zawodnik\"><a href=\"https:\/\/ligawl.pl\/index.php\/Zawodnik\/maciej-budaj\/\">Maciej Budaj<\/a><\/td><td class=\"data-team\" data-label=\"Klub\"><a href=\"https:\/\/ligawl.pl\/index.php\/clubs\/lozanie-lubasz\/\">Lo\u017canie Lubasz<\/a><\/td><td class=\"data-yellowcards\" data-label=\"\u017b\u00f3\u0142te kartki\">1<\/td><\/tr><tr class=\"even\"><td class=\"data-rank\" data-label=\"#\">36<\/td><td class=\"data-name\" data-label=\"Zawodnik\"><a href=\"https:\/\/ligawl.pl\/index.php\/Zawodnik\/krystian-burchart\/\">Krystian Burchart<\/a><\/td><td class=\"data-team\" data-label=\"Klub\"><a href=\"https:\/\/ligawl.pl\/index.php\/clubs\/mercedes-benz-duda-cars\/\">Mercedes Benz Duda-Cars<\/a><\/td><td class=\"data-yellowcards\" data-label=\"\u017b\u00f3\u0142te kartki\">1<\/td><\/tr><tr class=\"odd\"><td class=\"data-rank\" data-label=\"#\">37<\/td><td class=\"data-name\" data-label=\"Zawodnik\"><a href=\"https:\/\/ligawl.pl\/index.php\/Zawodnik\/mikolaj-kucharski\/\">Miko\u0142aj Kucharski<\/a><\/td><td class=\"data-team\" data-label=\"Klub\"><a href=\"https:\/\/ligawl.pl\/index.php\/clubs\/revengers-2\/\">Revengers<\/a><\/td><td class=\"data-yellowcards\" data-label=\"\u017b\u00f3\u0142te kartki\">1<\/td><\/tr><tr class=\"even\"><td class=\"data-rank\" data-label=\"#\">38<\/td><td class=\"data-name\" data-label=\"Zawodnik\"><a href=\"https:\/\/ligawl.pl\/index.php\/Zawodnik\/andriy-kravchuk\/\">Andrzej Krawczuk<\/a><\/td><td class=\"data-team\" data-label=\"Klub\"><a href=\"https:\/\/ligawl.pl\/index.php\/clubs\/led-lighting-team\/\">LED Lighting Team<\/a><\/td><td class=\"data-yellowcards\" data-label=\"\u017b\u00f3\u0142te kartki\">1<\/td><\/tr><tr class=\"odd\"><td class=\"data-rank\" data-label=\"#\">39<\/td><td class=\"data-name has-photo\" data-label=\"Zawodnik\"><a href=\"https:\/\/ligawl.pl\/index.php\/Zawodnik\/mateusz-wanczyk\/\"><span class=\"player-photo\"><img loading=\"lazy\" decoding=\"async\" width=\"85\" height=\"128\" src=\"https:\/\/ligawl.pl\/wp-content\/uploads\/2020\/04\/3F575BB1-53A6-4DA4-868E-3DAB18C0A882-85x128.jpeg\" class=\"attachment-sportspress-fit-icon size-sportspress-fit-icon wp-post-image\" alt=\"\" \/><\/span>Mateusz Wa\u0144czyk<\/a><\/td><td class=\"data-team\" data-label=\"Klub\"><a href=\"https:\/\/ligawl.pl\/index.php\/clubs\/revengers-2\/\">Revengers<\/a><\/td><td class=\"data-yellowcards\" data-label=\"\u017b\u00f3\u0142te kartki\">1<\/td><\/tr><tr class=\"even\"><td class=\"data-rank\" data-label=\"#\">40<\/td><td class=\"data-name\" data-label=\"Zawodnik\"><a href=\"https:\/\/ligawl.pl\/index.php\/Zawodnik\/wojciech-pietruszynski\/\">Wojciech Pietruszy\u0144ski<\/a><\/td><td class=\"data-team\" data-label=\"Klub\"><a href=\"https:\/\/ligawl.pl\/index.php\/clubs\/ejbry-lubon\/\">Ejbry Lubo\u0144<\/a><\/td><td class=\"data-yellowcards\" data-label=\"\u017b\u00f3\u0142te kartki\">1<\/td><\/tr><tr class=\"odd\"><td class=\"data-rank\" data-label=\"#\">41<\/td><td class=\"data-name\" data-label=\"Zawodnik\"><a href=\"https:\/\/ligawl.pl\/index.php\/Zawodnik\/marcin-janicki\/\">Marcin Janicki<\/a><\/td><td class=\"data-team\" data-label=\"Klub\"><a href=\"https:\/\/ligawl.pl\/index.php\/clubs\/revengers-2\/\">Revengers<\/a><\/td><td class=\"data-yellowcards\" data-label=\"\u017b\u00f3\u0142te kartki\">1<\/td><\/tr><\/tbody><\/table><\/div><\/div><\/div>\n\n\n<div class=\"sportspress\"><h4 class=\"sp-table-caption\">Czerwone kartki<\/h4><div class=\"sp-template sp-template-player-list\"><div class=\"sp-table-wrapper\"><table class=\"sp-player-list sp-data-table sp-sortable-table sp-responsive-table playerlist_69f520d7766f5 sp-scrollable-table sp-paginated-table\" data-sp-rows=\"30\"><thead><tr><th class=\"data-rank\">Ranga<\/th><th class=\"data-name\">Zawodnik<\/th><th class=\"data-team\">Klub<\/th><th class=\"data-redcards\"><i class=\"sp-icon-card\" title=\"Czerwone kartki\" style=\"color:#d4000f !important\"><\/i> <\/th><\/tr><\/thead><tbody><tr class=\"odd\"><td class=\"data-rank\" data-label=\"#\">1<\/td><td class=\"data-name\" data-label=\"Zawodnik\"><a href=\"https:\/\/ligawl.pl\/index.php\/Zawodnik\/tomasz-wieczorek\/\">Tomasz Wieczorek<\/a><\/td><td class=\"data-team\" data-label=\"Klub\"><a href=\"https:\/\/ligawl.pl\/index.php\/clubs\/ew\/\">EW<\/a><\/td><td class=\"data-redcards\" data-label=\"Czerwone kartki\">1<\/td><\/tr><tr class=\"even\"><td class=\"data-rank\" data-label=\"#\">2<\/td><td class=\"data-name\" data-label=\"Zawodnik\"><a href=\"https:\/\/ligawl.pl\/index.php\/Zawodnik\/jaroslaw-salata\/\">Jaros\u0142aw Sa\u0142ata<\/a><\/td><td class=\"data-team\" data-label=\"Klub\"><a href=\"https:\/\/ligawl.pl\/index.php\/clubs\/farbsystem\/\">FarbSystem<\/a><\/td><td class=\"data-redcards\" data-label=\"Czerwone kartki\">1<\/td><\/tr><tr class=\"odd\"><td class=\"data-rank\" data-label=\"#\">3<\/td><td class=\"data-name\" data-label=\"Zawodnik\"><a href=\"https:\/\/ligawl.pl\/index.php\/Zawodnik\/radoslaw-ochnio\/\">Rados\u0142aw Ochnio<\/a><\/td><td class=\"data-team\" data-label=\"Klub\"><a href=\"https:\/\/ligawl.pl\/index.php\/clubs\/czerwone-krwinki\/\">Krwinki<\/a><\/td><td class=\"data-redcards\" data-label=\"Czerwone kartki\">1<\/td><\/tr><tr class=\"even\"><td class=\"data-rank\" data-label=\"#\">4<\/td><td class=\"data-name\" data-label=\"Zawodnik\"><a href=\"https:\/\/ligawl.pl\/index.php\/Zawodnik\/michal-szmyt\/\">Micha\u0142 Szmyt<\/a><\/td><td class=\"data-team\" data-label=\"Klub\"><a href=\"https:\/\/ligawl.pl\/index.php\/clubs\/hangover-fc\/\">Hangover FC<\/a><\/td><td class=\"data-redcards\" data-label=\"Czerwone kartki\">1<\/td><\/tr><tr class=\"odd\"><td class=\"data-rank\" data-label=\"#\">5<\/td><td class=\"data-name\" data-label=\"Zawodnik\"><a href=\"https:\/\/ligawl.pl\/index.php\/Zawodnik\/dariusz-kropinski\/\">Dariusz Kropi\u0144ski<\/a><\/td><td class=\"data-team\" data-label=\"Klub\"><a href=\"https:\/\/ligawl.pl\/index.php\/clubs\/farbsystem\/\">FarbSystem<\/a><\/td><td class=\"data-redcards\" data-label=\"Czerwone kartki\">1<\/td><\/tr><tr class=\"even\"><td class=\"data-rank\" data-label=\"#\">6<\/td><td class=\"data-name\" data-label=\"Zawodnik\"><a href=\"https:\/\/ligawl.pl\/index.php\/Zawodnik\/krzysztof-soltysiak\/\">Krzysztof So\u0142tysiak<\/a><\/td><td class=\"data-team\" data-label=\"Klub\"><a href=\"https:\/\/ligawl.pl\/index.php\/clubs\/revengers-2\/\">Revengers<\/a><\/td><td class=\"data-redcards\" data-label=\"Czerwone kartki\">1<\/td><\/tr><tr class=\"odd\"><td class=\"data-rank\" data-label=\"#\">7<\/td><td class=\"data-name\" data-label=\"Zawodnik\"><a href=\"https:\/\/ligawl.pl\/index.php\/Zawodnik\/janusz-starczewski\/\">Janusz Starczewski<\/a><\/td><td class=\"data-team\" data-label=\"Klub\"><a href=\"https:\/\/ligawl.pl\/index.php\/clubs\/gpcar-service\/\">GPCar Service<\/a><\/td><td class=\"data-redcards\" data-label=\"Czerwone kartki\">1<\/td><\/tr><\/tbody><\/table><\/div><\/div><\/div>\n\n\n\n<p><\/p>\n","protected":false},"excerpt":{"rendered":"","protected":false},"author":2,"featured_media":0,"parent":12627,"menu_order":0,"comment_status":"closed","ping_status":"closed","template":"template-fullwidth.php","meta":{"footnotes":""},"class_list":["post-13275","page","type-page","status-publish","hentry"],"jetpack_sharing_enabled":true,"_links":{"self":[{"href":"https:\/\/ligawl.pl\/index.php\/wp-json\/wp\/v2\/pages\/13275","targetHints":{"allow":["GET"]}}],"collection":[{"href":"https:\/\/ligawl.pl\/index.php\/wp-json\/wp\/v2\/pages"}],"about":[{"href":"https:\/\/ligawl.pl\/index.php\/wp-json\/wp\/v2\/types\/page"}],"author":[{"embeddable":true,"href":"https:\/\/ligawl.pl\/index.php\/wp-json\/wp\/v2\/users\/2"}],"replies":[{"embeddable":true,"href":"https:\/\/ligawl.pl\/index.php\/wp-json\/wp\/v2\/comments?post=13275"}],"version-history":[{"count":1,"href":"https:\/\/ligawl.pl\/index.php\/wp-json\/wp\/v2\/pages\/13275\/revisions"}],"predecessor-version":[{"id":13276,"href":"https:\/\/ligawl.pl\/index.php\/wp-json\/wp\/v2\/pages\/13275\/revisions\/13276"}],"up":[{"embeddable":true,"href":"https:\/\/ligawl.pl\/index.php\/wp-json\/wp\/v2\/pages\/12627"}],"wp:attachment":[{"href":"https:\/\/ligawl.pl\/index.php\/wp-json\/wp\/v2\/media?parent=13275"}],"curies":[{"name":"wp","href":"https:\/\/api.w.org\/{rel}","templated":true}]}}