{"id":12695,"date":"2020-10-21T20:14:39","date_gmt":"2020-10-21T18:14:39","guid":{"rendered":"https:\/\/ligawl.pl\/?page_id=12695"},"modified":"2020-11-22T21:31:15","modified_gmt":"2020-11-22T20:31:15","slug":"faza-finalowa-3-wl-ligi-j20","status":"publish","type":"page","link":"https:\/\/ligawl.pl\/index.php\/jesien-2020\/faza-finalowa-3-wl-ligi-j20\/","title":{"rendered":"Faza fina\u0142owa"},"content":{"rendered":"\n<p class=\"has-white-color has-text-color has-background has-medium-font-size\" style=\"background-color:#334492\"><strong>Mecz o 1. miejsce<\/strong><\/p>\n\n\n\n<h2 class=\"has-text-align-left wp-block-heading\"><a href=\"https:\/\/ligawl.pl\/index.php\/matches\/dentes-stomatologia-chlosta\/\">DENTES STOMATOLOGIA &#8211; CH\u0141OSTA<\/a> 1:5<\/h2>\n\n\n\n<p class=\"has-white-color has-text-color has-background has-medium-font-size\" style=\"background-color:#334492\"><strong>Mecz o 3. miejsce<\/strong><\/p>\n\n\n\n<h2 class=\"has-text-align-left wp-block-heading\"><a href=\"https:\/\/ligawl.pl\/index.php\/matches\/mecz-o-3-miejsce-w-3-wl-lidze\/\">FARBSYSTEM &#8211; MAGICZNY \u015aWIAT<\/a> 2:3<\/h2>\n\n\n\n<p class=\"has-white-color has-text-color has-background has-medium-font-size\" style=\"background-color:#334492\"><strong>Mecz o 5. miejsce<\/strong><\/p>\n\n\n\n<h2 class=\"has-text-align-left wp-block-heading\"><a href=\"https:\/\/ligawl.pl\/index.php\/matches\/3-wl-liga-mecz-o-5-miejsce\/\">ARCHIWUM X &#8211; POCZTOWE KRWINKI<\/a> 5:1 <\/h2>\n\n\n\n<p class=\"has-white-color has-text-color has-background has-medium-font-size\" style=\"background-color:#334492\"><strong>Mecz o 7. miejsce<\/strong><\/p>\n\n\n\n<h2 class=\"has-text-align-left wp-block-heading\"><a href=\"https:\/\/ligawl.pl\/index.php\/matches\/3-wl-liga-mecz-o-7-miejsce\/\">SEMPLER &#8211; IMPERIUM \u0141AZARSKIE<\/a> 3:9 <\/h2>\n\n\n\n<p class=\"has-white-color has-text-color has-background has-medium-font-size\" style=\"background-color:#334492\"><strong>Mecz o 9. miejsce<\/strong><\/p>\n\n\n\n<h2 class=\"has-text-align-left wp-block-heading\"><a href=\"https:\/\/ligawl.pl\/index.php\/matches\/3-wl-liga-mecz-o-9-miejsce\/\">KKS PO\u0141UDNIE &#8211; DIADAL<\/a> 5:0<\/h2>\n\n\n\n<p class=\"has-white-color has-text-color has-background has-medium-font-size\" style=\"background-color:#334492\"><strong>Mecz o 11. miejsce<\/strong><\/p>\n\n\n\n<h2 class=\"has-text-align-left wp-block-heading\"><a href=\"https:\/\/ligawl.pl\/index.php\/matches\/3-wl-liga-mecz-o-11-miejsce\/\">CZERWONE KRWINKI &#8211; FC ATMOSFERI\u0106<\/a> 1:2<\/h2>\n\n\n\n<p class=\"has-white-color has-text-color has-background has-medium-font-size\" style=\"background-color:#334492\"><strong>Mecz o 13. miejsce<\/strong><\/p>\n\n\n\n<h2 class=\"has-text-align-left wp-block-heading\"><a href=\"https:\/\/ligawl.pl\/index.php\/matches\/3-wl-liga-mecz-o-13-miejsce\/\">OBLIGAIN &#8211; FRESH CARGO<\/a> 3:7<\/h2>\n\n\n\n<p class=\"has-white-color has-text-color has-background has-medium-font-size\" style=\"background-color:#334492\"><strong>Mecz o 15. miejsce<\/strong><\/p>\n\n\n\n<h2 class=\"has-text-align-left wp-block-heading\"><a href=\"https:\/\/ligawl.pl\/index.php\/matches\/3-wl-liga-mecz-o-15-miejsce\/\">EJBRY LUBO\u0143 &#8211; COSMO GROUP<\/a> 5:0<\/h2>\n\n\n\n<p class=\"has-white-color has-text-color has-background has-medium-font-size\" style=\"background-color:#334492\"><strong>Mecz o 17. miejsce<\/strong><\/p>\n\n\n\n<h2 class=\"has-text-align-left wp-block-heading\"><a href=\"https:\/\/ligawl.pl\/index.php\/matches\/icpen-mistrzowie-dzedaj\/\">ICPEN &#8211; MISTRZOWIE D\u017bEDAJ<\/a> 4:0<\/h2>\n\n\n\n<p class=\"has-white-color has-text-color has-background has-medium-font-size\" style=\"background-color:#334492\"><strong>Mecz o 19. miejsce<\/strong><\/p>\n\n\n\n<h2 class=\"has-text-align-left wp-block-heading\"><a href=\"https:\/\/ligawl.pl\/index.php\/matches\/los-amarillos-szukamy-sponsora\/\">SZUKAMY SPONSORA &#8211; LOS AMARILLOS<\/a> 7:7 karne 4:3<\/h2>\n\n\n\n<p><\/p>\n","protected":false},"excerpt":{"rendered":"<p>Mecz o 1. miejsce DENTES STOMATOLOGIA &#8211; CH\u0141OSTA 1:5 Mecz o 3. miejsce FARBSYSTEM &#8211; MAGICZNY \u015aWIAT 2:3 Mecz o 5. miejsce ARCHIWUM X &#8211; POCZTOWE KRWINKI 5:1 Mecz o 7. miejsce SEMPLER &#8211; IMPERIUM \u0141AZARSKIE 3:9 Mecz o 9. miejsce KKS PO\u0141UDNIE &#8211; DIADAL 5:0 Mecz o 11. miejsce CZERWONE KRWINKI &#8211; FC ATMOSFERI\u0106 [&hellip;]<\/p>\n","protected":false},"author":2,"featured_media":0,"parent":11622,"menu_order":0,"comment_status":"closed","ping_status":"closed","template":"template-fullwidth.php","meta":{"footnotes":""},"class_list":["post-12695","page","type-page","status-publish","hentry"],"jetpack_sharing_enabled":true,"_links":{"self":[{"href":"https:\/\/ligawl.pl\/index.php\/wp-json\/wp\/v2\/pages\/12695","targetHints":{"allow":["GET"]}}],"collection":[{"href":"https:\/\/ligawl.pl\/index.php\/wp-json\/wp\/v2\/pages"}],"about":[{"href":"https:\/\/ligawl.pl\/index.php\/wp-json\/wp\/v2\/types\/page"}],"author":[{"embeddable":true,"href":"https:\/\/ligawl.pl\/index.php\/wp-json\/wp\/v2\/users\/2"}],"replies":[{"embeddable":true,"href":"https:\/\/ligawl.pl\/index.php\/wp-json\/wp\/v2\/comments?post=12695"}],"version-history":[{"count":48,"href":"https:\/\/ligawl.pl\/index.php\/wp-json\/wp\/v2\/pages\/12695\/revisions"}],"predecessor-version":[{"id":13180,"href":"https:\/\/ligawl.pl\/index.php\/wp-json\/wp\/v2\/pages\/12695\/revisions\/13180"}],"up":[{"embeddable":true,"href":"https:\/\/ligawl.pl\/index.php\/wp-json\/wp\/v2\/pages\/11622"}],"wp:attachment":[{"href":"https:\/\/ligawl.pl\/index.php\/wp-json\/wp\/v2\/media?parent=12695"}],"curies":[{"name":"wp","href":"https:\/\/api.w.org\/{rel}","templated":true}]}}