{"id":12640,"date":"2020-10-18T09:50:33","date_gmt":"2020-10-18T07:50:33","guid":{"rendered":"https:\/\/ligawl.pl\/?page_id=12640"},"modified":"2020-11-02T17:51:29","modified_gmt":"2020-11-02T16:51:29","slug":"plek-wl-liga","status":"publish","type":"page","link":"https:\/\/ligawl.pl\/index.php\/2020-21\/plek-wl-liga\/","title":{"rendered":""},"content":{"rendered":"\n<h2 class=\"wp-block-heading\">Informujemy, \u017ce od dnia 18 pa\u017adziernika rozpocz\u0119li\u015bmy przyjmowanie zapis\u00f3w na rozgrywki PLEK WL Ligi pod balonem, kt\u00f3rej start planowany jest na weekend 5\/6 grudnia br. B\u0119dzie to 31. sezon rozgrywek organizowanych przez kibic\u00f3w Lecha Pozna\u0144.&nbsp;<\/h2>\n\n\n\n<p>Zapisy potrwaj\u0105 do 15 grudnia br. lub do wyczerpania miejsc, kt\u00f3rych przewidziano&nbsp;<strong>16<\/strong>. Zg\u0142oszenia przyjmowane s\u0105 pod adresem mailowym:&nbsp;<strong>liga@wiaralecha.pl<\/strong>&nbsp;lub poprzez&nbsp;<a rel=\"noreferrer noopener\" href=\"https:\/\/ligawl.pl\/?page_id=8907\" target=\"_blank\"><strong>formularz zg\u0142oszeniowy<\/strong><\/a>.<\/p>\n\n\n\n<h2 class=\"wp-block-heading\">Gdzie gramy?&nbsp;<\/h2>\n\n\n\n<p>Rozgrywki PLEK WL Ligi prowadzone b\u0119d\u0105 na nowoczesnym obiekcie <strong>Centrum PLEK<\/strong> przy ulicy <strong>Margoni\u0144skiej 25<\/strong>, kt\u00f3ry jest wyposa\u017cony w balon pneumatyczny.<\/p>\n\n\n\n<h2 class=\"wp-block-heading\">Co zapewniamy?&nbsp;<\/h2>\n\n\n\n<ul class=\"wp-block-list\"><li>mecze w soboty lub niedziele w godzinach popo\u0142udniowo-wieczornych<\/li><li>minimum 11 ligowych i minimum 1 mecz pucharowy&nbsp;<\/li><li>czas gry \u2013 2\u00d720 minut&nbsp;<\/li><li>gramy 5+bramkarz&nbsp;<\/li><li>gramy pi\u0142kami meczowymi z atestem FIFA<\/li><li>dodatkowe rozgrywki \u2013 Superpuchar WL Ligi, Puchar WL Ligi<\/li><li>system jednorundowy&nbsp;<\/li><li>profesjonalna obs\u0142uga s\u0119dziowska i techniczna&nbsp;<\/li><li>serwis internetowy (tabele, statystyki, wyniki, klasyfikacje indywidualne) i profile&nbsp;w mediach spo\u0142eczno\u015bciowych (twitter, facebook, instagram)<\/li><li>wyniki wprowadzane na stron\u0119 po zako\u0144czeniu mecz\u00f3w<\/li><li>informacje prasowe z ka\u017cdego meczu, tekstowe zapowiedzi kolejek&nbsp;<\/li><li>fotorelacje, relacje video ze szlagierowych mecz\u00f3w&nbsp;<\/li><li>regulamin jasno okre\u015blaj\u0105cy zasady gry<\/li><li>terminarz dopasowany do potrzeb ka\u017cdej dru\u017cyn&nbsp;<\/li><li>osobisty kontakt z organizatorem podczas dnia meczowego&nbsp;<\/li><li>szatnie z natryskami<em>&nbsp;(b\u0119d\u0105 dost\u0119pne po zniesieniu stanu epidemii)<\/em><\/li><li>uroczysta gala na zako\u0144czenie sezonu z rozdaniem nagr\u00f3d i puchar\u00f3w&nbsp;<\/li><li>mo\u017cliwo\u015b\u0107 otrzymania faktury za uczestnictwo w lidze&nbsp;<\/li><li>atmosfera pi\u0142karskiego \u015bwi\u0119ta i niesamowite emocje<\/li><\/ul>\n\n\n\n<h2 class=\"wp-block-heading\">Koszty udzia\u0142u<\/h2>\n\n\n\n<p>Do 15 listopada&nbsp;wpisowe za udzia\u0142 w lidze wynosi&nbsp;<strong>1 450 PLN<\/strong>! Po tym terminie zwi\u0119ksza si\u0119 kwota, kt\u00f3r\u0105 nale\u017cy ui\u015bci\u0107:<br><br><strong>1 500 PLN<\/strong>&nbsp;\u2013 przy p\u0142atno\u015bci do 30 listopada br.<br><strong>1 550 PLN<\/strong>&nbsp;\u2013 przy p\u0142atno\u015bci po 1 grudnia br.<\/p>\n\n\n\n<p>Wszystkie podane wy\u017cej kwoty s\u0105 cenami netto. Wystawiamy faktury VAT!<\/p>\n\n\n\n<h2 class=\"wp-block-heading\">Partnerzy<\/h2>\n\n\n\n<p>Partner g\u0142\u00f3wny:&nbsp;<strong>Kibice Razem-Lech Pozna\u0144, Lech Pils, Unilink SA Ubezpieczenia<\/strong><br>Partner techniczny:&nbsp;<strong>AdRunaLine Sports<\/strong><\/p>\n\n\n\n<p>Wszystkie pytania prosimy r\u00f3wnie\u017c kierowa\u0107 pod adres mailowy:&nbsp;<strong>liga@wiaralecha.pl<\/strong>.<\/p>\n\n\n\n<h2 class=\"wp-block-heading\">ZAPRASZAMY!<\/h2>\n","protected":false},"excerpt":{"rendered":"<p>Informujemy, \u017ce od dnia 18 pa\u017adziernika rozpocz\u0119li\u015bmy przyjmowanie zapis\u00f3w na rozgrywki PLEK WL Ligi pod balonem, kt\u00f3rej start planowany jest na weekend 5\/6 grudnia br. B\u0119dzie to 31. sezon rozgrywek organizowanych przez kibic\u00f3w Lecha Pozna\u0144.&nbsp; Zapisy potrwaj\u0105 do 15 grudnia br. lub do wyczerpania miejsc, kt\u00f3rych przewidziano&nbsp;16. Zg\u0142oszenia przyjmowane s\u0105 pod adresem mailowym:&nbsp;liga@wiaralecha.pl&nbsp;lub poprzez&nbsp;formularz zg\u0142oszeniowy. [&hellip;]<\/p>\n","protected":false},"author":2,"featured_media":12638,"parent":12627,"menu_order":0,"comment_status":"closed","ping_status":"closed","template":"template-fullwidth.php","meta":{"footnotes":""},"class_list":["post-12640","page","type-page","status-publish","has-post-thumbnail","hentry"],"jetpack_sharing_enabled":true,"_links":{"self":[{"href":"https:\/\/ligawl.pl\/index.php\/wp-json\/wp\/v2\/pages\/12640","targetHints":{"allow":["GET"]}}],"collection":[{"href":"https:\/\/ligawl.pl\/index.php\/wp-json\/wp\/v2\/pages"}],"about":[{"href":"https:\/\/ligawl.pl\/index.php\/wp-json\/wp\/v2\/types\/page"}],"author":[{"embeddable":true,"href":"https:\/\/ligawl.pl\/index.php\/wp-json\/wp\/v2\/users\/2"}],"replies":[{"embeddable":true,"href":"https:\/\/ligawl.pl\/index.php\/wp-json\/wp\/v2\/comments?post=12640"}],"version-history":[{"count":5,"href":"https:\/\/ligawl.pl\/index.php\/wp-json\/wp\/v2\/pages\/12640\/revisions"}],"predecessor-version":[{"id":12821,"href":"https:\/\/ligawl.pl\/index.php\/wp-json\/wp\/v2\/pages\/12640\/revisions\/12821"}],"up":[{"embeddable":true,"href":"https:\/\/ligawl.pl\/index.php\/wp-json\/wp\/v2\/pages\/12627"}],"wp:featuredmedia":[{"embeddable":true,"href":"https:\/\/ligawl.pl\/index.php\/wp-json\/wp\/v2\/media\/12638"}],"wp:attachment":[{"href":"https:\/\/ligawl.pl\/index.php\/wp-json\/wp\/v2\/media?parent=12640"}],"curies":[{"name":"wp","href":"https:\/\/api.w.org\/{rel}","templated":true}]}}