{"id":11011,"date":"2020-07-03T23:34:59","date_gmt":"2020-07-03T21:34:59","guid":{"rendered":"https:\/\/ligawl.pl\/?page_id=11011"},"modified":"2026-02-08T12:23:22","modified_gmt":"2026-02-08T11:23:22","slug":"lista-zespolow","status":"publish","type":"page","link":"https:\/\/ligawl.pl\/index.php\/lista-zespolow\/","title":{"rendered":"Lista zespo\u0142\u00f3w"},"content":{"rendered":"\n<p>Liczba zg\u0142oszonych zespo\u0142\u00f3w: <strong>50<\/strong><\/p>\n\n\n\n<p>Liczba wolnych miejsc: <strong>0<\/strong><\/p>\n\n\n\n<h3 class=\"wp-block-heading\">1. WL LIGA<\/h3>\n\n\n\n<ol class=\"wp-block-list\">\n<li><strong>Synowie Gehenny<\/strong><\/li>\n\n\n\n<li><strong>IKP Olimpia<\/strong><\/li>\n\n\n\n<li><strong>Kaczmarek Transport<\/strong><\/li>\n\n\n\n<li><strong>Snow Storm<\/strong><\/li>\n\n\n\n<li><strong>Prostal<\/strong><\/li>\n\n\n\n<li><strong>Tornado Ognik<\/strong><\/li>\n\n\n\n<li><strong>transkrupka.pl <\/strong><\/li>\n\n\n\n<li><strong>techmarkety.pl\/Biuro Podr\u00f3\u017cy Almatur\/FC Albatros<\/strong><\/li>\n\n\n\n<li><strong>Lacus Stoczniowiec<\/strong><\/li>\n\n\n\n<li><strong>Szturmowcy <\/strong><\/li>\n<\/ol>\n\n\n\n<h3 class=\"wp-block-heading\">2. WL LIGA <\/h3>\n\n\n\n<ol class=\"wp-block-list\">\n<li><strong>techmarkety.pl\/Biuro Podr\u00f3\u017cy Almatur\/FC Albatros<\/strong><\/li>\n\n\n\n<li><strong>techmarkey.pl\/Biuro Podr\u00f3\u017cy Almatur<\/strong>\/<strong>FC Albatros<\/strong><\/li>\n\n\n\n<li><strong>FSC Braga<\/strong><\/li>\n\n\n\n<li><strong>FarbSystem<\/strong><\/li>\n\n\n\n<li><strong>FC Atmosferi\u0107<\/strong><\/li>\n\n\n\n<li><strong>Joga Bonito<\/strong><\/li>\n\n\n\n<li><strong>FTF<\/strong><\/li>\n\n\n\n<li><strong>Gietewu<\/strong><\/li>\n\n\n\n<li><strong>LED Lighting Team<\/strong><\/li>\n\n\n\n<li><strong>Jurassic Park<\/strong><\/li>\n\n\n\n<li><strong>Rhizoma FC<\/strong><\/li>\n\n\n\n<li><strong>Polibulls<\/strong><\/li>\n\n\n\n<li><strong>Ejbry Lubo\u0144<\/strong><\/li>\n\n\n\n<li><strong>Goalbusters<\/strong><\/li>\n<\/ol>\n\n\n\n<h3 class=\"wp-block-heading\">3. WL LIGA <\/h3>\n\n\n\n<ol class=\"wp-block-list\">\n<li><strong>Revengers<\/strong><\/li>\n\n\n\n<li><strong>Lobster<\/strong><\/li>\n\n\n\n<li><strong>RKS 300 Junikowo<\/strong><\/li>\n\n\n\n<li><strong>Los Amarillos<\/strong><\/li>\n\n\n\n<li><strong>Imperium \u0141azarskie<\/strong><\/li>\n\n\n\n<li><strong>PWW<\/strong><\/li>\n\n\n\n<li><strong>Koneserzy<\/strong><\/li>\n\n\n\n<li><strong>Tawny Owl<\/strong><\/li>\n\n\n\n<li><strong>Snow Storm II<\/strong><\/li>\n\n\n\n<li><strong>ICPen<\/strong><\/li>\n\n\n\n<li><strong>KS Gibon<\/strong><\/li>\n\n\n\n<li><strong>BNDZ Skoki<\/strong><\/li>\n\n\n\n<li><strong>Diadal<\/strong><\/li>\n<\/ol>\n\n\n\n<h3 class=\"wp-block-heading\">4. WL LIGA <\/h3>\n\n\n\n<ol class=\"wp-block-list\">\n<li><strong>NDW<\/strong><\/li>\n\n\n\n<li><strong>L4 United<\/strong><\/li>\n\n\n\n<li><strong>Clickbajt GP<\/strong><\/li>\n\n\n\n<li><strong>Szturmowcy II<\/strong><\/li>\n\n\n\n<li><strong>KS Junikowo<\/strong><\/li>\n\n\n\n<li><strong>Amatorzy Pi\u0105tkowo<\/strong><\/li>\n\n\n\n<li><strong>Supa Strikas<\/strong><\/li>\n\n\n\n<li><strong>Szyszka United<\/strong><\/li>\n\n\n\n<li><strong>Czarne Pantery<\/strong><\/li>\n\n\n\n<li><strong>NKS<\/strong><\/li>\n\n\n\n<li><strong>MS Garage<\/strong><\/li>\n\n\n\n<li><strong>Wisconsin Reunion<\/strong><\/li>\n\n\n\n<li><strong>Sahur FC<\/strong><\/li>\n<\/ol>\n","protected":false},"excerpt":{"rendered":"<p>Liczba zg\u0142oszonych zespo\u0142\u00f3w: 50 Liczba wolnych miejsc: 0 1. WL LIGA 2. WL LIGA 3. WL LIGA 4. WL LIGA<\/p>\n","protected":false},"author":2,"featured_media":0,"parent":0,"menu_order":0,"comment_status":"closed","ping_status":"closed","template":"template-fullwidth.php","meta":{"footnotes":""},"class_list":["post-11011","page","type-page","status-publish","hentry"],"jetpack_sharing_enabled":true,"_links":{"self":[{"href":"https:\/\/ligawl.pl\/index.php\/wp-json\/wp\/v2\/pages\/11011","targetHints":{"allow":["GET"]}}],"collection":[{"href":"https:\/\/ligawl.pl\/index.php\/wp-json\/wp\/v2\/pages"}],"about":[{"href":"https:\/\/ligawl.pl\/index.php\/wp-json\/wp\/v2\/types\/page"}],"author":[{"embeddable":true,"href":"https:\/\/ligawl.pl\/index.php\/wp-json\/wp\/v2\/users\/2"}],"replies":[{"embeddable":true,"href":"https:\/\/ligawl.pl\/index.php\/wp-json\/wp\/v2\/comments?post=11011"}],"version-history":[{"count":449,"href":"https:\/\/ligawl.pl\/index.php\/wp-json\/wp\/v2\/pages\/11011\/revisions"}],"predecessor-version":[{"id":36987,"href":"https:\/\/ligawl.pl\/index.php\/wp-json\/wp\/v2\/pages\/11011\/revisions\/36987"}],"wp:attachment":[{"href":"https:\/\/ligawl.pl\/index.php\/wp-json\/wp\/v2\/media?parent=11011"}],"curies":[{"name":"wp","href":"https:\/\/api.w.org\/{rel}","templated":true}]}}